{"id":183,"date":"2023-01-20T11:52:23","date_gmt":"2023-01-20T10:52:23","guid":{"rendered":"https:\/\/www.zumgoldenenschnitt.ch\/?page_id=183"},"modified":"2026-02-26T14:07:02","modified_gmt":"2026-02-26T13:07:02","slug":"doppelkinn-entfernen","status":"publish","type":"page","link":"https:\/\/www.zumgoldenenschnitt.ch\/it\/offerta\/viso\/rimozione-del-doppio-mento\/","title":{"rendered":"Eliminare il doppio mento"},"content":{"rendered":"<p>Nel caso di un fastidioso doppio mento, il tessuto adiposo sottocutaneo pu\u00f2 essere ridotto con una liposuzione in anestesia locale. L'obiettivo di questo intervento \u00e8 ottenere una linea chiara della mascella inferiore e un angolo mento-collo definito.<\/p>\n\t\t\t\t<img loading=\"lazy\" decoding=\"async\" src=\"https:\/\/www.zumgoldenenschnitt.ch\/wp-content\/uploads\/2023\/01\/1-doppelkinn-entfernen-infos.svg\" alt=\"1 rimuovere il doppio mento info\" itemprop=\"image\" height=\"1000\" width=\"1000\" title=\"1-doppio-chin-rimuovi-info\" onerror=\"this.style.display='none'\">\n\t\t\t\t<img loading=\"lazy\" decoding=\"async\" src=\"https:\/\/www.zumgoldenenschnitt.ch\/wp-content\/uploads\/2023\/01\/doppelkinn-entfernen-basel.jpg\" alt=\"rimozione del doppio mento basel\" itemprop=\"image\" height=\"1000\" width=\"1000\" title=\"rimozione del doppio mento - Basilea\" onerror=\"this.style.display='none'\">\n\t<h2>La consultazione<\/h2>\n<p>Nel corso di una prima consultazione dettagliata, il Dr. L\u00fcdi si prender\u00e0 il tempo necessario per rispondere alle vostre preoccupazioni, analizzer\u00e0 insieme a voi i risultati e vi consiglier\u00e0 le opzioni di trattamento. Il Dr. L\u00fcdi vi spiegher\u00e0 anche la tecnica chirurgica e l'incisione esatta con l'aiuto di immagini e disegni e discuter\u00e0 con voi la cura successiva e i possibili rischi e complicazioni. Per noi \u00e8 molto importante che siate ben informati sull'intervento, che tutte le domande aperte trovino risposta e che si tenga conto dei vostri desideri.<\/p>\n<h2>Il giorno dell'intervento<\/h2>\n<p>Il giorno dell'intervento, il Dr. L\u00fcdi prepara una documentazione fotografica prima della procedura e disegna le aree esatte del mento da aspirare. Verrete quindi preparati per l'intervento imminente e accompagnati in sala operatoria.<\/p>\n<h2>L'operazione<\/h2>\n<p>La correzione del doppio mento pu\u00f2 essere eseguita in regime ambulatoriale in anestesia locale o in sonno crepuscolare nella sala operatoria della nostra clinica a Basilea. All'inizio dell'intervento, la cosiddetta soluzione tumescente (contenente, tra l'altro, anestetico locale e adrenalina) viene iniettata nel tessuto adiposo. La soluzione tumescente ha un effetto anestetico e vasocostrittore e scioglie le cellule adipose. Dopo un tempo di reazione di circa 20 minuti, le cellule di grasso in eccesso nella zona del mento vengono delicatamente aspirate con una sottile cannula di aspirazione. Le incisioni sono lunghe solo pochi millimetri e di solito sono nascoste dietro il lobo dell'orecchio. Al termine dell'intervento viene applicato un bendaggio compressivo.<\/p>\n<h2>Subito dopo l'intervento<\/h2>\n<p>Dopo l'intervento, potrete riprendervi nelle nostre bellissime stanze di degenza con vista sul Reno e sarete assistiti dal nostro team. Dopo un'altra visita del Dr. L\u00fcdi, potrete essere prelevati da un accompagnatore e tornare a casa il giorno stesso.<\/p>\n<h2>La cura successiva<\/h2>\n<ul>\n<li>Dopo l'intervento \u00e8 necessario indossare un bendaggio compressivo per almeno 1 settimana. Idealmente, questo bendaggio compressivo dovrebbe essere indossato solo di notte per altre 3 settimane.<\/li>\n<li>Si consiglia un periodo di riposo di 4 settimane per favorire un processo di guarigione ottimale. In questo periodo \u00e8 bene astenersi dal praticare sport.<\/li>\n<li>L'intensit\u00e0 del dolore dopo l'intervento \u00e8 generalmente moderata e ben controllabile con i comuni antidolorifici.<\/li>\n<li>La cura della cicatrice pu\u00f2 essere iniziata a partire da 3 settimane dopo l'intervento.<\/li>\n<\/ul>\n<h2>Rischi e complicazioni<\/h2>\n<p>La correzione del doppio mento \u00e8 una procedura minimamente invasiva e le complicazioni sono molto rare. Vi sono i rischi chirurgici generali (ad esempio ematoma, problemi di guarigione della ferita, infezione). Dopo l'intervento sono attesi lividi e gonfiori locali, che per\u00f2 guariscono in tempi relativamente brevi. Anche una leggera sensazione di intorpidimento scomparir\u00e0 nelle prime settimane. Le piccole cicatrici sono di solito appena visibili dopo la maturazione e vengono nascoste dietro il lobo dell'orecchio.<\/p>\n<h2>Costi<\/h2>\n<p>I costi di una correzione del doppio mento dipendono dai desideri del paziente, dal tipo e dall'entit\u00e0 dell'intervento, dal tipo di anestesia e dai materiali necessari. Durante la consultazione, il Dr. L\u00fcdi elaborer\u00e0 un trattamento su misura per le vostre esigenze personali e vi fornir\u00e0 un preventivo di spesa individuale.<\/p>\n<h2>Domande frequenti<\/h2>\n\t\t\t\t\t\t\t\t\t\t<h3 tabindex=\"0\">La rimozione del doppio mento \u00e8 dolorosa?<\/h3>\n\t\t\t\t\t<p>Dopo l'intervento, le aree trattate sono gonfie e leggermente dolenti. Tuttavia, il dolore \u00e8 sopportabile e pu\u00f2 essere ben controllato con i comuni antidolorifici.<\/p>\n\t\t\t\t\t\t\t\t\t\t<h3 tabindex=\"0\">Quando sar\u00f2 di nuovo socialmente accettabile dopo la correzione del doppio mento?<\/h3>\n\t\t\t\t\t<p>Dopo la guarigione dell'ematoma e la riduzione del gonfiore nella zona del mento, sar\u00e0 possibile tornare a socializzare dopo circa 10-14 giorni. Nella prima settimana dopo l'intervento \u00e8 necessario indossare un bendaggio compressivo di giorno e di notte, poi per altre 3 settimane solo di notte.<\/p>\n\t\t\t\t\t\t\t\t\t\t<h3 tabindex=\"0\">Per quanto tempo non posso lavorare dopo la rimozione del doppio mento?<\/h3>\n\t\t\t\t\t<p>Dopo una correzione del doppio mento, di solito non si hanno limitazioni significative nelle attivit\u00e0 quotidiane e si pu\u00f2 tornare rapidamente a lavorare nello studio di casa. Non appena avrete recuperato la forma fisica e il gonfiore e gli eventuali ematomi saranno guariti, potrete tornare al lavoro (dopo circa 10-14 giorni).<\/p>\n\t\t\t\t\t\t\t\t\t\t<h3 tabindex=\"0\">La correzione del doppio mento \u00e8 permanente?<\/h3>\n\t\t\t\t\t<p>Una volta effettuata la liposuzione, le cellule di grasso vengono rimosse in modo permanente e non si rigenerano. Se il vostro peso \u00e8 stabile, potete quindi aspettarvi un risultato permanente. In caso di forte aumento di peso, tuttavia, pu\u00f2 verificarsi un aumento di volume delle cellule adipose residue anche nelle aree trattate.<\/p>\n\t\t\t\t\t\t\t\t\t\t<h3 tabindex=\"0\">La correzione del doppio mento lascia cicatrici visibili?<\/h3>\n\t\t\t\t\t<p>Le cicatrici pi\u00f9 piccole nell'area delle incisioni rimangono, ma di solito sono quasi invisibili e nella maggior parte dei casi sono nascoste dietro i lobi delle orecchie.<\/p>\n\t\t\t\t\t\t\t\t\t\t<h3 tabindex=\"0\">Quali sono i costi della chirurgia del doppio mento in Svizzera?<\/h3>\n\t\t\t\t\t<p>I costi per la rimozione del doppio mento dipendono, tra l'altro, dal tipo di intervento e dalla durata. Saremo lieti di fornirvi un preventivo personalizzato durante la consultazione.<\/p>\n\tLa dottoressa Simona L\u00fcdi sar\u00e0 lieta di accogliervi per una consulenza personale presso la nostra clinica di Basilea.<br>\nNon vediamo l'ora di vedervi.\n\t\t\t<a href=\"https:\/\/booking.epat.ch\/goldenschnitt\/booking\" target=\"_blank\" rel=\"noopener\" role=\"button\" aria-label=\"Prenota un appuntamento di consultazione\">\n\t\t\t\t\t\t\tPrenota un appuntamento di consultazione\n\t\t<\/a>","protected":false},"excerpt":{"rendered":"<p>Nel caso di un fastidioso doppio mento, il tessuto adiposo sottocutaneo pu\u00f2 essere ridotto con una liposuzione in anestesia locale. L'obiettivo di questo intervento \u00e8 quello di ottenere una mascella inferiore chiara e un angolo mento-collo definito. Il consulto Nel corso di un primo colloquio dettagliato, il dottor L\u00fcdi si prende il tempo necessario per rispondere alle vostre preoccupazioni, analizza insieme a voi i risultati e vi consiglia [...]<\/p>","protected":false},"author":6,"featured_media":0,"parent":164,"menu_order":0,"comment_status":"closed","ping_status":"closed","template":"","meta":{"_seopress_robots_primary_cat":"","_seopress_titles_title":"Operative Doppelkinn Entfernung | Dr. Simona L\u00fcdi | Basel","_seopress_titles_desc":"Definiertes Kinn & gestraffte Konturen. Frau Dr. Simona L\u00fcdi ber\u00e4t Sie gerne bez\u00fcglich Entfernung des Doppelkinns in ihrer Klinik Zum Goldenen Schnitt in Basel.","_seopress_robots_index":"","inline_featured_image":false,"site-sidebar-layout":"default","site-content-layout":"","ast-site-content-layout":"default","site-content-style":"default","site-sidebar-style":"default","ast-global-header-display":"","ast-banner-title-visibility":"","ast-main-header-display":"","ast-hfb-above-header-display":"","ast-hfb-below-header-display":"","ast-hfb-mobile-header-display":"","site-post-title":"","ast-breadcrumbs-content":"","ast-featured-img":"","footer-sml-layout":"","theme-transparent-header-meta":"","adv-header-id-meta":"","stick-header-meta":"","header-above-stick-meta":"","header-main-stick-meta":"","header-below-stick-meta":"","astra-migrate-meta-layouts":"set","ast-page-background-enabled":"default","ast-page-background-meta":{"desktop":{"background-color":"var(--ast-global-color-4)","background-image":"","background-repeat":"repeat","background-position":"center center","background-size":"auto","background-attachment":"scroll","background-type":"","background-media":"","overlay-type":"","overlay-color":"","overlay-opacity":"","overlay-gradient":""},"tablet":{"background-color":"","background-image":"","background-repeat":"repeat","background-position":"center center","background-size":"auto","background-attachment":"scroll","background-type":"","background-media":"","overlay-type":"","overlay-color":"","overlay-opacity":"","overlay-gradient":""},"mobile":{"background-color":"","background-image":"","background-repeat":"repeat","background-position":"center center","background-size":"auto","background-attachment":"scroll","background-type":"","background-media":"","overlay-type":"","overlay-color":"","overlay-opacity":"","overlay-gradient":""}},"ast-content-background-meta":{"desktop":{"background-color":"var(--ast-global-color-5)","background-image":"","background-repeat":"repeat","background-position":"center center","background-size":"auto","background-attachment":"scroll","background-type":"","background-media":"","overlay-type":"","overlay-color":"","overlay-opacity":"","overlay-gradient":""},"tablet":{"background-color":"var(--ast-global-color-5)","background-image":"","background-repeat":"repeat","background-position":"center center","background-size":"auto","background-attachment":"scroll","background-type":"","background-media":"","overlay-type":"","overlay-color":"","overlay-opacity":"","overlay-gradient":""},"mobile":{"background-color":"var(--ast-global-color-5)","background-image":"","background-repeat":"repeat","background-position":"center center","background-size":"auto","background-attachment":"scroll","background-type":"","background-media":"","overlay-type":"","overlay-color":"","overlay-opacity":"","overlay-gradient":""}},"footnotes":""},"class_list":["post-183","page","type-page","status-publish"],"_links":{"self":[{"href":"https:\/\/www.zumgoldenenschnitt.ch\/it\/wp-json\/wp\/v2\/pages\/183","targetHints":{"allow":["GET"]}}],"collection":[{"href":"https:\/\/www.zumgoldenenschnitt.ch\/it\/wp-json\/wp\/v2\/pages"}],"about":[{"href":"https:\/\/www.zumgoldenenschnitt.ch\/it\/wp-json\/wp\/v2\/types\/page"}],"author":[{"embeddable":true,"href":"https:\/\/www.zumgoldenenschnitt.ch\/it\/wp-json\/wp\/v2\/users\/6"}],"replies":[{"embeddable":true,"href":"https:\/\/www.zumgoldenenschnitt.ch\/it\/wp-json\/wp\/v2\/comments?post=183"}],"version-history":[{"count":35,"href":"https:\/\/www.zumgoldenenschnitt.ch\/it\/wp-json\/wp\/v2\/pages\/183\/revisions"}],"predecessor-version":[{"id":2279,"href":"https:\/\/www.zumgoldenenschnitt.ch\/it\/wp-json\/wp\/v2\/pages\/183\/revisions\/2279"}],"up":[{"embeddable":true,"href":"https:\/\/www.zumgoldenenschnitt.ch\/it\/wp-json\/wp\/v2\/pages\/164"}],"wp:attachment":[{"href":"https:\/\/www.zumgoldenenschnitt.ch\/it\/wp-json\/wp\/v2\/media?parent=183"}],"curies":[{"name":"wp","href":"https:\/\/api.w.org\/{rel}","templated":true}]}}