{"id":2058,"date":"2025-06-01T18:19:40","date_gmt":"2025-06-01T16:19:40","guid":{"rendered":"https:\/\/www.zumgoldenenschnitt.ch\/?page_id=2058"},"modified":"2026-02-26T13:58:47","modified_gmt":"2026-02-26T12:58:47","slug":"behandlung-zahneknirschen-bruxismus-masseter","status":"publish","type":"page","link":"https:\/\/www.zumgoldenenschnitt.ch\/it\/offerta\/botulino-ialurone\/trattamento-del-bruxismo-massetere\/","title":{"rendered":"Botox | Botulino per il trattamento del digrignamento dei denti | Bruxismo | Massetere"},"content":{"rendered":"<p>Il digrignamento dei denti, noto anche come bruxismo, si verifica soprattutto di notte o in situazioni di stress e comporta un intenso digrignamento dei denti nella mascella superiore e inferiore. Se non viene trattato, il bruxismo pu\u00f2 provocare a lungo termine gravi danni ai denti (ad esempio, denti sensibili, usura dei denti, rottura dei denti), problemi nella zona della mandibola, nonch\u00e9 mal di testa, tensione nella zona della mandibola, del collo e delle spalle e disturbi del sonno. \u00c8 quindi importante riconoscere precocemente questo fenomeno e trattarlo se necessario.<\/p>\n\t\t\t\t<img loading=\"lazy\" decoding=\"async\" src=\"https:\/\/www.zumgoldenenschnitt.ch\/wp-content\/uploads\/2023\/01\/7-botulinum-info-it.svg\" alt=\"7 info sul botulino\" itemprop=\"image\" height=\"1000\" width=\"1000\" title=\"7-botulino-infos\" onerror=\"this.style.display='none'\"  \/>\n\t\t\t\t<img loading=\"lazy\" decoding=\"async\" src=\"https:\/\/www.zumgoldenenschnitt.ch\/wp-content\/uploads\/2023\/09\/journal-faltenbehandlung-hyaluronsaeure.jpg\" alt=\"giornale trattamento delle rughe acido ialuronico\" itemprop=\"image\" height=\"1000\" width=\"1000\" title=\"Giornale Trattamento delle rughe Acido ialuronico\" onerror=\"this.style.display='none'\"  \/>\n\t<p>Un metodo di trattamento efficace per il bruxismo \u00e8 l'uso della tossina botulinica. La tossina botulinica ha un effetto rilassante sui muscoli. Nel trattamento del digrignamento dei denti, la tossina botulinica viene iniettata nel muscolo masticatore in punti specifici su entrambi i lati della guancia. Ci\u00f2 porta al rilassamento del muscolo masticatore (massetere) senza che questo si allenti completamente. La masticazione e l'alimentazione rimangono possibili senza problemi, ma si impedisce il digrignamento incontrollato e il forte serramento dei denti. Molti pazienti riferiscono un rapido sollievo dal dolore gi\u00e0 dopo il primo trattamento. Inoltre, il trattamento con tossina botulinica per il bruxismo contribuisce in modo significativo a migliorare la qualit\u00e0 della vita, in quanto il mal di testa e la tensione si riducono notevolmente.<\/p>\n<h2>Vantaggi della tossina botulinica per il digrignamento dei denti<\/h2>\n<p>L'applicazione della tossina botulinica nel muscolo masticatorio offre una serie di vantaggi ai pazienti che soffrono di bruxismo:<\/p>\n<ul>\n<li>Soluzione non invasiva<\/li>\n<li>Rilassamento mirato dei muscoli masticatori iperattivi (massetere)<\/li>\n<li>Risultati rapidi<\/li>\n<li>Migliorare la qualit\u00e0 del sonno<\/li>\n<li>Nessun tempo di inattivit\u00e0 dopo il trattamento<\/li>\n<li>Ben tollerato da molti pazienti<\/li>\n<li>Alto tasso di successo e soddisfazione del paziente:<\/li>\n<\/ul>\n<h2>Procedura per il trattamento del bruxismo con Botox<\/h2>\n<ol>\n<li>Consulenza personale ed esame del muscolo massetere<\/li>\n<li>Marcatura delle iniezioni nell'area della guancia in base alle esigenze individuali<\/li>\n<li>Trattamento: l'iniezione di Botox nel muscolo massetere \u00e8 rapida e semplice e richiede solo pochi minuti. La tossina botulinica viene iniettata direttamente nel muscolo massetere con un ago molto sottile. La maggior parte dei pazienti trova l'iniezione indolore o al massimo avverte una leggera sensazione di bruciore.<\/li>\n<li>Attesa dell'effetto: l'effetto del Botox si manifesta lentamente dopo 3-4 giorni e di solito occorrono 10-12 giorni per ottenere un effetto completo. Da quel momento in poi si dovrebbe notare un miglioramento dei sintomi. Per evitare effetti collaterali indesiderati, si consiglia di evitare sport, sauna e massaggi intensivi del viso per due giorni dopo il trattamento.<\/li>\n<\/ol>\n<h2>Esperienza con il Botox contro il digrignamento dei denti<\/h2>\n<p>I pazienti che sono stati trattati con la tossina botulinica per il bruxismo riportano prevalentemente esperienze positive. Spesso si osserva una notevole riduzione del digrignamento dei denti e un significativo sollievo dal mal di testa e dal dolore alla mandibola.<\/p>\n<h2>Costi del botox per il bruxismo<\/h2>\n<p>Il costo del Botox\u00ae nel muscolo masticatore \/ per il digrignamento dei denti parte da CHF 450 per trattamento.<\/p>\n<h2>Domande frequenti<\/h2>\n\t\t\t\t\t\t\t\t\t\t<h3 tabindex=\"0\">Cosa si pu\u00f2 fare contro il digrignamento dei denti \/ bruxismo?<\/h3>\n\t\t\t\t\t<p>Il trattamento con Botox \/ botulino \u00e8 un'opzione terapeutica per il digrignamento dei denti. Il muscolo masticatore (massetere) viene rilassato con il botulino. Di conseguenza, il muscolo massetere diventa meno forte, si rilassa e il dolore e la tensione nella zona della mandibola e il digrignamento dei denti diminuiscono.<\/p>\n\t\t\t\t\t\t\t\t\t\t<h3 tabindex=\"0\">Quanto dura l'effetto del trattamento del bruxismo con il botulino?<\/h3>\n\t\t\t\t\t<p>La durata dell'effetto varia da persona a persona, ma generalmente dura circa 3 mesi. Dopo diversi trattamenti, si pu\u00f2 talvolta osservare una durata maggiore dell'effetto.<\/p>\n\t\t\t\t\t\t\t\t\t\t<h3 tabindex=\"0\">Il trattamento del bruxismo con il botulino pu\u00f2 essere ripetuto?<\/h3>\n\t\t\t\t\t<p>S\u00ec, \u00e8 opportuno ripetere il trattamento dopo 3-4 mesi. Dopo le prime iniezioni regolari, il trattamento pu\u00f2 essere ridotto, se necessario, o gli intervalli tra i trattamenti possono essere prolungati.<\/p>\n\t\t\t\t\t\t\t\t\t\t<h3 tabindex=\"0\">Cosa bisogna considerare dopo il trattamento del bruxismo con il botulino?<\/h3>\n\t\t\t\t\t<p>Per un risultato ottimale, \u00e8 necessario evitare sport e sauna per 2 giorni dopo il trattamento botulinico.<\/p>\n\t\t\t\t\t\t\t\t\t\t<h3 tabindex=\"0\">Posso mangiare e bere normalmente dopo il botox nel muscolo masticatore?<\/h3>\n\t\t\t\t\t<p>Dopo il trattamento con tossina botulinica per il digrignamento dei denti (bruxismo), la masticazione e il consumo di cibo rimangono possibili senza problemi e si possono riprendere immediatamente le abitudini alimentari e di consumo. Tuttavia, si consiglia di astenersi dal masticare gomme per non \"allenare\" e rafforzare inutilmente il massetere.<\/p>\n\t\t\t\t\t\t\t\t\t\t<h3 tabindex=\"0\">Quanto dura l'effetto del Botox nel muscolo della mascella?<\/h3>\n\t\t\t\t\t<p>La durata dell'effetto del Botox\u00ae nel muscolo mascellare pu\u00f2 variare da persona a persona e dipende, tra l'altro, dal metabolismo, dalla forza muscolare e dalla dose somministrata. Di norma, l'effetto di rilassamento muscolare dura circa tre o quattro mesi. Durante questa fase, il muscolo masticatore responsabile del digrignamento dei denti si rilassa, il che spesso porta a una significativa riduzione o addirittura alla completa cessazione del digrignamento. Dopo questo periodo, pu\u00f2 essere necessaria una nuova iniezione per mantenere l'effetto a lungo termine.<\/p>\n\t\t\t\t\t\t\t\t\t\t<h3 tabindex=\"0\">Il trattamento del massetere con il Botox \u00e8 doloroso?<\/h3>\n\t\t\t\t\t<p>No, vengono utilizzati gli aghi pi\u00f9 sottili e la maggior parte dei pazienti trova le iniezioni indolori o al massimo avverte una leggera sensazione di bruciore.<\/p>\n\t<p>La dottoressa Simona L\u00fcdi sar\u00e0 lieta di accogliervi per una consultazione personale presso la nostra clinica di Basilea. Non vediamo l'ora di vedervi.<\/p>\n\t\t\t<a href=\"https:\/\/booking.epat.ch\/goldenschnitt\/booking\" title=\"Clicca qui\" target=\"_blank\" rel=\"noopener\"  role=\"button\" aria-label=\"Prenota un appuntamento di consultazione\">\n\t\t\t\t\t\t\tPrenota un appuntamento di consultazione\n\t\t<\/a>","protected":false},"excerpt":{"rendered":"<p>Il digrignamento dei denti, noto anche come bruxismo, si verifica soprattutto di notte o in situazioni di stress e comporta un intenso digrignamento dei denti nella mascella superiore e inferiore. Se il bruxismo non viene trattato, a lungo termine pu\u00f2 causare gravi danni ai denti (ad esempio denti sensibili, usura dei denti, rottura dei denti), problemi nella zona della mascella, nonch\u00e9 mal di testa, tensione alla mascella, al collo e [...].<\/p>","protected":false},"author":4,"featured_media":0,"parent":544,"menu_order":0,"comment_status":"closed","ping_status":"closed","template":"","meta":{"_seopress_robots_primary_cat":"","_seopress_titles_title":"Botox | Botulinum zur Behandlung von Z\u00e4hneknirschen | Bruxismus | Dr. Simona L\u00fcdi | Basel","_seopress_titles_desc":"Botox \/ Botulinum gegen Z\u00e4hneknirschen\/Brusixmus - effektive Behandlung bei \u00fcberm\u00e4ssig kr\u00e4ftigem Kaumuskel (Masseter). Wir beraten Sie gerne in unserer Klinik in Basel.","_seopress_robots_index":"","inline_featured_image":false,"site-sidebar-layout":"default","site-content-layout":"","ast-site-content-layout":"default","site-content-style":"default","site-sidebar-style":"default","ast-global-header-display":"","ast-banner-title-visibility":"","ast-main-header-display":"","ast-hfb-above-header-display":"","ast-hfb-below-header-display":"","ast-hfb-mobile-header-display":"","site-post-title":"","ast-breadcrumbs-content":"","ast-featured-img":"","footer-sml-layout":"","theme-transparent-header-meta":"","adv-header-id-meta":"","stick-header-meta":"","header-above-stick-meta":"","header-main-stick-meta":"","header-below-stick-meta":"","astra-migrate-meta-layouts":"set","ast-page-background-enabled":"default","ast-page-background-meta":{"desktop":{"background-color":"var(--ast-global-color-4)","background-image":"","background-repeat":"repeat","background-position":"center center","background-size":"auto","background-attachment":"scroll","background-type":"","background-media":"","overlay-type":"","overlay-color":"","overlay-opacity":"","overlay-gradient":""},"tablet":{"background-color":"","background-image":"","background-repeat":"repeat","background-position":"center center","background-size":"auto","background-attachment":"scroll","background-type":"","background-media":"","overlay-type":"","overlay-color":"","overlay-opacity":"","overlay-gradient":""},"mobile":{"background-color":"","background-image":"","background-repeat":"repeat","background-position":"center center","background-size":"auto","background-attachment":"scroll","background-type":"","background-media":"","overlay-type":"","overlay-color":"","overlay-opacity":"","overlay-gradient":""}},"ast-content-background-meta":{"desktop":{"background-color":"var(--ast-global-color-5)","background-image":"","background-repeat":"repeat","background-position":"center center","background-size":"auto","background-attachment":"scroll","background-type":"","background-media":"","overlay-type":"","overlay-color":"","overlay-opacity":"","overlay-gradient":""},"tablet":{"background-color":"var(--ast-global-color-5)","background-image":"","background-repeat":"repeat","background-position":"center center","background-size":"auto","background-attachment":"scroll","background-type":"","background-media":"","overlay-type":"","overlay-color":"","overlay-opacity":"","overlay-gradient":""},"mobile":{"background-color":"var(--ast-global-color-5)","background-image":"","background-repeat":"repeat","background-position":"center center","background-size":"auto","background-attachment":"scroll","background-type":"","background-media":"","overlay-type":"","overlay-color":"","overlay-opacity":"","overlay-gradient":""}},"footnotes":""},"class_list":["post-2058","page","type-page","status-publish"],"_links":{"self":[{"href":"https:\/\/www.zumgoldenenschnitt.ch\/it\/wp-json\/wp\/v2\/pages\/2058","targetHints":{"allow":["GET"]}}],"collection":[{"href":"https:\/\/www.zumgoldenenschnitt.ch\/it\/wp-json\/wp\/v2\/pages"}],"about":[{"href":"https:\/\/www.zumgoldenenschnitt.ch\/it\/wp-json\/wp\/v2\/types\/page"}],"author":[{"embeddable":true,"href":"https:\/\/www.zumgoldenenschnitt.ch\/it\/wp-json\/wp\/v2\/users\/4"}],"replies":[{"embeddable":true,"href":"https:\/\/www.zumgoldenenschnitt.ch\/it\/wp-json\/wp\/v2\/comments?post=2058"}],"version-history":[{"count":4,"href":"https:\/\/www.zumgoldenenschnitt.ch\/it\/wp-json\/wp\/v2\/pages\/2058\/revisions"}],"predecessor-version":[{"id":2142,"href":"https:\/\/www.zumgoldenenschnitt.ch\/it\/wp-json\/wp\/v2\/pages\/2058\/revisions\/2142"}],"up":[{"embeddable":true,"href":"https:\/\/www.zumgoldenenschnitt.ch\/it\/wp-json\/wp\/v2\/pages\/544"}],"wp:attachment":[{"href":"https:\/\/www.zumgoldenenschnitt.ch\/it\/wp-json\/wp\/v2\/media?parent=2058"}],"curies":[{"name":"wp","href":"https:\/\/api.w.org\/{rel}","templated":true}]}}