{"id":2062,"date":"2025-06-01T18:18:20","date_gmt":"2025-06-01T16:18:20","guid":{"rendered":"https:\/\/www.zumgoldenenschnitt.ch\/?page_id=2062"},"modified":"2026-02-26T13:58:32","modified_gmt":"2026-02-26T12:58:32","slug":"botox-migraene","status":"publish","type":"page","link":"https:\/\/www.zumgoldenenschnitt.ch\/it\/offerta\/botulino-ialurone\/botox-emicrania\/","title":{"rendered":"Botox | Botulino per l'emicrania"},"content":{"rendered":"<p>Soffrite di emicranie croniche e forti mal di testa? Il trattamento con Botox (tossina botulinica) si \u00e8 affermato come un metodo efficace per dare sollievo a chi soffre di emicrania. Originariamente sviluppato per il trattamento dei muscoli spastici, il Botox pu\u00f2 ora essere una valida aggiunta alla terapia dell'emicrania dopo un'attenta diagnosi.<\/p>\n\t\t\t\t<img loading=\"lazy\" decoding=\"async\" src=\"https:\/\/www.zumgoldenenschnitt.ch\/wp-content\/uploads\/2023\/01\/7-botulinum-info-it.svg\" alt=\"7 info sul botulino\" itemprop=\"image\" height=\"1000\" width=\"1000\" title=\"7-botulino-infos\" onerror=\"this.style.display='none'\"  \/>\n\t\t\t\t<img loading=\"lazy\" decoding=\"async\" src=\"https:\/\/www.zumgoldenenschnitt.ch\/wp-content\/uploads\/2023\/09\/journal-botulinum.jpg\" alt=\"rivista botulino\" itemprop=\"image\" height=\"1000\" width=\"1000\" title=\"Rivista Botulino\" onerror=\"this.style.display='none'\"  \/>\n\t<p>Gli attacchi di emicrania sono spesso accompagnati da una forte tensione dei muscoli delle spalle, del collo, della gola e del viso. Questa tensione pu\u00f2 influire sulla circolazione sanguigna, determinando una carenza di ossigeno, causa dei tipici forti mal di testa, spesso accompagnati da nausea e sensibilit\u00e0 alla luce e ai suoni. La tossina botulinica agisce inibendo il rilascio del neurotrasmettitore acetilcolina, responsabile dell'attivazione muscolare. Questo riduce la tensione muscolare durante un attacco di emicrania. Si presume inoltre che il botulino possa impedire la trasmissione dei segnali di dolore.\u00a0<\/p>\n<p>Le iniezioni mirate di tossina botulinica nelle aree muscolari interessate, principalmente nel viso, nella testa e nel collo, possono spesso ridurre significativamente la frequenza degli attacchi di emicrania e la gravit\u00e0 del mal di testa. Molti pazienti riferiscono anche di aver ridotto il bisogno di antidolorifici.<\/p>\n<p>Il trattamento prevede solitamente diverse iniezioni in diversi gruppi muscolari e viene ripetuto ogni 3 o 4 mesi. L'effetto dura solitamente da 3 a 6 mesi, ma pu\u00f2 essere prolungato dopo ripetuti trattamenti. Per ottenere risultati ottimali e prevenire effetti collaterali indesiderati, \u00e8 necessario evitare sport e sauna per due giorni dopo il trattamento con botulino.<\/p>\n<h2>Costi del trattamento con Botox per l'emicrania<\/h2>\n<p>Il costo di un trattamento con tossina botulinica per l'emicrania parte da 800 franchi e varia a seconda del numero di aree da trattare.<\/p>\n<h2>Domande frequenti<\/h2>\n\t\t\t\t\t\t\t\t\t\t<h3 tabindex=\"0\">Cosa si pu\u00f2 fare contro il mal di testa o l'emicrania?<\/h3>\n\t\t\t\t\t<p>Il trattamento con Botox \/ botulino \u00e8 un'opzione terapeutica per il mal di testa o l'emicrania. A seconda dei sintomi e della localizzazione della tensione, vengono trattate con la tossina botulinica diverse aree della testa, del collo e delle spalle. Il Dr. L\u00fcdi sar\u00e0 lieto di consigliare individualmente le aree da trattare.<\/p>\n\t\t\t\t\t\t\t\t\t\t<h3 tabindex=\"0\">Quanto dura l'effetto di un trattamento dell'emicrania con il botulino?<\/h3>\n\t\t\t\t\t<p>La durata dell'effetto varia da persona a persona, ma in genere dura da 3 a 6 mesi. Dopo ripetuti trattamenti, si pu\u00f2 talvolta osservare una durata maggiore dell'effetto.<\/p>\n\t\t\t\t\t\t\t\t\t\t<h3 tabindex=\"0\">Il trattamento dell'emicrania con il botulino pu\u00f2 essere ripetuto?<\/h3>\n\t\t\t\t\t<p>S\u00ec, non appena l'effetto della tossina botulinica si esaurisce, il trattamento pu\u00f2 essere ripetuto.<\/p>\n\t\t\t\t\t\t\t\t\t\t<h3 tabindex=\"0\">Cosa bisogna considerare dopo un trattamento dell'emicrania con il botulino?<\/h3>\n\t\t\t\t\t<p>Per un risultato ottimale, \u00e8 necessario evitare sport e sauna per 2 giorni dopo il trattamento botulinico.<\/p>\n\t<p>La dottoressa Simona L\u00fcdi sar\u00e0 lieta di consigliarvi personalmente presso la nostra clinica Zum Goldenen Schnitt di Basilea, in modo da poter stabilire insieme a voi le zone di trattamento pi\u00f9 adatte a voi e alleviare efficacemente i vostri sintomi. Fissate subito il vostro appuntamento di consulenza personale.<\/p>\n\t\t\t<a href=\"https:\/\/booking.epat.ch\/goldenschnitt\/booking\" title=\"Clicca qui\" target=\"_blank\" rel=\"noopener\"  role=\"button\" aria-label=\"Prenota un appuntamento di consultazione\">\n\t\t\t\t\t\t\tPrenota un appuntamento di consultazione\n\t\t<\/a>","protected":false},"excerpt":{"rendered":"<p>Soffrite di emicranie croniche e forti mal di testa? Il trattamento con Botox (tossina botulinica) si \u00e8 affermato come un metodo efficace per dare sollievo a chi soffre di emicrania. Originariamente sviluppato per il trattamento dei muscoli spastici, il Botox pu\u00f2 ora essere una valida aggiunta alla terapia dell'emicrania dopo un'attenta diagnosi. Gli attacchi di emicrania sono spesso accompagnati da una forte tensione muscolare nella zona delle spalle, [...]<\/p>","protected":false},"author":4,"featured_media":0,"parent":544,"menu_order":0,"comment_status":"closed","ping_status":"closed","template":"","meta":{"_seopress_robots_primary_cat":"","_seopress_titles_title":"Botox \/ Botulinum gegen Migr\u00e4ne | Dr. Simona L\u00fcdi | Basel","_seopress_titles_desc":"Botox \/ Botulinum gegen Migr\u00e4ne - effektive Behandlung bei Kopfschmerzen und Migr\u00e4ne. Frau Dr. Simona L\u00fcdi ber\u00e4t Sie gerne in unserer Klinik in Basel.","_seopress_robots_index":"","inline_featured_image":false,"site-sidebar-layout":"default","site-content-layout":"","ast-site-content-layout":"default","site-content-style":"default","site-sidebar-style":"default","ast-global-header-display":"","ast-banner-title-visibility":"","ast-main-header-display":"","ast-hfb-above-header-display":"","ast-hfb-below-header-display":"","ast-hfb-mobile-header-display":"","site-post-title":"","ast-breadcrumbs-content":"","ast-featured-img":"","footer-sml-layout":"","theme-transparent-header-meta":"","adv-header-id-meta":"","stick-header-meta":"","header-above-stick-meta":"","header-main-stick-meta":"","header-below-stick-meta":"","astra-migrate-meta-layouts":"set","ast-page-background-enabled":"default","ast-page-background-meta":{"desktop":{"background-color":"var(--ast-global-color-4)","background-image":"","background-repeat":"repeat","background-position":"center center","background-size":"auto","background-attachment":"scroll","background-type":"","background-media":"","overlay-type":"","overlay-color":"","overlay-opacity":"","overlay-gradient":""},"tablet":{"background-color":"","background-image":"","background-repeat":"repeat","background-position":"center center","background-size":"auto","background-attachment":"scroll","background-type":"","background-media":"","overlay-type":"","overlay-color":"","overlay-opacity":"","overlay-gradient":""},"mobile":{"background-color":"","background-image":"","background-repeat":"repeat","background-position":"center center","background-size":"auto","background-attachment":"scroll","background-type":"","background-media":"","overlay-type":"","overlay-color":"","overlay-opacity":"","overlay-gradient":""}},"ast-content-background-meta":{"desktop":{"background-color":"var(--ast-global-color-5)","background-image":"","background-repeat":"repeat","background-position":"center center","background-size":"auto","background-attachment":"scroll","background-type":"","background-media":"","overlay-type":"","overlay-color":"","overlay-opacity":"","overlay-gradient":""},"tablet":{"background-color":"var(--ast-global-color-5)","background-image":"","background-repeat":"repeat","background-position":"center center","background-size":"auto","background-attachment":"scroll","background-type":"","background-media":"","overlay-type":"","overlay-color":"","overlay-opacity":"","overlay-gradient":""},"mobile":{"background-color":"var(--ast-global-color-5)","background-image":"","background-repeat":"repeat","background-position":"center center","background-size":"auto","background-attachment":"scroll","background-type":"","background-media":"","overlay-type":"","overlay-color":"","overlay-opacity":"","overlay-gradient":""}},"footnotes":""},"class_list":["post-2062","page","type-page","status-publish"],"_links":{"self":[{"href":"https:\/\/www.zumgoldenenschnitt.ch\/it\/wp-json\/wp\/v2\/pages\/2062","targetHints":{"allow":["GET"]}}],"collection":[{"href":"https:\/\/www.zumgoldenenschnitt.ch\/it\/wp-json\/wp\/v2\/pages"}],"about":[{"href":"https:\/\/www.zumgoldenenschnitt.ch\/it\/wp-json\/wp\/v2\/types\/page"}],"author":[{"embeddable":true,"href":"https:\/\/www.zumgoldenenschnitt.ch\/it\/wp-json\/wp\/v2\/users\/4"}],"replies":[{"embeddable":true,"href":"https:\/\/www.zumgoldenenschnitt.ch\/it\/wp-json\/wp\/v2\/comments?post=2062"}],"version-history":[{"count":4,"href":"https:\/\/www.zumgoldenenschnitt.ch\/it\/wp-json\/wp\/v2\/pages\/2062\/revisions"}],"predecessor-version":[{"id":2143,"href":"https:\/\/www.zumgoldenenschnitt.ch\/it\/wp-json\/wp\/v2\/pages\/2062\/revisions\/2143"}],"up":[{"embeddable":true,"href":"https:\/\/www.zumgoldenenschnitt.ch\/it\/wp-json\/wp\/v2\/pages\/544"}],"wp:attachment":[{"href":"https:\/\/www.zumgoldenenschnitt.ch\/it\/wp-json\/wp\/v2\/media?parent=2062"}],"curies":[{"name":"wp","href":"https:\/\/api.w.org\/{rel}","templated":true}]}}