{"id":2078,"date":"2025-06-01T17:55:29","date_gmt":"2025-06-01T15:55:29","guid":{"rendered":"https:\/\/www.zumgoldenenschnitt.ch\/?page_id=2078"},"modified":"2026-05-07T11:11:30","modified_gmt":"2026-05-07T09:11:30","slug":"brustvergroesserung-preserve","status":"publish","type":"page","link":"https:\/\/www.zumgoldenenschnitt.ch\/it\/offerta\/petto\/conservazione-dellaumento-del-seno\/","title":{"rendered":"Mastoplastica additiva con risparmio di tessuto con Preserv\u00e9"},"content":{"rendered":"<p>Se desiderate una modifica del vostro seno che si integri armoniosamente con il vostro aspetto naturale e allo stesso tempo vi permetta di tornare rapidamente alla vostra vita quotidiana, presso la clinica Zum Goldenen Schnitt di Basilea vi offriamo diverse soluzioni innovative per l'aumento del seno.<\/p>\n<p>Questo include l'aumento del seno con risparmio di tessuto con Motiva Preserv\u00e9\u2122. Come una delle prime cliniche in Svizzera, siamo lieti di potervi offrire questa tecnica innovativa.  Saremo lieti di aiutarvi a ottenere un aumento del seno naturale in Svizzera.<\/p>\n<p>Ogni donna e ogni desiderio di aumento del seno \u00e8 individuale. Ecco perch\u00e9 vi offriamo una soluzione personalizzata e individuale per un aumento naturale del seno a Basilea. Oltre all'innovativo metodo Preserv\u00e9\u2122, siamo una delle tre cliniche esclusive in Svizzera a offrire l'esclusivo metodo Preserv\u00e9\u2122. <a href=\"https:\/\/www.zumgoldenenschnitt.ch\/it\/offerta\/petto\/aumento-del-seno-mia-femtech\/\">Tecnologia Mia Femtech<\/a> ma anche il <a href=\"https:\/\/www.zumgoldenenschnitt.ch\/it\/offerta\/petto\/ingrandimento-del-seno-con-protesi-mammarie-augmentation\/\">Aumento del seno classico<\/a>. Il Dr. L\u00fcdi sceglier\u00e0 insieme a voi il metodo pi\u00f9 adatto a voi, che si adatta perfettamente alle vostre condizioni anatomiche, ai vostri desideri estetici e al vostro stile di vita.<\/p>\n\t\t\t\t<img loading=\"lazy\" decoding=\"async\" src=\"https:\/\/www.zumgoldenenschnitt.ch\/wp-content\/uploads\/2025\/05\/preserve-das-wichtigste-in-kuerze-italienisch.svg\" alt=\"preserv\u00e9 il pi\u00f9 importante in poche parole tedesco\" itemprop=\"image\" height=\"1000\" width=\"1000\" title=\"Preserv\u00e9 I fatti pi\u00f9 importanti in breve\" onerror=\"this.style.display='none'\"  \/>\n\t\t\t\t<img loading=\"lazy\" decoding=\"async\" src=\"https:\/\/www.zumgoldenenschnitt.ch\/wp-content\/uploads\/2025\/05\/1-brustvergroesserung-mia-femtech-schweiz-basel-dr.-simona-luedi-800x800.jpg\" alt=\"1 aumento del seno mia femtech svizzera basel dr simona l\u00fcdi\" itemprop=\"image\" height=\"800\" width=\"800\" title=\"1 Aumento del seno Mia Femtech Svizzera Basilea Dott.ssa Simona L\u00fcdi\" onerror=\"this.style.display='none'\"  \/>\n\t<h2>La tecnica Preserv\u00e9\u2122<\/h2>\n<p>Preserv\u00e9\u2122 \u00e8 una procedura speciale e minimamente invasiva per l'aumento del seno con risparmio di tessuto. \u00c8 stata sviluppata per ridurre al minimo i danni al tessuto naturale del seno e preservare strutture importanti come legamenti, nervi e vasi sanguigni. Invece di tagliare i tessuti, questi vengono delicatamente stirati con un palloncino speciale per formare una tasca precisa per l'impianto. La tecnica Preserv\u00e9\u2122 utilizza le protesi morbide Motiva Ergonomix2\u00ae, che vengono inserite con la tecnica no-touch per ridurre al minimo il contatto diretto con la pelle e il rischio di infezioni.<\/p>\n\t<h2>I vantaggi di un aumento del seno con Preserv\u00e9\u2122<\/h2>\n\t\t\t\t<img loading=\"lazy\" decoding=\"async\" src=\"https:\/\/www.zumgoldenenschnitt.ch\/wp-content\/uploads\/2025\/06\/1-preserve-vorteil-aspetto-e-sensazione-naturali.svg\" alt=\"aumento del seno preservato vantaggio naturale svizzera basel\" itemprop=\"image\" height=\"1000\" width=\"1000\" title=\"Aumento del seno Preserv\u00e9 Advantage Naturalness Svizzera Basilea\" onerror=\"this.style.display='none'\"  \/>\n\t\t\t\t<img loading=\"lazy\" decoding=\"async\" src=\"https:\/\/www.zumgoldenenschnitt.ch\/wp-content\/uploads\/2025\/06\/2-preserve-vorteil-protezione-dei-tessuti.svg\" alt=\"aumento del seno preservato vantaggio tessuto-risparmio svizzera basel\" itemprop=\"image\" height=\"1000\" width=\"1000\" title=\"Aumento del seno Preserv\u00e9 advantage tissue-sparing Svizzera Basilea\" onerror=\"this.style.display='none'\"  \/>\n\t\t\t\t<img loading=\"lazy\" decoding=\"async\" src=\"https:\/\/www.zumgoldenenschnitt.ch\/wp-content\/uploads\/2025\/06\/3-preserve-vorteile-nessuna-anestesia-generale.svg\" alt=\"aumento del seno preservato vantaggi senza anestesia generale svizzera basel\" itemprop=\"image\" height=\"1000\" width=\"1000\" title=\"Aumento del seno Vantaggi Preserv\u00e9 senza anestesia generale Svizzera Basilea\" onerror=\"this.style.display='none'\"  \/>\n\t\t\t\t<img loading=\"lazy\" decoding=\"async\" src=\"https:\/\/www.zumgoldenenschnitt.ch\/wp-content\/uploads\/2025\/06\/4-preserve-vorteile-recupero-rapido.svg\" alt=\"aumento del seno preservato vantaggi recupero veloce svizzera basel\" itemprop=\"image\" height=\"1000\" width=\"1000\" title=\"Aumento del seno Vantaggi Preserv\u00e9 Recupero rapido Svizzera Basilea\" onerror=\"this.style.display='none'\"  \/>\n\t\t\t\t<img loading=\"lazy\" decoding=\"async\" src=\"https:\/\/www.zumgoldenenschnitt.ch\/wp-content\/uploads\/2025\/06\/5-preserve-vorteile-cicatrici-minime.svg\" alt=\"aumento del seno preservato vantaggi cicatrici minime svizzera basel\" itemprop=\"image\" height=\"1000\" width=\"1000\" title=\"Aumento del seno Vantaggi Preserv\u00e9 cicatrici minime Svizzera Basilea\" onerror=\"this.style.display='none'\"  \/>\n\t\t\t\t<img loading=\"lazy\" decoding=\"async\" src=\"https:\/\/www.zumgoldenenschnitt.ch\/wp-content\/uploads\/2025\/06\/6-preserve-vorteile-protesi-di-altissima-qualita.svg\" alt=\"aumento del seno preservato vantaggi impianti sicuri svizzera basel\" itemprop=\"image\" height=\"1000\" width=\"1000\" title=\"Aumento del seno Vantaggi Preserv\u00e9 Impianti sicuri Svizzera Basilea\" onerror=\"this.style.display='none'\"  \/>\n\t\t\t\t<img loading=\"lazy\" decoding=\"async\" src=\"https:\/\/www.zumgoldenenschnitt.ch\/wp-content\/uploads\/2025\/06\/7-preserve-vorteile-garanzia.svg\" alt=\"aumento del seno preservato vantaggi garanzia svizzera basel\" itemprop=\"image\" height=\"1000\" width=\"1000\" title=\"Aumento del seno Preserv\u00e9 Vantaggi Garanzia Svizzera Basilea\" onerror=\"this.style.display='none'\"  \/>\n\t<h2>Procedura per l'aumento del seno con Preserv\u00e9\u2122 in Svizzera<\/h2>\n<strong>Consigli dettagliati<br \/>\n<\/strong>Durante una consultazione personale, il Dr. L\u00fcdi si prende il tempo necessario per capire in dettaglio i vostri desideri e le vostre idee, analizza la vostra situazione anatomica e vi fornisce informazioni complete sulla procedura e sui possibili risultati. Utilizzando i moderni <a href=\"https:\/\/www.zumgoldenenschnitt.ch\/it\/offerta\/petto\/simulazione-3d-crisalix\/\">Simulazioni 3D (Crisalix)<\/a> il risultato desiderato pu\u00f2 essere visualizzato. Si discuter\u00e0 inoltre se Preserv\u00e9\u2122 \u00e8 il metodo giusto per voi o se un'altra tecnica (ad es. <a href=\"https:\/\/www.zumgoldenenschnitt.ch\/it\/offerta\/petto\/aumento-del-seno-mia-femtech\/\">Mia Femtech<\/a>a <a href=\"https:\/\/www.zumgoldenenschnitt.ch\/it\/offerta\/petto\/ingrandimento-del-seno-con-protesi-mammarie-augmentation\/\">Aumento del seno classico<\/a> o una delicata <a href=\"https:\/\/www.zumgoldenenschnitt.ch\/it\/offerta\/petto\/ingrandire-il-seno-con-il-proprio-grasso\/\">Aumento del seno con grasso proprio<\/a>) \u00e8 pi\u00f9 adatto a voi. Il Dr. L\u00fcdi \u00e8 specializzato nella chirurgia del seno e offre una gamma completa di tecniche e procedure.\n<strong>L'operazione<br \/>\n<\/strong>L'intervento viene eseguito ambulatorialmente in anestesia locale in sonno crepuscolare o, se lo si desidera, in anestesia generale. Viene praticata una piccolissima incisione (circa 2,5 cm) nella piega del sottoseno per preparare delicatamente lo spazio per l'impianto utilizzando un palloncino, che si limita a distendere il tessuto e non lo taglia in modo netto. L'impianto viene quindi posizionato davanti al muscolo pettorale con la tecnica no-touch. Questa tecnica innovativa, delicata e precisa preserva importanti legamenti del seno e risparmia il tessuto della ghiandola mammaria, consentendo una guarigione rapida e indolore.\n<p><strong>Recupero e cure successive<\/strong>Dopo un breve periodo di convalescenza in una delle nostre stanze di degenza con vista sul Reno e l'assistenza della nostra \u00e9quipe clinica, potrete tornare a casa. La maggior parte dei pazienti \u00e8 in grado di riprendere la normale routine quotidiana gi\u00e0 dopo pochi giorni e pu\u00f2 anche tornare al lavoro. Il dolore \u00e8 generalmente minimo. Per le prime 6 settimane dopo l'intervento si indossa un reggiseno di sostegno. L'attivit\u00e0 sportiva pu\u00f2 essere ripresa gi\u00e0 3 settimane dopo l'intervento, in tempi decisamente pi\u00f9 rapidi rispetto alle tecniche tradizionali di aumento del seno.<\/p>\n\t<meta itemprop=\"url\" content=\"https:\/\/www.zumgoldenenschnitt.ch\/wp-content\/uploads\/2025\/05\/imagevideo-brustvergroesserung-preserve-motiva-schweiz-basel.mp4\" \/><div style=\"width: 640px;\" class=\"wp-video\"><video class=\"wp-video-shortcode\" id=\"video-2078-1\" width=\"640\" height=\"360\" poster=\"https:\/\/www.zumgoldenenschnitt.ch\/wp-content\/uploads\/2025\/06\/preserve-startbild-video-scaled.jpg\" preload=\"none\" controls=\"controls\"><source type=\"video\/mp4\" src=\"https:\/\/www.zumgoldenenschnitt.ch\/wp-content\/uploads\/2025\/05\/imagevideo-brustvergroesserung-preserve-motiva-schweiz-basel.mp4?_=1\" \/><a href=\"https:\/\/www.zumgoldenenschnitt.ch\/wp-content\/uploads\/2025\/05\/imagevideo-brustvergroesserung-preserve-motiva-schweiz-basel.mp4\">https:\/\/www.zumgoldenenschnitt.ch\/wp-content\/uploads\/2025\/05\/imagevideo-brustvergroesserung-preserve-motiva-schweiz-basel.mp4<\/a><\/video><\/div>\n\t<h2>Preserv\u00e9\u2122 \u00e8 adatto a me?<\/h2>\n<p>Il metodo Preserv\u00e9\u2122 \u00e8 ideale per le donne che desiderano un aumento del seno naturale. \u00c8 ideale se si apprezzano procedure minimamente invasive, tempi di inattivit\u00e0 brevi, cicatrici ridotte al minimo e una procedura senza anestesia generale.  Il metodo Preserv\u00e9\u2122 pu\u00f2 essere utilizzato anche per compensare l'asimmetria del seno o per ripristinare la forma del seno in caso di perdita di volume e cedimento, ad esempio dopo una gravidanza o una perdita di peso.<\/p>\n\t<h2>Preserv\u00e9\u2122, Mia Femtech\u2122 o aumento del seno classico?<\/h2>\n<p>La clinica Zum Goldenen Schnitt \u00e8 una delle tre cliniche esclusive in Svizzera ad offrire tutti e tre i principali metodi di aumento del seno: la mastoplastica additiva e la mastopessi. <a href=\"https:\/\/www.zumgoldenenschnitt.ch\/it\/offerta\/petto\/ingrandimento-del-seno-con-protesi-mammarie-augmentation\/\">Aumento del seno classico<\/a>che <a href=\"https:\/\/www.zumgoldenenschnitt.ch\/it\/offerta\/petto\/aumento-del-seno-mia-femtech\/\">Tecnologia Mia Femtech<\/a> e il metodo Preserv\u00e9\u2122. Ogni metodo presenta caratteristiche e vantaggi specifici ed \u00e8 adatto a esigenze e condizioni anatomiche diverse.\u00a0<\/p>\n<strong><a href=\"https:\/\/www.zumgoldenenschnitt.ch\/it\/offerta\/petto\/ingrandimento-del-seno-con-protesi-mammarie-augmentation\/\">Aumento del seno classico<\/a><br \/>\n<\/strong>Con il metodo classico, spesso \u00e8 necessaria un'asportazione pi\u00f9 estesa dei tessuti per creare spazio per l'impianto. A seconda dell'indicazione, l'impianto viene posizionato sotto o sopra il muscolo pettorale. Con questa tecnica che risparmia meno i tessuti, il tempo di guarigione \u00e8 generalmente pi\u00f9 lungo rispetto al metodo Preserv\u00e9\u2122 o alla tecnica Mia Femtech\u2122 e l'intervento presenta potenzialmente maggiori rischi di complicazioni e di perdita della sensibilit\u00e0 del capezzolo. Il <a href=\"https:\/\/www.zumgoldenenschnitt.ch\/it\/offerta\/petto\/ingrandimento-del-seno-con-protesi-mammarie-augmentation\/\">Aumento del seno classico<\/a> viene solitamente eseguita in anestesia generale e lascia cicatrici pi\u00f9 grandi a causa della dissezione pi\u00f9 estesa dei tessuti.\n<strong><a href=\"https:\/\/www.zumgoldenenschnitt.ch\/it\/offerta\/petto\/aumento-del-seno-mia-femtech\/\">Mia Femtech<b>\u2122<\/b><\/a><br \/>\n<\/strong>L'armonizzazione del seno con Mia Femtech\u2122 utilizza strumenti simili a quelli di Preserv\u00e9\u2122 e la tecnica \u00e8 anch'essa minimamente invasiva con cicatrici minime. La differenza principale sta nell'approccio: con Mia\u00ae l'incisione viene effettuata sotto l'ascella, mentre con Preserv\u00e9\u2122 l'incisione viene effettuata nella piega del sottoseno. Mia utilizza impianti Motiva Ergonomix2\u00ae a forma di diamante, appositamente sagomati, e di solito consente solo un moderato ingrandimento di 1 o 2 taglie di coppa, cio\u00e8 spesso un volume inferiore a quello ottenibile con Preserv\u00e9\u2122. Un grande vantaggio di <a href=\"https:\/\/www.zumgoldenenschnitt.ch\/it\/offerta\/petto\/aumento-del-seno-mia-femtech\/\">Mia\u00ae<\/a> \u00e8 la cicatrice nascosta nella piega ascellare senza una cicatrice diretta sul seno, la breve durata dell'intervento senza anestesia generale e il rapido ritorno alla vita quotidiana.\n<p><strong><b>Preservato<\/b><\/strong>Preserv\u00e9\u2122 combina la protezione dei tessuti con un'incisione minima di soli 2-2,5 cm nella piega naturale del seno. Il tessuto viene delicatamente stirato anzich\u00e9 reciso.  Ci\u00f2 si traduce in un tempo di recupero breve (pochi giorni per attivit\u00e0 leggere, circa 2-3 settimane per sport leggeri) e in cicatrici brevi e poco visibili. L'intervento pu\u00f2 essere eseguito ambulatorialmente in anestesia locale con sonno crepuscolare, che \u00e8 delicato per il corpo ed elimina i rischi di un'anestesia generale. Preserv\u00e9\u2122 consente l'inserimento di impianti Motiva Ergonomix2\u00ae molto morbidi, che si adattano naturalmente al corpo e ai movimenti. Un vantaggio di Preserv\u00e9\u2122 \u00e8 che anche le protesi mammarie pi\u00f9 grandi rispetto a quelle con <a href=\"https:\/\/www.zumgoldenenschnitt.ch\/it\/offerta\/petto\/aumento-del-seno-mia-femtech\/\">Mia Femtech<\/a> possono essere introdotti.<\/p>\n<p>La scelta del metodo dipende dalle esigenze e dai desideri individuali. Nel corso di un consulto dettagliato, il Dr. L\u00fcdi analizzer\u00e0 con voi la vostra anatomia e discuter\u00e0 i vantaggi e gli svantaggi di ciascuna tecnica per trovare la soluzione ottimale per voi.<\/p>\n\t<h2>Costo della mastoplastica additiva con Preserv\u00e9\u2122 in Svizzera<\/h2>\n<p>Preserv\u00e9\u2122 ist ein modernes Verfahren, das bisher weltweit nur in wenigen Kliniken angeboten wird. Die Kosten f\u00fcr eine Brustvergr\u00f6sserung mit Preserv\u00e9\u2122 beginnen ab CHF 12&#8217;900. In den Kosten sind Operation, Implantate und Material, An\u00e4sthesie, Spezial-BH, Nachkontrollen sowie ein 24h- Patientenservice enthalten. Die Herstellerfirma Motiva bietet zudem umfassende Garantieleistungen f\u00fcr ihre Brustimplantate Joy.(dot)<sup>\u00ae<\/sup>\u00a0(Ergonomix2<sup>\u00ae<\/sup>) a.<\/p>\n\t<h2>Concordate la vostra consulenza personale con la dottoressa Simona L\u00fcdi<\/h2>\n<p>Desiderate sapere se Preserv\u00e9\u2122 o uno degli altri metodi di mastoplastica additiva \u00e8 la soluzione che fa per voi per ottenere un seno pi\u00f9 armonioso e una maggiore fiducia in voi stesse? La dottoressa Simona L\u00fcdi sar\u00e0 lieta di fornirvi una consulenza completa sulle possibilit\u00e0 di questo metodo moderno. Nel corso di un colloquio personale, la dottoressa Simona L\u00fcdi potr\u00e0 discutere i vostri desideri e le vostre esigenze individuali e scegliere insieme a voi la soluzione migliore per voi.<\/p>\n<p>Contattateci oggi stesso per fissare la vostra consulenza personale.<\/p>\n\t\t\t\t<img loading=\"lazy\" decoding=\"async\" src=\"https:\/\/www.zumgoldenenschnitt.ch\/wp-content\/uploads\/2025\/05\/3-brustvergroesserung-mia-femtech-schweiz-basel-dr.-simona-luedi.jpg\" alt=\"3 aumento del seno mia femtech svizzera basel dr simona l\u00fcdi\" itemprop=\"image\" height=\"1500\" width=\"1500\" title=\"3 Aumento del seno Mia Femtech Svizzera Basilea Dott.ssa Simona L\u00fcdi\" onerror=\"this.style.display='none'\"  \/>\n\t<h2>Domande frequenti<\/h2>\n\t\t\t\t\t\t\t\t\t\t<h3 tabindex=\"0\">Quali impianti si utilizzano con Preserv\u00e9\u2122?<\/h3>\n\t\t\t\t\t<p>Per l'aumento del seno con Preserv\u00e9\u2122, la pi\u00f9 moderna Joy.(dot)<sup>\u00ae<\/sup>-impianti(Ergonomix2<sup>\u00ae<\/sup>) di Motiva. Si tratta di impianti in silicone di alta qualit\u00e0, estremamente morbidi e naturali, che si adattano in modo ergonomico ai movimenti.<\/p>\n\t\t\t\t\t\t\t\t\t\t<h3 tabindex=\"0\">Quali sono i principali benefici di Motiva Preserv\u00e9\u2122? <\/h3>\n\t\t\t\t\t<p>I vantaggi della mastoplastica additiva con Preserv\u00e9\u2122 includono una tecnica che risparmia i tessuti, un trattamento ambulatoriale, una breve durata dell'intervento, un'anestesia locale con sonno crepuscolare, cicatrici ridotte (circa 2,5 cm), un breve tempo di recupero, una rapida ripresa delle attivit\u00e0 quotidiane, un aspetto e una sensazione naturali e rischi ridotti grazie a tecniche come la tecnica no-touch. Inoltre, i tessuti e i muscoli del seno sono preservati, il che significa meno dolore e minor rischio di disturbi sensoriali.<\/p>\n\t\t\t\t\t\t\t\t\t\t<h3 tabindex=\"0\">Quanto \u00e8 veloce il recupero dopo un intervento con Preserv\u00e9?<\/h3>\n\t\t\t\t\t<p>Il recupero \u00e8 molto rapido. La maggior parte dei pazienti pu\u00f2 riprendere le normali attivit\u00e0 quotidiane e tornare al lavoro entro pochi giorni.<\/p>\n\t\t\t\t\t\t\t\t\t\t<h3 tabindex=\"0\">Quando posso tornare a fare sport dopo una mastoplastica additiva con Preserv\u00e9\u2122?<\/h3>\n\t\t\t\t\t<p>L'attivit\u00e0 sportiva leggera dell'arto inferiore \u00e8 solitamente possibile gi\u00e0 una settimana dopo l'intervento. Di norma, tutte le attivit\u00e0 sportive possono essere riprese 3 settimane dopo l'intervento.<\/p>\n\t\t\t\t\t\t\t\t\t\t<h3 tabindex=\"0\">L'operazione \u00e8 dolorosa?<\/h3>\n\t\t\t\t\t<p>L'intervento \u00e8 di solito molto indolore, poich\u00e9 Mia Femtech\u2122 \u00e8 una tecnica chirurgica molto delicata. Se necessario, \u00e8 possibile assumere un leggero antidolorifico per i primi giorni.<\/p>\n\t\t\t\t\t\t\t\t\t\t<h3 tabindex=\"0\">Dove viene inserito l'impianto con Preserv\u00e9\u2122?<\/h3>\n\t\t\t\t\t<p>Con il metodo Preserv\u00e9\u2122, l'impianto viene posizionato sopra il muscolo pettorale e dietro la ghiandola mammaria.<\/p>\n\t\t\t\t\t\t\t\t\t\t<h3 tabindex=\"0\">Ci saranno cicatrici visibili dopo l'intervento?<\/h3>\n\t\t\t\t\t<p>Il risultato \u00e8 una cicatrice molto piccola e discreta di circa 2,5 cm nella piega sotto il seno, appena visibile dopo la guarigione. \u00a0<\/p>\n\t\t\t\t\t\t\t\t\t\t<h3 tabindex=\"0\">Posso continuare ad allattare dopo una mastoplastica additiva con Preserv\u00e9\u2122?<\/h3>\n\t\t\t\t\t<p>S\u00ec, poich\u00e9 le protesi vengono posizionate dietro la ghiandola mammaria e il tessuto mammario non viene tagliato, di solito l'allattamento al seno \u00e8 ancora possibile.<\/p>\n\t\t\t\t\t\t\t\t\t\t<h3 tabindex=\"0\">Preserv\u00e9\u2122 \u00e8 un metodo sicuro per l'aumento del seno in Svizzera?<\/h3>\n\t\t\t\t\t<p>Il metodo Preserv\u00e9\u2122 combina procedure di chirurgia mammaria collaudate con tecniche all'avanguardia di risparmio dei tessuti. La tecnica di aumento del seno minimamente invasiva, la tecnica no-touch e le protesi Motiva Ergonomix2\u00ae di alta qualit\u00e0 con le loro tecnologie di sicurezza avanzate (come BluSeal\u00ae e SmoothSilk\u00ae) contribuiscono in modo significativo a ridurre il rischio di complicazioni come la fibrosi capsulare o il BIA-ALCL.<\/p>\n<p>Alla clinica Zum Goldenen Schnitt attribuiamo grande importanza anche al massimo livello di sicurezza e di cura del paziente, in modo che siate nelle migliori mani.<\/p>\n\t\t\t\t\t\t\t\t\t\t<h3 tabindex=\"0\">L'aumento del seno con Preserv\u00e9\u2122 influisce sullo screening del cancro al seno?<\/h3>\n\t\t\t\t\t<p>No, gli impianti vengono posizionati dietro la ghiandola mammaria e gli esami di screening del cancro (palpazione, ecografia, risonanza magnetica, mammografia) sono possibili normalmente.<\/p>\n\t\t\t\t\t\t\t\t\t\t<h3 tabindex=\"0\">Quali sono i rischi dell'aumento del seno con Preserv\u00e9\u2122?<\/h3>\n\t\t\t\t\t<p>In linea di principio, ogni intervento comporta alcuni rischi. Tuttavia, grazie alla tecnica delicata, i rischi sono notevolmente ridotti con il metodo Preserv\u00e9\u2122. La perdita di sangue \u00e8 minima, la tecnica no-touch riduce significativamente il rischio di infezione e gli impianti Motiva Ergonomix2\u00ae, lisci e biocompatibili, riducono significativamente il rischio di fibrosi capsulare.<\/p>\n\t\t\t\t\t\t\t\t\t\t<h3 tabindex=\"0\">Quanto tempo devo aspettare dopo la gravidanza prima di sottopormi a un aumento del seno con Preserv\u00e9\u2122?<\/h3>\n\t\t\t\t\t<p>Il seno femminile cambia durante la gravidanza e l'allattamento. Per ottenere risultati ottimali, consigliamo di attendere almeno 6 mesi dopo lo svezzamento prima di sottoporsi a una mastoplastica additiva, in modo che il seno possa riprendersi dai cambiamenti fisici. Il Dr. L\u00fcdi sar\u00e0 lieto di consigliarvi personalmente nella nostra clinica di Basilea quando \u00e8 il momento migliore.<\/p>\n\t<p>La Dr. med. Simona L\u00fcdi sar\u00e0 lieta di accogliervi per una consultazione personale per l'aumento del seno presso la nostra clinica di Basilea. Non vediamo l'ora di vedervi.<\/p>\n\t\t\t<a href=\"https:\/\/booking.epat.ch\/goldenschnitt\/booking\" title=\"Prenota un appuntamento di consultazione\" target=\"_blank\" rel=\"noopener\"  role=\"button\" aria-label=\"Prenota un appuntamento di consultazione\">\n\t\t\t\t\t\t\tPrenota un appuntamento di consultazione\n\t\t<\/a>","protected":false},"excerpt":{"rendered":"<p>Se desiderate una modifica del vostro seno che si integri armoniosamente con il vostro aspetto naturale e allo stesso tempo vi permetta di tornare rapidamente alla vostra vita quotidiana, presso la clinica Zum Goldenen Schnitt di Basilea vi offriamo diverse soluzioni innovative per l'aumento del seno. Tra queste, l'aumento del seno con risparmio dei tessuti con Motiva Preserv\u00e9\u2122. Come uno dei primi [...]<\/p>","protected":false},"author":4,"featured_media":1585,"parent":555,"menu_order":1,"comment_status":"closed","ping_status":"closed","template":"","meta":{"_seopress_robots_primary_cat":"","_seopress_titles_title":"Schonende Brustvergr\u00f6sserung mit Preserv\u00e9\u2122 in der Schweiz | Dr. Simona L\u00fcdi | Basel","_seopress_titles_desc":"Brustvergr\u00f6sserung mit Preserv\u00e9\u2122 in der Schweiz - nat\u00fcrliche Resultate - minimale Narben - keine Vollnarkose. Frau Dr. Simona L\u00fcdi, Fach\u00e4rztin f\u00fcr Plastische & \u00c4sthetische Chirurgie, ber\u00e4t Sie gerne in ihrer Klinik in Basel.","_seopress_robots_index":"","inline_featured_image":false,"site-sidebar-layout":"default","site-content-layout":"","ast-site-content-layout":"default","site-content-style":"default","site-sidebar-style":"default","ast-global-header-display":"","ast-banner-title-visibility":"","ast-main-header-display":"","ast-hfb-above-header-display":"","ast-hfb-below-header-display":"","ast-hfb-mobile-header-display":"","site-post-title":"","ast-breadcrumbs-content":"","ast-featured-img":"","footer-sml-layout":"","theme-transparent-header-meta":"","adv-header-id-meta":"","stick-header-meta":"","header-above-stick-meta":"","header-main-stick-meta":"","header-below-stick-meta":"","astra-migrate-meta-layouts":"set","ast-page-background-enabled":"default","ast-page-background-meta":{"desktop":{"background-color":"var(--ast-global-color-4)","background-image":"","background-repeat":"repeat","background-position":"center center","background-size":"auto","background-attachment":"scroll","background-type":"","background-media":"","overlay-type":"","overlay-color":"","overlay-opacity":"","overlay-gradient":""},"tablet":{"background-color":"","background-image":"","background-repeat":"repeat","background-position":"center center","background-size":"auto","background-attachment":"scroll","background-type":"","background-media":"","overlay-type":"","overlay-color":"","overlay-opacity":"","overlay-gradient":""},"mobile":{"background-color":"","background-image":"","background-repeat":"repeat","background-position":"center center","background-size":"auto","background-attachment":"scroll","background-type":"","background-media":"","overlay-type":"","overlay-color":"","overlay-opacity":"","overlay-gradient":""}},"ast-content-background-meta":{"desktop":{"background-color":"var(--ast-global-color-5)","background-image":"","background-repeat":"repeat","background-position":"center center","background-size":"auto","background-attachment":"scroll","background-type":"","background-media":"","overlay-type":"","overlay-color":"","overlay-opacity":"","overlay-gradient":""},"tablet":{"background-color":"var(--ast-global-color-5)","background-image":"","background-repeat":"repeat","background-position":"center center","background-size":"auto","background-attachment":"scroll","background-type":"","background-media":"","overlay-type":"","overlay-color":"","overlay-opacity":"","overlay-gradient":""},"mobile":{"background-color":"var(--ast-global-color-5)","background-image":"","background-repeat":"repeat","background-position":"center center","background-size":"auto","background-attachment":"scroll","background-type":"","background-media":"","overlay-type":"","overlay-color":"","overlay-opacity":"","overlay-gradient":""}},"footnotes":""},"class_list":["post-2078","page","type-page","status-publish","has-post-thumbnail"],"_links":{"self":[{"href":"https:\/\/www.zumgoldenenschnitt.ch\/it\/wp-json\/wp\/v2\/pages\/2078","targetHints":{"allow":["GET"]}}],"collection":[{"href":"https:\/\/www.zumgoldenenschnitt.ch\/it\/wp-json\/wp\/v2\/pages"}],"about":[{"href":"https:\/\/www.zumgoldenenschnitt.ch\/it\/wp-json\/wp\/v2\/types\/page"}],"author":[{"embeddable":true,"href":"https:\/\/www.zumgoldenenschnitt.ch\/it\/wp-json\/wp\/v2\/users\/4"}],"replies":[{"embeddable":true,"href":"https:\/\/www.zumgoldenenschnitt.ch\/it\/wp-json\/wp\/v2\/comments?post=2078"}],"version-history":[{"count":11,"href":"https:\/\/www.zumgoldenenschnitt.ch\/it\/wp-json\/wp\/v2\/pages\/2078\/revisions"}],"predecessor-version":[{"id":2344,"href":"https:\/\/www.zumgoldenenschnitt.ch\/it\/wp-json\/wp\/v2\/pages\/2078\/revisions\/2344"}],"up":[{"embeddable":true,"href":"https:\/\/www.zumgoldenenschnitt.ch\/it\/wp-json\/wp\/v2\/pages\/555"}],"wp:featuredmedia":[{"embeddable":true,"href":"https:\/\/www.zumgoldenenschnitt.ch\/it\/wp-json\/wp\/v2\/media\/1585"}],"wp:attachment":[{"href":"https:\/\/www.zumgoldenenschnitt.ch\/it\/wp-json\/wp\/v2\/media?parent=2078"}],"curies":[{"name":"wp","href":"https:\/\/api.w.org\/{rel}","templated":true}]}}