{"id":2102,"date":"2025-06-01T17:56:23","date_gmt":"2025-06-01T15:56:23","guid":{"rendered":"https:\/\/www.zumgoldenenschnitt.ch\/?page_id=2102"},"modified":"2026-02-26T14:03:58","modified_gmt":"2026-02-26T13:03:58","slug":"3d-simulation-crisalix-2-2","status":"publish","type":"page","link":"https:\/\/www.zumgoldenenschnitt.ch\/it\/offerta\/petto\/simulazione-3d-crisalix-2-2\/","title":{"rendered":"Simulazione 3D con Crisalix"},"content":{"rendered":"<p>Sognate un seno pi\u00f9 pieno e armonioso e state pensando di sottoporvi a una mastoplastica additiva? L'incertezza sul risultato futuro e la scelta delle protesi adatte possono sollevare molte domande. Qual \u00e8 la taglia giusta? Quale forma si adatta meglio al mio corpo? Per aiutarvi in questa importante decisione, alla clinica Zum Goldenen Schnitt vi offriamo una soluzione innovativa: la simulazione 3D Crisalix. La simulazione 3D con Crisalix aiuta a farsi un'idea del possibile risultato, che spesso facilita la decisione.<\/p>\n<p>Crisalix ha origine da un progetto di ricerca delle Universit\u00e0 di Berna e Losanna e oggi \u00e8 uno dei pionieri nel campo della moderna visualizzazione 3D e 4D in chirurgia plastica. Con l'aiuto della simulazione 3D di Crisalix, \u00e8 possibile sperimentare realisticamente il possibile risultato di un intervento di chirurgia mammaria gi\u00e0 prima della procedura.<\/p>\n\t\t\t\t<img loading=\"lazy\" decoding=\"async\" src=\"https:\/\/www.zumgoldenenschnitt.ch\/wp-content\/uploads\/2023\/01\/brustvergroesserung-mit-implantaten-mammaaugmentation-basel.jpg\" alt=\"aumento del seno con protesi aumento del seno basel\" itemprop=\"image\" height=\"1000\" width=\"1000\" title=\"Ingrandimento del seno con impianti-mammario-augmentation-baselico\" onerror=\"this.style.display='none'\"  \/>\n\t<h2>Come funziona una simulazione 3D con Crisalix?<\/h2>\n<p>Durante la consultazione, vengono scattate foto della parte superiore del corpo da diverse angolazioni: frontalmente e dal lato destro e sinistro. Queste foto servono come base per la creazione del modello 3D personalizzato. Il software Crisalix genera in pochi secondi un'immagine tridimensionale del corpo a partire da queste foto.<\/p>\n<p>Una volta creato il vostro modello 3D personale, potrete provare virtualmente con il Dr. L\u00fcdi diverse dimensioni, forme e posizioni degli impianti. Il Dr. L\u00fcdi terr\u00e0 conto delle vostre condizioni anatomiche individuali per ottenere il risultato migliore e pi\u00f9 armonioso per voi. La simulazione realistica mostra il possibile risultato da diverse angolazioni. Oltre alla simulazione di un <a href=\"https:\/\/www.zumgoldenenschnitt.ch\/it\/offerta\/petto\/ingrandimento-del-seno-con-protesi-mammarie-augmentation\/\">aumento del seno classico<\/a>Crisalix pu\u00f2 essere utilizzato anche per visualizzare l'aumento del seno con <a href=\"https:\/\/www.zumgoldenenschnitt.ch\/it\/offerta\/petto\/aumento-del-seno-mia-femtech\/\">Mia Femtech<\/a>, <a href=\"https:\/\/www.zumgoldenenschnitt.ch\/it\/offerta\/petto\/conservazione-dellaumento-del-seno\/\">Preservato<\/a> o uno <a href=\"https:\/\/www.zumgoldenenschnitt.ch\/it\/offerta\/petto\/lifting-del-seno-mastopessi\/\">Sollevamento del seno<\/a> (con o senza impianti).<\/p>\n<p>Naturalmente, la simulazione Crisalix 3D non \u00e8 un'immagine prima e dopo e non viene fatta alcuna promessa di successo per l'intervento al seno, ma si ottiene una prima impressione di come il proprio corpo potrebbe cambiare visivamente a seguito di un eventuale intervento al seno.<\/p>\n<p>La simulazione 3D \u00e8 un'approssimazione realistica del possibile risultato e un'aggiunta preziosa al consulto specialistico, ma non lo sostituisce.<\/p>\n\t<p>Leggi anche gli articoli del Journal <a href=\"https:\/\/www.zumgoldenenschnitt.ch\/it\/forme-e-dimensioni-delle-protesi-mammarie\/\">\"Forme e dimensioni delle protesi mammarie\".<\/a>\u00a0e <a href=\"https:\/\/www.zumgoldenenschnitt.ch\/it\/aumento-del-seno-come-trovare-la-protesi-mammaria-della-misura-giusta-per-me\/\">\"Aumento del seno - Come faccio a trovare la protesi mammaria della misura giusta per me?\".<\/a>.<\/p>\n<p>Prenotate subito il vostro appuntamento di consulenza con il Dr. L\u00fcdi. Saremo lieti di accogliervi presto nella nostra clinica di Basilea.<\/p>\n\t\t\t<a href=\"https:\/\/booking.epat.ch\/goldenschnitt\/booking\" title=\"Clicca qui\" target=\"_blank\" rel=\"noopener\"  role=\"button\" aria-label=\"Prenota un appuntamento di consultazione\">\n\t\t\t\t\t\t\tPrenota un appuntamento di consultazione\n\t\t<\/a>","protected":false},"excerpt":{"rendered":"<p>Sognate un seno pi\u00f9 pieno e armonioso e state pensando di sottoporvi a una mastoplastica additiva? L'incertezza sul risultato futuro e la scelta delle protesi adatte possono sollevare molte domande. Qual \u00e8 la taglia giusta? Quale forma si adatta meglio al mio corpo? Per aiutarvi a prendere questa importante decisione, vi offriamo [...]<\/p>","protected":false},"author":4,"featured_media":2276,"parent":555,"menu_order":1,"comment_status":"closed","ping_status":"closed","template":"","meta":{"_seopress_robots_primary_cat":"","_seopress_titles_title":"3D-Simulation einer Brustvergr\u00f6sserung mit Crisalix | Dr. Simona L\u00fcdi | Basel","_seopress_titles_desc":"3D-Simulation einer Brustvergr\u00f6sserung mit Crisalix in Basel (Schweiz) \u2013 Dr. Simona L\u00fcdi, Klinik Zum Goldenen Schnitt: pers\u00f6nliche Beratung & nat\u00fcrliche Resultate.","_seopress_robots_index":"","inline_featured_image":false,"site-sidebar-layout":"default","site-content-layout":"","ast-site-content-layout":"default","site-content-style":"default","site-sidebar-style":"default","ast-global-header-display":"","ast-banner-title-visibility":"","ast-main-header-display":"","ast-hfb-above-header-display":"","ast-hfb-below-header-display":"","ast-hfb-mobile-header-display":"","site-post-title":"","ast-breadcrumbs-content":"","ast-featured-img":"","footer-sml-layout":"","theme-transparent-header-meta":"","adv-header-id-meta":"","stick-header-meta":"","header-above-stick-meta":"","header-main-stick-meta":"","header-below-stick-meta":"","astra-migrate-meta-layouts":"set","ast-page-background-enabled":"default","ast-page-background-meta":{"desktop":{"background-color":"var(--ast-global-color-4)","background-image":"","background-repeat":"repeat","background-position":"center center","background-size":"auto","background-attachment":"scroll","background-type":"","background-media":"","overlay-type":"","overlay-color":"","overlay-opacity":"","overlay-gradient":""},"tablet":{"background-color":"","background-image":"","background-repeat":"repeat","background-position":"center center","background-size":"auto","background-attachment":"scroll","background-type":"","background-media":"","overlay-type":"","overlay-color":"","overlay-opacity":"","overlay-gradient":""},"mobile":{"background-color":"","background-image":"","background-repeat":"repeat","background-position":"center center","background-size":"auto","background-attachment":"scroll","background-type":"","background-media":"","overlay-type":"","overlay-color":"","overlay-opacity":"","overlay-gradient":""}},"ast-content-background-meta":{"desktop":{"background-color":"var(--ast-global-color-5)","background-image":"","background-repeat":"repeat","background-position":"center center","background-size":"auto","background-attachment":"scroll","background-type":"","background-media":"","overlay-type":"","overlay-color":"","overlay-opacity":"","overlay-gradient":""},"tablet":{"background-color":"var(--ast-global-color-5)","background-image":"","background-repeat":"repeat","background-position":"center center","background-size":"auto","background-attachment":"scroll","background-type":"","background-media":"","overlay-type":"","overlay-color":"","overlay-opacity":"","overlay-gradient":""},"mobile":{"background-color":"var(--ast-global-color-5)","background-image":"","background-repeat":"repeat","background-position":"center center","background-size":"auto","background-attachment":"scroll","background-type":"","background-media":"","overlay-type":"","overlay-color":"","overlay-opacity":"","overlay-gradient":""}},"footnotes":""},"class_list":["post-2102","page","type-page","status-publish","has-post-thumbnail"],"_links":{"self":[{"href":"https:\/\/www.zumgoldenenschnitt.ch\/it\/wp-json\/wp\/v2\/pages\/2102","targetHints":{"allow":["GET"]}}],"collection":[{"href":"https:\/\/www.zumgoldenenschnitt.ch\/it\/wp-json\/wp\/v2\/pages"}],"about":[{"href":"https:\/\/www.zumgoldenenschnitt.ch\/it\/wp-json\/wp\/v2\/types\/page"}],"author":[{"embeddable":true,"href":"https:\/\/www.zumgoldenenschnitt.ch\/it\/wp-json\/wp\/v2\/users\/4"}],"replies":[{"embeddable":true,"href":"https:\/\/www.zumgoldenenschnitt.ch\/it\/wp-json\/wp\/v2\/comments?post=2102"}],"version-history":[{"count":3,"href":"https:\/\/www.zumgoldenenschnitt.ch\/it\/wp-json\/wp\/v2\/pages\/2102\/revisions"}],"predecessor-version":[{"id":2110,"href":"https:\/\/www.zumgoldenenschnitt.ch\/it\/wp-json\/wp\/v2\/pages\/2102\/revisions\/2110"}],"up":[{"embeddable":true,"href":"https:\/\/www.zumgoldenenschnitt.ch\/it\/wp-json\/wp\/v2\/pages\/555"}],"wp:featuredmedia":[{"embeddable":true,"href":"https:\/\/www.zumgoldenenschnitt.ch\/it\/wp-json\/wp\/v2\/media\/2276"}],"wp:attachment":[{"href":"https:\/\/www.zumgoldenenschnitt.ch\/it\/wp-json\/wp\/v2\/media?parent=2102"}],"curies":[{"name":"wp","href":"https:\/\/api.w.org\/{rel}","templated":true}]}}