{"id":50,"date":"2023-01-19T17:57:29","date_gmt":"2023-01-19T16:57:29","guid":{"rendered":"https:\/\/www.zumgoldenenschnitt.ch\/?page_id=50"},"modified":"2026-03-05T14:01:19","modified_gmt":"2026-03-05T13:01:19","slug":"team-2-2-2-2","status":"publish","type":"page","link":"https:\/\/www.zumgoldenenschnitt.ch\/it\/squadra-2-2-2-2-2\/","title":{"rendered":"Squadra"},"content":{"rendered":"<img decoding=\"async\" src=\"https:\/\/www.zumgoldenenschnitt.ch\/wp-content\/uploads\/2024\/07\/dr.-med.-simona-luedi-plastische-chirurgie-basel-w.jpg\" alt=\"Simona L\u00fcdi Ritratto\" title=\"\" itemprop=\"image\"\/>\n\t\t<h3>Simona L\u00fcdi, MD<\/h3>\t\t\t\n\t\t\t\t<p>Specialista FMH in Chirurgia Plastica, Ricostruttiva ed Estetica<\/p>\n\t\t\t\t\t\t<h5>maggiori informazioni<\/h5>\n\t\t\t<p>Simona L\u00fcdi, MD, \u00e8 cresciuta nella regione di Basilea e ha completato i suoi studi di medicina all'Universit\u00e0 di Basilea. Dopo una formazione pluriennale in chirurgia plastica presso diverse cliniche in Svizzera, ha conseguito il titolo federale (FMH) e il titolo europeo di specialista (EBOPRAS) in chirurgia plastica, ricostruttiva ed estetica.<\/p>\n<p>\u00c8 particolarmente interessata alla chirurgia del seno e del viso, nonch\u00e9 ai trattamenti di medicina estetica minimamente invasivi.<br \/>Grazie alla sua pluriennale esperienza chirurgica e ai regolari corsi di perfezionamento nazionali e internazionali nel campo della chirurgia plastica ed estetica e della medicina estetica, la Dott.ssa L\u00fcdi vi offre sempre le tecniche pi\u00f9 moderne al massimo livello.<\/p>\n<p>Tra l'altro, la clinica del Dr. L\u00fcdi \u00e8 una delle prime tre cliniche in Svizzera ad aver ottenuto la certificazione esclusiva per offrire un aumento del seno moderno e minimamente invasivo con Mia Femtech\u2122.<\/p>\n<p>Dal gennaio 2023, il dottor L\u00fcdi dirige la Praxisklinik am Rhein AG (ora Klinik Zum Goldenen Schnitt AG) di Basilea come successore del dottor Mark Nussberger e offre l'intero spettro della chirurgia plastica ed estetica. Gli interventi ambulatoriali possono essere eseguiti nella sala operatoria della clinica.<br \/>\u200b<br \/>Il Dr. L\u00fcdi sar\u00e0 lieto di dedicarvi del tempo, di discutere con voi le vostre preoccupazioni e i vostri desideri e di mostrarvi i metodi di trattamento pi\u00f9 adatti. La priorit\u00e0 assoluta \u00e8 la naturalezza e un trattamento individuale su misura per voi.<\/p>\n\t<p><a href=\"https:\/\/www.zumgoldenenschnitt.ch\/wp-content\/uploads\/2023\/02\/cv-simona-luedi-mit-adresse-website-ab-januar-2023.pdf\" target=\"_blank\" rel=\"noopener\">CV Simona L\u00fcdi, MD<\/a><\/p>\n\t\t\t\t<img decoding=\"async\" src=\"https:\/\/www.zumgoldenenschnitt.ch\/wp-content\/uploads\/bb-plugin\/cache\/philippe-luedi-w-circle.jpg\" alt=\"Philippe Luedi Ritratto\" title=\"\" itemprop=\"image\"\/>\n\t\t<h3>Arch. Philippe Laurent L\u00fcdi<\/h3>\t\t\t\n\t\t\t\t<p>Responsabile della clinica<\/p>\n\t\t\t\t<img decoding=\"async\" src=\"https:\/\/www.zumgoldenenschnitt.ch\/wp-content\/uploads\/2024\/07\/siria-talarico-w.jpg\" alt=\"Ritratto Siria Talarico\" title=\"\" itemprop=\"image\"\/>\n\t\t<h3>Siria Talarico<\/h3>\t\t\t\n\t\t\t\t<p>Assistente chirurgico senior e assistente di studio<\/p>\n\t\t\t\t<img decoding=\"async\" src=\"https:\/\/www.zumgoldenenschnitt.ch\/wp-content\/uploads\/bb-plugin\/cache\/portrait-gian-bonventre-circle.png\" alt=\"Ritratto Gian Bonventre\" title=\"Ritratto Gian Bonventre\" itemprop=\"image\"\/>\n\t\t<h3>Gina Bonventre<\/h3>\t\t\t\n\t\t\t\t<p>Badante<\/p>\n\t\t\t\t<img decoding=\"async\" src=\"https:\/\/www.zumgoldenenschnitt.ch\/wp-content\/uploads\/2023\/01\/portraitfoto-simona-l-di-4.png\" alt=\"ritratto foto simona l di 4\" title=\"ritratto foto-simona-l-di-4\" itemprop=\"image\"\/>\n\t\t<h3>Cl\u00e9o Binggeli<\/h3>\t\t\t\n\t\t\t\t<p>Assistente chirurgico<\/p>\n\t\t\t\t<img decoding=\"async\" src=\"https:\/\/www.zumgoldenenschnitt.ch\/wp-content\/uploads\/2024\/07\/dr.-med.-ritu-seifert-w.jpg\" alt=\"Ritu Seifert Ritratto\" title=\"\" itemprop=\"image\"\/>\n\t\t<h3>Ritu Seifert, MD<\/h3>\t\t\t\n\t\t\t\t<p>Specialista FMH per l'anestesia<\/p>","protected":false},"excerpt":{"rendered":"<p>Dott.ssa Simona L\u00fcdi FMH Specialista in Chirurgia Plastica, Ricostruttiva ed Estetica Maggiori informazioni La Dott.ssa Simona L\u00fcdi \u00e8 cresciuta nella regione di Basilea e ha completato gli studi di medicina presso l'Universit\u00e0 di Basilea. Dopo una formazione pluriennale in chirurgia plastica presso diverse cliniche in Svizzera, ha conseguito il titolo di specialista federale (FMH) ed europeo (EBOPRAS) [...].<\/p>","protected":false},"author":6,"featured_media":1562,"parent":0,"menu_order":0,"comment_status":"closed","ping_status":"closed","template":"","meta":{"_seopress_robots_primary_cat":"","_seopress_titles_title":"Team | Klinik Zum Goldenen Schnitt | Basel","_seopress_titles_desc":"Lernen Sie unser Team rund um Frau Dr. Simona L\u00fcdi kennen. Die Klinik Zum Goldenen Schnitt in Basel bietet Ihnen eine einzigartige, famili\u00e4re Atmosph\u00e4re.","_seopress_robots_index":"","inline_featured_image":false,"site-sidebar-layout":"default","site-content-layout":"","ast-site-content-layout":"default","site-content-style":"default","site-sidebar-style":"default","ast-global-header-display":"","ast-banner-title-visibility":"","ast-main-header-display":"","ast-hfb-above-header-display":"","ast-hfb-below-header-display":"","ast-hfb-mobile-header-display":"","site-post-title":"","ast-breadcrumbs-content":"","ast-featured-img":"","footer-sml-layout":"","theme-transparent-header-meta":"","adv-header-id-meta":"","stick-header-meta":"","header-above-stick-meta":"","header-main-stick-meta":"","header-below-stick-meta":"","astra-migrate-meta-layouts":"set","ast-page-background-enabled":"default","ast-page-background-meta":{"desktop":{"background-color":"var(--ast-global-color-4)","background-image":"","background-repeat":"repeat","background-position":"center center","background-size":"auto","background-attachment":"scroll","background-type":"","background-media":"","overlay-type":"","overlay-color":"","overlay-opacity":"","overlay-gradient":""},"tablet":{"background-color":"","background-image":"","background-repeat":"repeat","background-position":"center center","background-size":"auto","background-attachment":"scroll","background-type":"","background-media":"","overlay-type":"","overlay-color":"","overlay-opacity":"","overlay-gradient":""},"mobile":{"background-color":"","background-image":"","background-repeat":"repeat","background-position":"center center","background-size":"auto","background-attachment":"scroll","background-type":"","background-media":"","overlay-type":"","overlay-color":"","overlay-opacity":"","overlay-gradient":""}},"ast-content-background-meta":{"desktop":{"background-color":"var(--ast-global-color-5)","background-image":"","background-repeat":"repeat","background-position":"center center","background-size":"auto","background-attachment":"scroll","background-type":"","background-media":"","overlay-type":"","overlay-color":"","overlay-opacity":"","overlay-gradient":""},"tablet":{"background-color":"var(--ast-global-color-5)","background-image":"","background-repeat":"repeat","background-position":"center center","background-size":"auto","background-attachment":"scroll","background-type":"","background-media":"","overlay-type":"","overlay-color":"","overlay-opacity":"","overlay-gradient":""},"mobile":{"background-color":"var(--ast-global-color-5)","background-image":"","background-repeat":"repeat","background-position":"center center","background-size":"auto","background-attachment":"scroll","background-type":"","background-media":"","overlay-type":"","overlay-color":"","overlay-opacity":"","overlay-gradient":""}},"footnotes":""},"class_list":["post-50","page","type-page","status-publish","has-post-thumbnail"],"_links":{"self":[{"href":"https:\/\/www.zumgoldenenschnitt.ch\/it\/wp-json\/wp\/v2\/pages\/50","targetHints":{"allow":["GET"]}}],"collection":[{"href":"https:\/\/www.zumgoldenenschnitt.ch\/it\/wp-json\/wp\/v2\/pages"}],"about":[{"href":"https:\/\/www.zumgoldenenschnitt.ch\/it\/wp-json\/wp\/v2\/types\/page"}],"author":[{"embeddable":true,"href":"https:\/\/www.zumgoldenenschnitt.ch\/it\/wp-json\/wp\/v2\/users\/6"}],"replies":[{"embeddable":true,"href":"https:\/\/www.zumgoldenenschnitt.ch\/it\/wp-json\/wp\/v2\/comments?post=50"}],"version-history":[{"count":27,"href":"https:\/\/www.zumgoldenenschnitt.ch\/it\/wp-json\/wp\/v2\/pages\/50\/revisions"}],"predecessor-version":[{"id":2317,"href":"https:\/\/www.zumgoldenenschnitt.ch\/it\/wp-json\/wp\/v2\/pages\/50\/revisions\/2317"}],"wp:featuredmedia":[{"embeddable":true,"href":"https:\/\/www.zumgoldenenschnitt.ch\/it\/wp-json\/wp\/v2\/media\/1562"}],"wp:attachment":[{"href":"https:\/\/www.zumgoldenenschnitt.ch\/it\/wp-json\/wp\/v2\/media?parent=50"}],"curies":[{"name":"wp","href":"https:\/\/api.w.org\/{rel}","templated":true}]}}