{"id":540,"date":"2023-01-26T16:18:51","date_gmt":"2023-01-26T15:18:51","guid":{"rendered":"https:\/\/www.zumgoldenenschnitt.ch\/?page_id=540"},"modified":"2026-02-24T16:39:12","modified_gmt":"2026-02-24T15:39:12","slug":"faltenbehandlung","status":"publish","type":"page","link":"https:\/\/www.zumgoldenenschnitt.ch\/it\/offerta\/viso\/trattamento-delle-rughe\/","title":{"rendered":"Trattamento delle rughe"},"content":{"rendered":"<p>Nella nostra clinica di Basilea per la chirurgia plastica ed estetica, siamo specializzati in procedure moderne di medicina estetica. Le varie opzioni per il trattamento minimamente invasivo delle rughe comprendono iniezioni di rughe con <a href=\"https:\/\/www.zumgoldenenschnitt.ch\/it\/offerta\/botulino-ialurone\/acido-ialuronico\/\">Acido ialuronico<\/a> o di grasso autologo, trattamenti delle rughe con <a href=\"https:\/\/www.zumgoldenenschnitt.ch\/it\/offerta\/botulino-ialurone\/botulino-2\/\">Botulino<\/a>, <a href=\"https:\/\/www.zumgoldenenschnitt.ch\/it\/offerta\/botulino-ialurone\/profhilo-skinbooster\/\">Trattamenti skinbooster<\/a> ma anche <a href=\"https:\/\/www.zumgoldenenschnitt.ch\/it\/offerta\/viso\/prp-trattamento-vampiro-vita-terapia-sangue-vivo-in-basilea\/\">Terapie con sangue autologo (PRP)<\/a> per il ringiovanimento della pelle.<\/p>\n\t\t\t\t<img loading=\"lazy\" decoding=\"async\" src=\"https:\/\/www.zumgoldenenschnitt.ch\/wp-content\/uploads\/2023\/01\/faltenbehandlung.png\" alt=\"trattamento delle rughe\" itemprop=\"image\" height=\"3086\" width=\"3086\" title=\"Trattamento delle rughe\" onerror=\"this.style.display='none'\"  \/>\n\t\t\t\t<img loading=\"lazy\" decoding=\"async\" src=\"https:\/\/www.zumgoldenenschnitt.ch\/wp-content\/uploads\/2023\/01\/faltenbehandlung-basel.jpg\" alt=\"Trattamento delle rughe a Basilea\" itemprop=\"image\" height=\"1000\" width=\"1000\" title=\"trattamento delle rughe-basilea\" onerror=\"this.style.display='none'\"  \/>\n\t<p>Lo spettro delle diverse opzioni di trattamento e combinazione \u00e8 molto versatile. La dottoressa Simona L\u00fcdi, medico, sar\u00e0 lieta di consigliarvi nella sua clinica di Basilea e di elaborare con voi un piano di trattamento individuale. Non vediamo l'ora di vedervi.<\/p>\n<p>Leggi anche il nostro articolo sul Journal <a href=\"https:\/\/www.zumgoldenenschnitt.ch\/it\/trattamento-delle-rughe-botulino-o-acido-ialuronico\/\">\"Trattamento delle rughe: botulino o acido ialuronico?\".<\/a>.<\/p>\n\t\t\t<a href=\"https:\/\/booking.epat.ch\/goldenschnitt\/booking\" target=\"_blank\" rel=\"noopener\" role=\"button\" aria-label=\"Prenota un appuntamento di consultazione\">\n\t\t\t\t\t\t\tPrenota un appuntamento di consultazione\n\t\t<\/a>","protected":false},"excerpt":{"rendered":"<p>Nella nostra clinica di chirurgia plastica ed estetica di Basilea siamo specializzati in moderne procedure di medicina estetica. Le varie opzioni per il trattamento minimamente invasivo delle rughe includono iniezioni di acido ialuronico o di grasso autologo, trattamenti delle rughe con botulino, trattamenti di rinforzo della pelle e terapie con sangue autologo (PRP) per il ringiovanimento della pelle. La gamma di trattamenti e combinazioni \u00e8 molto varia. La dottoressa Simona med. [...]<\/p>","protected":false},"author":6,"featured_media":0,"parent":164,"menu_order":0,"comment_status":"closed","ping_status":"closed","template":"","meta":{"_seopress_robots_primary_cat":"","_seopress_titles_title":"Faltenbehandlung | Klinik Zum Goldenen Schnitt | Basel","_seopress_titles_desc":"Erholtes Aussehen & nat\u00fcrliche Faltenbehandlung mit Botulinum & Hyaluron durch Frau Dr. Simona L\u00fcdi, Fach\u00e4rztin f\u00fcr Plastische & \u00c4sthetische Chirurgie in Basel.","_seopress_robots_index":"","inline_featured_image":false,"site-sidebar-layout":"default","site-content-layout":"","ast-site-content-layout":"default","site-content-style":"default","site-sidebar-style":"default","ast-global-header-display":"","ast-banner-title-visibility":"","ast-main-header-display":"","ast-hfb-above-header-display":"","ast-hfb-below-header-display":"","ast-hfb-mobile-header-display":"","site-post-title":"","ast-breadcrumbs-content":"","ast-featured-img":"","footer-sml-layout":"","theme-transparent-header-meta":"","adv-header-id-meta":"","stick-header-meta":"","header-above-stick-meta":"","header-main-stick-meta":"","header-below-stick-meta":"","astra-migrate-meta-layouts":"set","ast-page-background-enabled":"default","ast-page-background-meta":{"desktop":{"background-color":"var(--ast-global-color-4)","background-image":"","background-repeat":"repeat","background-position":"center center","background-size":"auto","background-attachment":"scroll","background-type":"","background-media":"","overlay-type":"","overlay-color":"","overlay-opacity":"","overlay-gradient":""},"tablet":{"background-color":"","background-image":"","background-repeat":"repeat","background-position":"center center","background-size":"auto","background-attachment":"scroll","background-type":"","background-media":"","overlay-type":"","overlay-color":"","overlay-opacity":"","overlay-gradient":""},"mobile":{"background-color":"","background-image":"","background-repeat":"repeat","background-position":"center center","background-size":"auto","background-attachment":"scroll","background-type":"","background-media":"","overlay-type":"","overlay-color":"","overlay-opacity":"","overlay-gradient":""}},"ast-content-background-meta":{"desktop":{"background-color":"var(--ast-global-color-5)","background-image":"","background-repeat":"repeat","background-position":"center center","background-size":"auto","background-attachment":"scroll","background-type":"","background-media":"","overlay-type":"","overlay-color":"","overlay-opacity":"","overlay-gradient":""},"tablet":{"background-color":"var(--ast-global-color-5)","background-image":"","background-repeat":"repeat","background-position":"center center","background-size":"auto","background-attachment":"scroll","background-type":"","background-media":"","overlay-type":"","overlay-color":"","overlay-opacity":"","overlay-gradient":""},"mobile":{"background-color":"var(--ast-global-color-5)","background-image":"","background-repeat":"repeat","background-position":"center center","background-size":"auto","background-attachment":"scroll","background-type":"","background-media":"","overlay-type":"","overlay-color":"","overlay-opacity":"","overlay-gradient":""}},"footnotes":""},"class_list":["post-540","page","type-page","status-publish"],"_links":{"self":[{"href":"https:\/\/www.zumgoldenenschnitt.ch\/it\/wp-json\/wp\/v2\/pages\/540","targetHints":{"allow":["GET"]}}],"collection":[{"href":"https:\/\/www.zumgoldenenschnitt.ch\/it\/wp-json\/wp\/v2\/pages"}],"about":[{"href":"https:\/\/www.zumgoldenenschnitt.ch\/it\/wp-json\/wp\/v2\/types\/page"}],"author":[{"embeddable":true,"href":"https:\/\/www.zumgoldenenschnitt.ch\/it\/wp-json\/wp\/v2\/users\/6"}],"replies":[{"embeddable":true,"href":"https:\/\/www.zumgoldenenschnitt.ch\/it\/wp-json\/wp\/v2\/comments?post=540"}],"version-history":[{"count":11,"href":"https:\/\/www.zumgoldenenschnitt.ch\/it\/wp-json\/wp\/v2\/pages\/540\/revisions"}],"predecessor-version":[{"id":2281,"href":"https:\/\/www.zumgoldenenschnitt.ch\/it\/wp-json\/wp\/v2\/pages\/540\/revisions\/2281"}],"up":[{"embeddable":true,"href":"https:\/\/www.zumgoldenenschnitt.ch\/it\/wp-json\/wp\/v2\/pages\/164"}],"wp:attachment":[{"href":"https:\/\/www.zumgoldenenschnitt.ch\/it\/wp-json\/wp\/v2\/media?parent=540"}],"curies":[{"name":"wp","href":"https:\/\/api.w.org\/{rel}","templated":true}]}}