{"id":542,"date":"2023-01-26T16:19:15","date_gmt":"2023-01-26T15:19:15","guid":{"rendered":"https:\/\/www.zumgoldenenschnitt.ch\/?page_id=542"},"modified":"2026-02-24T16:41:20","modified_gmt":"2026-02-24T15:41:20","slug":"halsverjuengung","status":"publish","type":"page","link":"https:\/\/www.zumgoldenenschnitt.ch\/it\/offerta\/viso\/ringiovanimento-del-collo\/","title":{"rendered":"Ringiovanimento del collo"},"content":{"rendered":"<p>Finora si diceva: \"Il collo rivela la tua vera et\u00e0\". Gi\u00e0 in giovane et\u00e0 la pelle della zona del collo perde elasticit\u00e0, compaiono rughe sottili e solchi trasversali pi\u00f9 profondi. Grazie alle moderne e versatili opzioni di trattamento della medicina estetica, tuttavia, oggi non \u00e8 pi\u00f9 necessario indossare sciarpe e dolcevita per nascondere il collo dopo una certa et\u00e0.<\/p>\n<p>A seconda della situazione iniziale, sono disponibili diversi metodi di trattamento per il ringiovanimento del collo:<\/p>\n<ul>\n<li><a href=\"https:\/\/www.zumgoldenenschnitt.ch\/en\/offer\/botulinum-hyaluron\/profhilo-skinbooster\/\">Skinbooster \/ PROFHILO<\/a><\/li>\n<li><a href=\"https:\/\/www.zumgoldenenschnitt.ch\/it\/offerta\/viso\/prp-trattamento-vampiro-vita-terapia-sangue-vivo-in-basilea\/\">PRP\/Lifting vampiresco<\/a><\/li>\n<li>Radiesse\u00ae<\/li>\n<li>Rilassamento dei filamenti muscolari verticali (platysma) con <a href=\"https:\/\/www.zumgoldenenschnitt.ch\/it\/offerta\/botulino-ialurone\/botulino-2\/\">Botulino<\/a><\/li>\n<\/ul>\n\t\t\t\t<img loading=\"lazy\" decoding=\"async\" src=\"https:\/\/www.zumgoldenenschnitt.ch\/wp-content\/uploads\/2023\/01\/halsverjuengung-basel.jpg\" alt=\"ringiovanimento del collo a Basilea\" itemprop=\"image\" height=\"1000\" width=\"1000\" title=\"ringiovanimento del collo a Basilea\" onerror=\"this.style.display='none'\"  \/>\n\t<p>In qualit\u00e0 di chirurgo plastico ed estetico, la dottoressa L\u00fcdi \u00e8 specializzata in metodi di trattamento mini-invasivi e chirurgici e sar\u00e0 lieta di consigliarvi personalmente nella sua clinica di Basilea sul tema del ringiovanimento del collo. Non vediamo l'ora di vedervi.<\/p>\n\t\t\t<a href=\"https:\/\/booking.epat.ch\/goldenschnitt\/booking\" title=\"Clicca qui\" target=\"_blank\" rel=\"noopener\"  role=\"button\" aria-label=\"Prenota un appuntamento di consultazione\">\n\t\t\t\t\t\t\tPrenota un appuntamento di consultazione\n\t\t<\/a>","protected":false},"excerpt":{"rendered":"<p>Fino ad oggi si diceva: \"Il collo rivela la tua vera et\u00e0\". La pelle della zona del collo perde elasticit\u00e0 in giovane et\u00e0, compaiono rughe sottili e solchi trasversali pi\u00f9 profondi. Tuttavia, grazie alle moderne e versatili opzioni di trattamento della medicina estetica, non \u00e8 pi\u00f9 necessario indossare sciarpe e dolcevita per nascondere il collo di una certa et\u00e0. A seconda della situazione iniziale, esistono [...]<\/p>","protected":false},"author":6,"featured_media":0,"parent":164,"menu_order":0,"comment_status":"closed","ping_status":"closed","template":"","meta":{"_seopress_robots_primary_cat":"","_seopress_titles_title":"Halsverj\u00fcngung | Klinik Zum Goldenen Schnitt | Basel","_seopress_titles_desc":"Gerne ber\u00e4t Sie Frau Dr. Simona L\u00fcdi in unserer Klinik Zum Goldenen Schnitt in Basel bez\u00fcglich Halsverj\u00fcngung zur Straffung und Faltenbehandlung im Halsbereich.","_seopress_robots_index":"","inline_featured_image":false,"site-sidebar-layout":"default","site-content-layout":"","ast-site-content-layout":"default","site-content-style":"default","site-sidebar-style":"default","ast-global-header-display":"","ast-banner-title-visibility":"","ast-main-header-display":"","ast-hfb-above-header-display":"","ast-hfb-below-header-display":"","ast-hfb-mobile-header-display":"","site-post-title":"","ast-breadcrumbs-content":"","ast-featured-img":"","footer-sml-layout":"","theme-transparent-header-meta":"","adv-header-id-meta":"","stick-header-meta":"","header-above-stick-meta":"","header-main-stick-meta":"","header-below-stick-meta":"","astra-migrate-meta-layouts":"set","ast-page-background-enabled":"default","ast-page-background-meta":{"desktop":{"background-color":"var(--ast-global-color-4)","background-image":"","background-repeat":"repeat","background-position":"center center","background-size":"auto","background-attachment":"scroll","background-type":"","background-media":"","overlay-type":"","overlay-color":"","overlay-opacity":"","overlay-gradient":""},"tablet":{"background-color":"","background-image":"","background-repeat":"repeat","background-position":"center center","background-size":"auto","background-attachment":"scroll","background-type":"","background-media":"","overlay-type":"","overlay-color":"","overlay-opacity":"","overlay-gradient":""},"mobile":{"background-color":"","background-image":"","background-repeat":"repeat","background-position":"center center","background-size":"auto","background-attachment":"scroll","background-type":"","background-media":"","overlay-type":"","overlay-color":"","overlay-opacity":"","overlay-gradient":""}},"ast-content-background-meta":{"desktop":{"background-color":"var(--ast-global-color-5)","background-image":"","background-repeat":"repeat","background-position":"center center","background-size":"auto","background-attachment":"scroll","background-type":"","background-media":"","overlay-type":"","overlay-color":"","overlay-opacity":"","overlay-gradient":""},"tablet":{"background-color":"var(--ast-global-color-5)","background-image":"","background-repeat":"repeat","background-position":"center center","background-size":"auto","background-attachment":"scroll","background-type":"","background-media":"","overlay-type":"","overlay-color":"","overlay-opacity":"","overlay-gradient":""},"mobile":{"background-color":"var(--ast-global-color-5)","background-image":"","background-repeat":"repeat","background-position":"center center","background-size":"auto","background-attachment":"scroll","background-type":"","background-media":"","overlay-type":"","overlay-color":"","overlay-opacity":"","overlay-gradient":""}},"footnotes":""},"class_list":["post-542","page","type-page","status-publish"],"_links":{"self":[{"href":"https:\/\/www.zumgoldenenschnitt.ch\/it\/wp-json\/wp\/v2\/pages\/542","targetHints":{"allow":["GET"]}}],"collection":[{"href":"https:\/\/www.zumgoldenenschnitt.ch\/it\/wp-json\/wp\/v2\/pages"}],"about":[{"href":"https:\/\/www.zumgoldenenschnitt.ch\/it\/wp-json\/wp\/v2\/types\/page"}],"author":[{"embeddable":true,"href":"https:\/\/www.zumgoldenenschnitt.ch\/it\/wp-json\/wp\/v2\/users\/6"}],"replies":[{"embeddable":true,"href":"https:\/\/www.zumgoldenenschnitt.ch\/it\/wp-json\/wp\/v2\/comments?post=542"}],"version-history":[{"count":9,"href":"https:\/\/www.zumgoldenenschnitt.ch\/it\/wp-json\/wp\/v2\/pages\/542\/revisions"}],"predecessor-version":[{"id":2283,"href":"https:\/\/www.zumgoldenenschnitt.ch\/it\/wp-json\/wp\/v2\/pages\/542\/revisions\/2283"}],"up":[{"embeddable":true,"href":"https:\/\/www.zumgoldenenschnitt.ch\/it\/wp-json\/wp\/v2\/pages\/164"}],"wp:attachment":[{"href":"https:\/\/www.zumgoldenenschnitt.ch\/it\/wp-json\/wp\/v2\/media?parent=542"}],"curies":[{"name":"wp","href":"https:\/\/api.w.org\/{rel}","templated":true}]}}