{"id":56,"date":"2023-01-19T17:57:59","date_gmt":"2023-01-19T16:57:59","guid":{"rendered":"https:\/\/www.zumgoldenenschnitt.ch\/?page_id=56"},"modified":"2025-10-14T18:05:06","modified_gmt":"2025-10-14T16:05:06","slug":"kontakt","status":"publish","type":"page","link":"https:\/\/www.zumgoldenenschnitt.ch\/it\/contatto\/","title":{"rendered":"Contatto"},"content":{"rendered":"<a href=\"https:\/\/www.google.com\/maps\/place\/Dr.+med.+Simona+L%C3%BCdi\/data=!4m2!3m1!1s0x0:0x98f206d8bbb050a2?sa=X&#038;ved=1t:2428&#038;ictx=111&#038;cshid=1760457850690368\" target=\"_blank\" rel=\"noopener\"  itemprop=\"url\">\n\t\t\t\t<img loading=\"lazy\" decoding=\"async\" src=\"https:\/\/www.zumgoldenenschnitt.ch\/wp-content\/uploads\/2023\/01\/karte.jpg\" alt=\"mappa\" itemprop=\"image\" height=\"1000\" width=\"1000\" title=\"mappa\" onerror=\"this.style.display='none'\"  \/>\n\t\t\t\t<\/a>\n\t\t\t<h2>ALLA SEZIONE AUREA<\/h2>\t\t\t\n<p>Clinica Zum Goldenen Schnitt AG<br \/>St. Johanns-Vorstadt 70<br \/>CH-4056 Basilea<\/p>\n<a href=\"tel: 41613868080\">+41 61 386 80 80<\/a>\n<a href=\"mailto:klinik@zumgoldenenschnitt.ch\">klinik@zumgoldenenschnitt.ch<\/a>\n\t\t\t<h3>Orari di apertura<\/h3>\t\t\t\n<table border=\"0\" cellspacing=\"0\" cellpadding=\"0\">\n<tbody>\n<tr>\n<td>Luned\u00ec<\/td>\n<td>Dalle 8.00 alle 12.00 | dalle 13.00 alle 17.00<\/td>\n<\/tr>\n<tr>\n<td>Marted\u00ec<\/td>\n<td>Dalle 8.00 alle 12.00 e dalle 13.00 alle 19.00<\/td>\n<\/tr>\n<tr>\n<td>Mercoled\u00ec<\/td>\n<td>Dalle 8.00 alle 12.00 e dalle 13.00 alle 19.00<\/td>\n<\/tr>\n<tr>\n<td>Gioved\u00ec<\/td>\n<td>Dalle 8.00 alle 12.00 | dalle 13.00 alle 17.00<\/td>\n<\/tr>\n<tr>\n<td>Venerd\u00ec<\/td>\n<td>Dalle 8.00 alle 12.00 | dalle 13.00 alle 17.00<\/td>\n<\/tr>\n<\/tbody>\n<\/table>\n<p>Appuntamenti serali su prenotazione<\/p>\n\t\t\t<h3>Approccio e indicazioni<\/h3>\t\t\t\n<p>In auto:\u00a0<br \/>Il parcheggio multipiano City dell'Ospedale Universitario di Basilea si trova a 2 minuti a piedi dalla nostra clinica.<\/p>\n<p>Con i mezzi pubblici:\u00a0<br \/>Linea di tram 11 fino alla fermata Johanniterbr\u00fccke<br \/>Linea di autobus 30 fino alla fermata Johanniterbr\u00fccke<\/p>","protected":false},"excerpt":{"rendered":"<p>ZUM GOLDENEN SCHNITT Clinica Zum Goldenen Schnitt AGSt. Johanns-Vorstadt 70CH-4056 Basilea +41 61 386 80 80 klinik@zumgoldenenschnitt.ch Orari di apertura Luned\u00ec 8.00-12.00 | 13.00-17.00 Marted\u00ec 8.00-12.00 | 13.00-19.00 Mercoled\u00ec 8.00-12.00 | 13.00-19.00 Gioved\u00ec 8.00-12.00 | 13.00 [...]<\/p>","protected":false},"author":6,"featured_media":0,"parent":0,"menu_order":0,"comment_status":"closed","ping_status":"closed","template":"","meta":{"_seopress_robots_primary_cat":"","_seopress_titles_title":"Kontakt | Klinik Zum Goldenen Schnitt | Basel","_seopress_titles_desc":"Frau Dr. Simona L\u00fcdi und ihr Team empf\u00e4ngt Sie gerne in unserer Klinik Zum Goldenen Schnitt in Basel am Rheinufer. Wir freuen uns auf Sie.","_seopress_robots_index":"","inline_featured_image":false,"site-sidebar-layout":"default","site-content-layout":"","ast-site-content-layout":"default","site-content-style":"default","site-sidebar-style":"default","ast-global-header-display":"","ast-banner-title-visibility":"","ast-main-header-display":"","ast-hfb-above-header-display":"","ast-hfb-below-header-display":"","ast-hfb-mobile-header-display":"","site-post-title":"","ast-breadcrumbs-content":"","ast-featured-img":"","footer-sml-layout":"","theme-transparent-header-meta":"","adv-header-id-meta":"","stick-header-meta":"","header-above-stick-meta":"","header-main-stick-meta":"","header-below-stick-meta":"","astra-migrate-meta-layouts":"set","ast-page-background-enabled":"default","ast-page-background-meta":{"desktop":{"background-color":"var(--ast-global-color-4)","background-image":"","background-repeat":"repeat","background-position":"center center","background-size":"auto","background-attachment":"scroll","background-type":"","background-media":"","overlay-type":"","overlay-color":"","overlay-opacity":"","overlay-gradient":""},"tablet":{"background-color":"","background-image":"","background-repeat":"repeat","background-position":"center center","background-size":"auto","background-attachment":"scroll","background-type":"","background-media":"","overlay-type":"","overlay-color":"","overlay-opacity":"","overlay-gradient":""},"mobile":{"background-color":"","background-image":"","background-repeat":"repeat","background-position":"center center","background-size":"auto","background-attachment":"scroll","background-type":"","background-media":"","overlay-type":"","overlay-color":"","overlay-opacity":"","overlay-gradient":""}},"ast-content-background-meta":{"desktop":{"background-color":"var(--ast-global-color-5)","background-image":"","background-repeat":"repeat","background-position":"center center","background-size":"auto","background-attachment":"scroll","background-type":"","background-media":"","overlay-type":"","overlay-color":"","overlay-opacity":"","overlay-gradient":""},"tablet":{"background-color":"var(--ast-global-color-5)","background-image":"","background-repeat":"repeat","background-position":"center center","background-size":"auto","background-attachment":"scroll","background-type":"","background-media":"","overlay-type":"","overlay-color":"","overlay-opacity":"","overlay-gradient":""},"mobile":{"background-color":"var(--ast-global-color-5)","background-image":"","background-repeat":"repeat","background-position":"center center","background-size":"auto","background-attachment":"scroll","background-type":"","background-media":"","overlay-type":"","overlay-color":"","overlay-opacity":"","overlay-gradient":""}},"footnotes":""},"class_list":["post-56","page","type-page","status-publish"],"_links":{"self":[{"href":"https:\/\/www.zumgoldenenschnitt.ch\/it\/wp-json\/wp\/v2\/pages\/56","targetHints":{"allow":["GET"]}}],"collection":[{"href":"https:\/\/www.zumgoldenenschnitt.ch\/it\/wp-json\/wp\/v2\/pages"}],"about":[{"href":"https:\/\/www.zumgoldenenschnitt.ch\/it\/wp-json\/wp\/v2\/types\/page"}],"author":[{"embeddable":true,"href":"https:\/\/www.zumgoldenenschnitt.ch\/it\/wp-json\/wp\/v2\/users\/6"}],"replies":[{"embeddable":true,"href":"https:\/\/www.zumgoldenenschnitt.ch\/it\/wp-json\/wp\/v2\/comments?post=56"}],"version-history":[{"count":23,"href":"https:\/\/www.zumgoldenenschnitt.ch\/it\/wp-json\/wp\/v2\/pages\/56\/revisions"}],"predecessor-version":[{"id":2252,"href":"https:\/\/www.zumgoldenenschnitt.ch\/it\/wp-json\/wp\/v2\/pages\/56\/revisions\/2252"}],"wp:attachment":[{"href":"https:\/\/www.zumgoldenenschnitt.ch\/it\/wp-json\/wp\/v2\/media?parent=56"}],"curies":[{"name":"wp","href":"https:\/\/api.w.org\/{rel}","templated":true}]}}