{"id":573,"date":"2023-01-26T16:41:22","date_gmt":"2023-01-26T15:41:22","guid":{"rendered":"https:\/\/www.zumgoldenenschnitt.ch\/?page_id=573"},"modified":"2026-02-26T14:07:39","modified_gmt":"2026-02-26T13:07:39","slug":"prp-behandlung-vampir-lifting-eigenbluttherapie-in-basel","status":"publish","type":"page","link":"https:\/\/www.zumgoldenenschnitt.ch\/it\/offerta\/viso\/prp-trattamento-vampiro-vita-terapia-sangue-vivo-in-basilea\/","title":{"rendered":"Trattamento PRP | Vampire Lift | Terapia con sangue autologo a Basilea"},"content":{"rendered":"<p>Il trattamento con plasma ricco di piastrine (PRP) \u00e8 un modo efficace per rigenerare la pelle in modo naturale e con le sue stesse forze. Il plasma sanguigno contiene una grande quantit\u00e0 di fattori di crescita e proteine che hanno un effetto positivo sulla pelle. La terapia con sangue autologo sfrutta i processi naturali di guarigione del nostro corpo: Quando si verifica una lesione, le piastrine e altri componenti migrano nell'area interessata e assicurano principalmente l'emostasi e la successiva riparazione del tessuto. In un trattamento PRP, il plasma ricco di piastrine viene iniettato direttamente nella pelle (lifting vampiro) o combinato con un trattamento di microneedling. Le microlesioni e i fattori di crescita presenti nel plasma o nelle piastrine stimolano il rinnovamento cellulare e stimolano la produzione propria di collagene, elastina e acido ialuronico naturale. Ci\u00f2 conferisce naturalmente alla pelle maggiore elasticit\u00e0, freschezza e vitalit\u00e0 e porta a un miglioramento dell'aspetto della pelle e a un colorito roseo. Il trattamento con PRP non \u00e8 solo un metodo naturale anti-invecchiamento, ma viene utilizzato con successo anche contro le occhiaie, per il ringiovanimento del collo o per il trattamento delle cicatrici da acne e della perdita di capelli.<\/p>\n\t\t\t\t<img loading=\"lazy\" decoding=\"async\" src=\"https:\/\/www.zumgoldenenschnitt.ch\/wp-content\/uploads\/2023\/01\/3-trattamento-prp_sangue-proprio-vampir-lifting-info-it.svg\" alt=\"3 prp autoemoterapia viso info\" itemprop=\"image\" height=\"1000\" width=\"1000\" title=\"3-prp_sangue-sangue-terapia-viso-infos\" onerror=\"this.style.display='none'\"  \/>\n\t\t\t\t<img loading=\"lazy\" decoding=\"async\" src=\"https:\/\/www.zumgoldenenschnitt.ch\/wp-content\/uploads\/2023\/01\/prp-behandlung-vampire-lifting-_-eigenbluttherapie-in-basel-basel.jpg\" alt=\"trattamento prp vampiro lifting autoemoterapia a basel basel\" itemprop=\"image\" height=\"1000\" width=\"1000\" title=\"prp-trattamento-vampiro-lifting_terapia-sangue-sanguigno-in-basilea-basilea\" onerror=\"this.style.display='none'\"  \/>\n\t<h2>Area di applicazione<\/h2>\n<ul>\n<li>Ringiovanimento della pelle<\/li>\n<li>Rughe<\/li>\n<li>Occhiaie<\/li>\n<li>Trattamento delle cicatrici, comprese quelle da acne<\/li>\n<li>Disturbi della pigmentazione<\/li>\n<li>Crescita dei capelli<\/li>\n<\/ul>\n<h2>Il trattamento<\/h2>\n<ol>\n<li>Preparazione della pelle e applicazione di una crema anestetica locale<\/li>\n<li>Prelievo di una piccola quantit\u00e0 di sangue<\/li>\n<li>Trattamento e centrifugazione del sangue, raccolta di plasma ricco di piastrine (PRP)<\/li>\n<li>Iniezione di PRP nella regione desiderata (palpebra inferiore, zona della bocca, fronte, attaccatura dei capelli, ecc.) o in combinazione con un trattamento di microneedling.<\/li>\n<li>Maschera per il viso, crema idratante per la pelle e crema per la protezione solare<\/li>\n<\/ol>\n<p>Per ottenere risultati ottimali, si consiglia di eseguire 3 o 4 trattamenti con PRP a intervalli di circa 4 settimane.<\/p>\n<h2>Il trattamento successivo a una terapia con sangue autologo<\/h2>\n<ul>\n<li>Trattamento idratante per la pelle<\/li>\n<li>Protezione solare con fattore di protezione 50+ per 3 mesi<\/li>\n<li>Trucco possibile fin dal primo giorno dopo il trattamento<\/li>\n<\/ul>\n<h2>Rischi e complicazioni<\/h2>\nPoich\u00e9 il PRP \u00e8 materiale proprio dell'organismo, il trattamento \u00e8 sicuro e ben tollerato. I piccoli lividi sono molto rari perch\u00e9 lavoriamo con aghi molto sottili.<br \/>\nSe il trattamento PRP \u00e8 combinato con il microneedling, la pelle sar\u00e0 arrossata subito dopo il trattamento. Tuttavia, l'arrossamento della pelle si attenua notevolmente gi\u00e0 dopo poche ore e di solito non \u00e8 pi\u00f9 presente dopo 2 o 3 giorni.\n<h2>Domande frequenti<\/h2>\n\t\t\t\t\t\t\t\t\t\t<h3 tabindex=\"0\">Quando \u00e8 visibile l'effetto di un trattamento PRP?<\/h3>\n\t\t\t\t\t<p>Dopo l'iniezione del plasma, i processi di rigenerazione della pelle vengono messi in moto e viene stimolata una maggiore produzione di collagene ed elastina.<br \/>Gi\u00e0 pochi giorni dopo un trattamento di microneedling si nota un primo effetto e la pelle appare pi\u00f9 luminosa e fresca. Tuttavia, sono necessari da 2 a 3 mesi prima che si sviluppi l'effetto completo di un trattamento PRP e che i processi di rigenerazione entrino in azione.<\/p>\n\t\t\t\t\t\t\t\t\t\t<h3 tabindex=\"0\">Quanti trattamenti PRP sono necessari?<\/h3>\n\t\t\t\t\t<p>Il numero di trattamenti consigliati dipende dai risultati iniziali e dal risultato desiderato. Di norma, per un risultato ottimale si consigliano 3 o 4 trattamenti con PRP a intervalli di circa 4 settimane.<\/p>\n\t\t\t\t\t\t\t\t\t\t<h3 tabindex=\"0\">Quando sar\u00f2 di nuovo socialmente accettabile dopo una terapia con sangue autologo?<\/h3>\n\t\t\t\t\t<p>Di norma, potrete riprendere a socializzare dopo 1 o 2 giorni al massimo. A seconda della tecnica di trattamento, all'inizio la pelle pu\u00f2 essere leggermente arrossata, ma questo scompare rapidamente. Il giorno successivo al trattamento, \u00e8 possibile truccarsi nuovamente e coprire i leggeri arrossamenti con il make-up.<\/p>\n\t\t\t\t\t\t\t\t\t\t<h3 tabindex=\"0\">Quando posso tornare a truccarmi dopo un trattamento PRP?<\/h3>\n\t\t\t\t\t<p>Il giorno del trattamento \u00e8 necessario astenersi dal truccarsi. Gi\u00e0 il giorno successivo al trattamento \u00e8 possibile truccarsi nuovamente e coprire i leggeri arrossamenti con il trucco.<\/p>\n\t\t\t\t\t\t\t\t\t\t<h3 tabindex=\"0\">Quanto costa una terapia con sangue autologo \/ vampire lift presso la Clinica Zum Goldenen Schnitt di Basilea?<\/h3>\n\t\t\t\t\t<p>Un trattamento PRP \u00e8 disponibile presso di noi a partire da 500 franchi.<\/p>\n\t<p>Leggi anche il nostro articolo sul Journal <a href=\"https:\/\/www.zumgoldenenschnitt.ch\/it\/lifting-vampiresco-per-una-pelle-fresca-e-luminosa\/\">\"Vampire Lift per una pelle fresca e luminosa!\".<\/a>.<\/p>\n<p>La Dr. med. Simona L\u00fcdi sar\u00e0 lieta di accogliervi per una consulenza personale per una terapia con sangue autologo nella nostra clinica di Basilea. Non vediamo l'ora di vedervi.<\/p>\n\t\t\t<a href=\"https:\/\/booking.epat.ch\/goldenschnitt\/booking\" target=\"_blank\" rel=\"noopener\" role=\"button\" aria-label=\"Prenota un appuntamento di consultazione\">\n\t\t\t\t\t\t\tPrenota un appuntamento di consultazione\n\t\t<\/a>","protected":false},"excerpt":{"rendered":"<p>Il trattamento con plasma ricco di piastrine (PRP) \u00e8 un modo efficace per rigenerare la pelle in modo naturale e autonomo. Il plasma sanguigno contiene una grande quantit\u00e0 di fattori di crescita e proteine che hanno un effetto positivo sulla pelle. La terapia con sangue autologo utilizza i processi naturali di guarigione del nostro corpo: In caso di lesione, le piastrine del sangue e [...]<\/p>","protected":false},"author":6,"featured_media":0,"parent":164,"menu_order":0,"comment_status":"closed","ping_status":"closed","template":"","meta":{"_seopress_robots_primary_cat":"","_seopress_titles_title":"PRP Behandlung | Vampir Lifting | Eigenbluttherapie | Basel","_seopress_titles_desc":"Verfeinerung von Poren und Hautbild, Anti-Aging & Behandlung von Aknenarben mittels PRP (Eigenbluttherapie) \/ Vampir Lifting bei Dr. Simona L\u00fcdi in Basel.","_seopress_robots_index":"","inline_featured_image":false,"site-sidebar-layout":"default","site-content-layout":"","ast-site-content-layout":"default","site-content-style":"default","site-sidebar-style":"default","ast-global-header-display":"","ast-banner-title-visibility":"","ast-main-header-display":"","ast-hfb-above-header-display":"","ast-hfb-below-header-display":"","ast-hfb-mobile-header-display":"","site-post-title":"","ast-breadcrumbs-content":"","ast-featured-img":"","footer-sml-layout":"","theme-transparent-header-meta":"","adv-header-id-meta":"","stick-header-meta":"","header-above-stick-meta":"","header-main-stick-meta":"","header-below-stick-meta":"","astra-migrate-meta-layouts":"set","ast-page-background-enabled":"default","ast-page-background-meta":{"desktop":{"background-color":"var(--ast-global-color-4)","background-image":"","background-repeat":"repeat","background-position":"center center","background-size":"auto","background-attachment":"scroll","background-type":"","background-media":"","overlay-type":"","overlay-color":"","overlay-opacity":"","overlay-gradient":""},"tablet":{"background-color":"","background-image":"","background-repeat":"repeat","background-position":"center center","background-size":"auto","background-attachment":"scroll","background-type":"","background-media":"","overlay-type":"","overlay-color":"","overlay-opacity":"","overlay-gradient":""},"mobile":{"background-color":"","background-image":"","background-repeat":"repeat","background-position":"center center","background-size":"auto","background-attachment":"scroll","background-type":"","background-media":"","overlay-type":"","overlay-color":"","overlay-opacity":"","overlay-gradient":""}},"ast-content-background-meta":{"desktop":{"background-color":"var(--ast-global-color-5)","background-image":"","background-repeat":"repeat","background-position":"center center","background-size":"auto","background-attachment":"scroll","background-type":"","background-media":"","overlay-type":"","overlay-color":"","overlay-opacity":"","overlay-gradient":""},"tablet":{"background-color":"var(--ast-global-color-5)","background-image":"","background-repeat":"repeat","background-position":"center center","background-size":"auto","background-attachment":"scroll","background-type":"","background-media":"","overlay-type":"","overlay-color":"","overlay-opacity":"","overlay-gradient":""},"mobile":{"background-color":"var(--ast-global-color-5)","background-image":"","background-repeat":"repeat","background-position":"center center","background-size":"auto","background-attachment":"scroll","background-type":"","background-media":"","overlay-type":"","overlay-color":"","overlay-opacity":"","overlay-gradient":""}},"footnotes":""},"class_list":["post-573","page","type-page","status-publish"],"_links":{"self":[{"href":"https:\/\/www.zumgoldenenschnitt.ch\/it\/wp-json\/wp\/v2\/pages\/573","targetHints":{"allow":["GET"]}}],"collection":[{"href":"https:\/\/www.zumgoldenenschnitt.ch\/it\/wp-json\/wp\/v2\/pages"}],"about":[{"href":"https:\/\/www.zumgoldenenschnitt.ch\/it\/wp-json\/wp\/v2\/types\/page"}],"author":[{"embeddable":true,"href":"https:\/\/www.zumgoldenenschnitt.ch\/it\/wp-json\/wp\/v2\/users\/6"}],"replies":[{"embeddable":true,"href":"https:\/\/www.zumgoldenenschnitt.ch\/it\/wp-json\/wp\/v2\/comments?post=573"}],"version-history":[{"count":10,"href":"https:\/\/www.zumgoldenenschnitt.ch\/it\/wp-json\/wp\/v2\/pages\/573\/revisions"}],"predecessor-version":[{"id":2285,"href":"https:\/\/www.zumgoldenenschnitt.ch\/it\/wp-json\/wp\/v2\/pages\/573\/revisions\/2285"}],"up":[{"embeddable":true,"href":"https:\/\/www.zumgoldenenschnitt.ch\/it\/wp-json\/wp\/v2\/pages\/164"}],"wp:attachment":[{"href":"https:\/\/www.zumgoldenenschnitt.ch\/it\/wp-json\/wp\/v2\/media?parent=573"}],"curies":[{"name":"wp","href":"https:\/\/api.w.org\/{rel}","templated":true}]}}