{"id":586,"date":"2023-01-26T16:46:00","date_gmt":"2023-01-26T15:46:00","guid":{"rendered":"https:\/\/www.zumgoldenenschnitt.ch\/?page_id=586"},"modified":"2026-02-26T14:02:38","modified_gmt":"2026-02-26T13:02:38","slug":"botulinum","status":"publish","type":"page","link":"https:\/\/www.zumgoldenenschnitt.ch\/it\/offerta\/botulino-ialurone\/botulino-2\/","title":{"rendered":"Botox | Botulino per il trattamento delle rughe"},"content":{"rendered":"<p>La tossina botulinica, nota anche con il nome commerciale di Botox\u00ae, \u00e8 una sostanza attiva sui nervi (neurotossina) estratta dal batterio Clostridium botulinum. In campo medico, la tossina botulinica \u00e8 utilizzata principalmente per trattare gli spasmi muscolari, ma \u00e8 anche adatta per trattare le rughe mimiche, il digrignamento dei denti e l'aumento della sudorazione. Inoltre <a href=\"https:\/\/www.zumgoldenenschnitt.ch\/it\/offerta\/botulino-ialurone\/acido-ialuronico\/\">Acido ialuronico<\/a> La tossina botulinica \u00e8 una delle sostanze pi\u00f9 utilizzate in medicina estetica.<\/p>\n\t\t\t\t<img loading=\"lazy\" decoding=\"async\" src=\"https:\/\/www.zumgoldenenschnitt.ch\/wp-content\/uploads\/2023\/01\/7-botulinum-info-it.svg\" alt=\"7 info sul botulino\" itemprop=\"image\" height=\"1000\" width=\"1000\" title=\"7-botulino-infos\" onerror=\"this.style.display='none'\"  \/>\n\t\t\t\t<img loading=\"lazy\" decoding=\"async\" src=\"https:\/\/www.zumgoldenenschnitt.ch\/wp-content\/uploads\/2023\/01\/botulinum-basel.jpg\" alt=\"botulino di Basilea\" itemprop=\"image\" height=\"1000\" width=\"1000\" title=\"botulino di Basilea\" onerror=\"this.style.display='none'\"  \/>\n\t<h2>Trattamento delle rughe con Botox \/ Botulino<\/h2>\n<p>La tossina botulinica ha dimostrato la sua validit\u00e0 nel trattamento delle rughe causate dalle nostre espressioni facciali (rughe mimiche). Queste includono le rughe di espressione, le rughe della fronte e le rughe del sorriso o \"zampe di gallina\" intorno agli occhi. Nel trattamento delle rughe con la tossina botulinica, il farmaco viene iniettato specificamente nei muscoli da trattare utilizzando un ago molto sottile. In questo modo si rilassa il muscolo corrispondente e le rughe mimiche si attenuano e la pelle si distende.<\/p>\n<p>Nella giusta dose, il trattamento con tossina botulinica consente di ottenere un'espressione del viso rilassata e fresca con una significativa riduzione delle rughe, senza apparire innaturale o simile a una maschera. L'effetto si manifesta lentamente dopo circa 4 giorni, si sviluppa completamente dopo circa 10-14 giorni e dura per 3-4 mesi. Con l'uso ripetuto, l'effetto pu\u00f2 talvolta essere prolungato in modo significativo.<\/p>\n<p>La dottoressa Simona L\u00fcdi sar\u00e0 lieta di consigliarvi nella sua clinica di Basilea e di elaborare con voi un piano di trattamento individuale.<\/p>\n<h2>Botox \/ botulino per il trattamento del digrignamento dei denti | bruxismo<\/h2>\n<p><a href=\"https:\/\/www.zumgoldenenschnitt.ch\/it\/offerta\/sudore\/trattamento-del-bruxismo-massetere\/\">Digrignamento dei denti<\/a>conosciuto anche con il termine tecnico <a href=\"https:\/\/www.zumgoldenenschnitt.ch\/it\/offerta\/sudore\/trattamento-del-bruxismo-massetere\/\">\"Bruxismo\"<\/a> Il bruxismo si manifesta soprattutto durante il sonno e provoca lo sfregamento della mascella superiore e inferiore. Se non trattato, il bruxismo pu\u00f2 portare a gravi conseguenze per i denti e le mascelle a lungo termine. Il trattamento con la tossina botulinica \u00e8 un metodo particolarmente efficace contro il digrignamento notturno dei denti. La tossina botulinica rilassa i muscoli. Durante il <a href=\"https:\/\/www.zumgoldenenschnitt.ch\/it\/offerta\/sudore\/trattamento-del-bruxismo-massetere\/\">Trattamento del digrignamento dei denti<\/a> La tossina botulinica viene iniettata nel muscolo masticatore in determinati punti su ciascun lato della guancia, in modo da rilassarlo. Il muscolo non si rilassa completamente, ma si limita a rilassarsi. Mangiare e masticare sono ancora possibili come di consueto, ma il digrignamento e il forte serramento dei denti sono impediti. I pazienti colpiti di solito riferiscono un rapido miglioramento del dolore poco dopo il primo trattamento con tossina botulinica.<\/p>\n<h2>Botox \/ botulino per il trattamento dell'emicrania<\/h2>\n<p>La tossina botulinica pu\u00f2 essere un trattamento molto efficace per le persone con <a href=\"https:\/\/www.zumgoldenenschnitt.ch\/it\/offerta\/sudore\/botox-emicrania\/\">Emicrania cronica<\/a> essere. Durante gli attacchi di emicrania, i muscoli delle spalle, del collo, della gola e del viso diventano molto tesi. Di conseguenza, i muscoli premono sui vasi sanguigni e inibiscono la circolazione del sangue, causando una mancanza di ossigeno. Ne conseguono forti emicranie e talvolta nausea, sensibilit\u00e0 al rumore e alla luce.<\/p>\n<p>Il trattamento con botulino prevede diverse iniezioni nell'area del viso, della testa e del collo, che vengono ripetute ogni 3-4 mesi. Il botulino inibisce il rilascio della sostanza messaggera acetilcolina, responsabile dell'attivazione muscolare. Questo riduce la tensione muscolare durante un attacco di emicrania. \u00c8 molto probabile che il botulino blocchi anche la trasmissione dei segnali di dolore. Il trattamento pu\u00f2 spesso ridurre la frequenza degli attacchi di emicrania e\/o la gravit\u00e0 del mal di testa.<\/p>\n<h2>Botox \/ botulino per il trattamento della sudorazione \/ iperidrosi<\/h2>\n<p><a href=\"https:\/\/www.zumgoldenenschnitt.ch\/it\/offerta\/sudore\/trattamento-iperidrosi-sudorazione-pesante\/\">Sudorazione abbondante (iperidrosi)<\/a> pu\u00f2 essere molto spiacevole per chi ne \u00e8 affetto e pu\u00f2 avere un impatto significativo sulla vita quotidiana. Le iniezioni di botulino sono un'opzione di trattamento efficace per la sudorazione eccessiva e sono offerte dalla dottoressa Simona L\u00fcdi nella sua clinica di Basilea. La dottoressa L\u00fcdi sar\u00e0 lieta di aiutarvi a condurre una vita senza fastidiose sudorazioni!<\/p>\n<p>Il principio attivo botulino, noto soprattutto per il trattamento delle rughe, pu\u00f2 essere utilizzato anche contro la sudorazione abbondante. In questo caso, il farmaco viene iniettato con aghi molto sottili nell'area cutanea interessata dalla sudorazione eccessiva (per esempio la regione ascellare, le mani, i piedi). Il botulino riduce il rilascio di sudore sviluppando il suo effetto direttamente sulle ghiandole sudoripare e bloccando specificamente gli impulsi nervosi per la secrezione di sudore.<\/p>\n<p>L'effetto si manifesta dopo circa 3-4 giorni e si sviluppa completamente al massimo dopo 10-14 giorni. La durata dell'effetto varia da persona a persona, ma di solito dura dai 4 ai 6 mesi. Dopodich\u00e9, riprende la sudorazione originaria. Tuttavia, molti pazienti sperimentano una durata maggiore dell'effetto, soprattutto dopo pi\u00f9 iniezioni di botulino.<\/p>\n<h2>Costi<\/h2>\n<p>Trattamento delle rughe: da CHF 300<\/p>\n<p>Bruxismo: da CHF 450<\/p>\n<p>Emicrania: a partire da 800 franchi<\/p>\n<p>Iperidrosi: a partire da 800 franchi<\/p>\n<h2>Domande frequenti<\/h2>\n\t\t\t\t\t\t\t\t\t\t<h3 tabindex=\"0\">Per quali rughe \u00e8 indicato il trattamento con botulino?<\/h3>\n\t\t\t\t\t<p>Grazie al suo meccanismo d'azione, il botulino \u00e8 indicato per il trattamento delle rughe mimiche, cio\u00e8 quelle che si formano a causa di un'eccessiva attivit\u00e0 muscolare. Si tratta, ad esempio, di rughe di espressione, rughe della fronte e zampe di gallina ai lati dell'occhio.<\/p>\n\t\t\t\t\t\t\t\t\t\t<h3 tabindex=\"0\">\u00c8 possibile sollevare le sopracciglia con il botulino?<\/h3>\n\t\t\t\t\t<p>S\u00ec, un leggero sollevamento delle sopracciglia di 1-2 mm \u00e8 possibile con il botulino. Questo apre l'occhio e pu\u00f2 aiutare a ottenere uno sguardo fresco.<\/p>\n\t\t\t\t\t\t\t\t\t\t<h3 tabindex=\"0\">Devo aspettarmi un viso simile a una maschera dopo un trattamento con botulino?<\/h3>\n\t\t\t\t\t<p>No, assolutamente no. Molti clienti temono un'espressione facciale simile a una maschera, congelata, dopo un trattamento con botulino. Tuttavia, nelle mani giuste ed esperte, \u00e8 possibile ottenere risultati molto naturali con il botulino, senza perdere la mimica facciale. L'esperienza della dottoressa L\u00fcdi le permette di applicare la tecnica e il dosaggio corretti in modo che i muscoli mimici siano leggermente rilassati ma non completamente bloccati. Il nostro obiettivo \u00e8 ottenere un aspetto fresco e rinnovato, mantenendo la naturalezza e l'espressione del viso.<\/p>\n\t\t\t\t\t\t\t\t\t\t<h3 tabindex=\"0\">A che et\u00e0 dovrei considerare un primo trattamento con il botulino?<\/h3>\n\t\t\t\t\t<p>Non appena compaiono le prime rughe superficiali nell'area della fronte, della linea delle sopracciglia o sul lato dell'occhio, pu\u00f2 essere utile iniziare con un primo trattamento botulinico. Grazie al suo effetto di rilassamento muscolare, il botulino ha anche un effetto profilattico e l'obiettivo \u00e8 quello di prevenire l'approfondimento delle rughe mimiche.<\/p>\n\t\t\t\t\t\t\t\t\t\t<h3 tabindex=\"0\">Cosa si deve osservare dopo un trattamento con botulino?<\/h3>\n\t\t\t\t\t<p>Per un risultato ottimale, \u00e8 necessario evitare sport e sauna per i primi 2 giorni dopo il trattamento botulinico. Toccare il meno possibile l'area trattata e non massaggiarla in nessun caso per evitare una distribuzione indesiderata della tossina botulinica. \u00c8 possibile applicare nuovamente il trucco a partire dal giorno successivo.<\/p>\n\t\t\t\t\t\t\t\t\t\t<h3 tabindex=\"0\">Quando posso riprendere a fare sport dopo un trattamento con il botulino?<\/h3>\n\t\t\t\t\t<p>Dopo due giorni si pu\u00f2 riprendere l'attivit\u00e0 fisica senza esitazioni.<\/p>\n\t\t\t\t\t\t\t\t\t\t<h3 tabindex=\"0\">Quando \u00e8 visibile l'effetto di un trattamento con botulino?<\/h3>\n\t\t\t\t\t<p>L'effetto del botulino si manifesta lentamente dopo circa 3 o 4 giorni e si sviluppa completamente dopo circa 10 o 14 giorni.<\/p>\n\t\t\t\t\t\t\t\t\t\t<h3 tabindex=\"0\">Quanto dura il risultato di un'iniezione di botulino sulle rughe?<\/h3>\n\t\t\t\t\t<p>La durata dell'effetto varia da persona a persona e dipende da diversi fattori. Di norma, l'effetto del botulino dura circa 3-4 mesi. Con un uso regolare, l'effetto pu\u00f2 talvolta essere prolungato in modo significativo.<\/p>\n\tLa dottoressa Simona L\u00fcdi sar\u00e0 lieta di accogliervi per una consulenza personale presso la nostra clinica di Basilea.<br \/>\nNon vediamo l'ora di vedervi.\n\t\t\t<a href=\"https:\/\/booking.epat.ch\/goldenschnitt\/booking\" title=\"Clicca qui\" target=\"_blank\" rel=\"noopener\"  role=\"button\" aria-label=\"Prenota un appuntamento di consultazione\">\n\t\t\t\t\t\t\tPrenota un appuntamento di consultazione\n\t\t<\/a>","protected":false},"excerpt":{"rendered":"<p>La tossina botulinica, nota anche con il nome commerciale di Botox\u00ae, \u00e8 una sostanza attiva sui nervi (neurotossina) ottenuta dal batterio Clostridium botulinum. In campo medico, la tossina botulinica \u00e8 utilizzata principalmente per trattare gli spasmi muscolari, ma \u00e8 adatta anche per trattare le rughe mimiche, il digrignamento dei denti e l'aumento della sudorazione. Insieme all'acido ialuronico, la tossina botulinica \u00e8 una delle sostanze pi\u00f9 [...]<\/p>","protected":false},"author":6,"featured_media":0,"parent":544,"menu_order":0,"comment_status":"closed","ping_status":"closed","template":"","meta":{"_seopress_robots_primary_cat":"","_seopress_titles_title":"Botox \/ Botulinum zur Faltenbehandlung | Dr. med. Simona L\u00fcdi | Basel","_seopress_titles_desc":"Nat\u00fcrliche Frische dank sanfter Faltenbehandlung mit Botox \/ Botulinum von Frau Dr. Simona L\u00fcdi, Fach\u00e4rztin f\u00fcr Plastische & \u00c4sthetische Chirurgie in Basel.","_seopress_robots_index":"","inline_featured_image":false,"site-sidebar-layout":"default","site-content-layout":"","ast-site-content-layout":"default","site-content-style":"default","site-sidebar-style":"default","ast-global-header-display":"","ast-banner-title-visibility":"","ast-main-header-display":"","ast-hfb-above-header-display":"","ast-hfb-below-header-display":"","ast-hfb-mobile-header-display":"","site-post-title":"","ast-breadcrumbs-content":"","ast-featured-img":"","footer-sml-layout":"","theme-transparent-header-meta":"","adv-header-id-meta":"","stick-header-meta":"","header-above-stick-meta":"","header-main-stick-meta":"","header-below-stick-meta":"","astra-migrate-meta-layouts":"set","ast-page-background-enabled":"default","ast-page-background-meta":{"desktop":{"background-color":"var(--ast-global-color-4)","background-image":"","background-repeat":"repeat","background-position":"center center","background-size":"auto","background-attachment":"scroll","background-type":"","background-media":"","overlay-type":"","overlay-color":"","overlay-opacity":"","overlay-gradient":""},"tablet":{"background-color":"","background-image":"","background-repeat":"repeat","background-position":"center center","background-size":"auto","background-attachment":"scroll","background-type":"","background-media":"","overlay-type":"","overlay-color":"","overlay-opacity":"","overlay-gradient":""},"mobile":{"background-color":"","background-image":"","background-repeat":"repeat","background-position":"center center","background-size":"auto","background-attachment":"scroll","background-type":"","background-media":"","overlay-type":"","overlay-color":"","overlay-opacity":"","overlay-gradient":""}},"ast-content-background-meta":{"desktop":{"background-color":"var(--ast-global-color-5)","background-image":"","background-repeat":"repeat","background-position":"center center","background-size":"auto","background-attachment":"scroll","background-type":"","background-media":"","overlay-type":"","overlay-color":"","overlay-opacity":"","overlay-gradient":""},"tablet":{"background-color":"var(--ast-global-color-5)","background-image":"","background-repeat":"repeat","background-position":"center center","background-size":"auto","background-attachment":"scroll","background-type":"","background-media":"","overlay-type":"","overlay-color":"","overlay-opacity":"","overlay-gradient":""},"mobile":{"background-color":"var(--ast-global-color-5)","background-image":"","background-repeat":"repeat","background-position":"center center","background-size":"auto","background-attachment":"scroll","background-type":"","background-media":"","overlay-type":"","overlay-color":"","overlay-opacity":"","overlay-gradient":""}},"footnotes":""},"class_list":["post-586","page","type-page","status-publish"],"_links":{"self":[{"href":"https:\/\/www.zumgoldenenschnitt.ch\/it\/wp-json\/wp\/v2\/pages\/586","targetHints":{"allow":["GET"]}}],"collection":[{"href":"https:\/\/www.zumgoldenenschnitt.ch\/it\/wp-json\/wp\/v2\/pages"}],"about":[{"href":"https:\/\/www.zumgoldenenschnitt.ch\/it\/wp-json\/wp\/v2\/types\/page"}],"author":[{"embeddable":true,"href":"https:\/\/www.zumgoldenenschnitt.ch\/it\/wp-json\/wp\/v2\/users\/6"}],"replies":[{"embeddable":true,"href":"https:\/\/www.zumgoldenenschnitt.ch\/it\/wp-json\/wp\/v2\/comments?post=586"}],"version-history":[{"count":21,"href":"https:\/\/www.zumgoldenenschnitt.ch\/it\/wp-json\/wp\/v2\/pages\/586\/revisions"}],"predecessor-version":[{"id":2140,"href":"https:\/\/www.zumgoldenenschnitt.ch\/it\/wp-json\/wp\/v2\/pages\/586\/revisions\/2140"}],"up":[{"embeddable":true,"href":"https:\/\/www.zumgoldenenschnitt.ch\/it\/wp-json\/wp\/v2\/pages\/544"}],"wp:attachment":[{"href":"https:\/\/www.zumgoldenenschnitt.ch\/it\/wp-json\/wp\/v2\/media?parent=586"}],"curies":[{"name":"wp","href":"https:\/\/api.w.org\/{rel}","templated":true}]}}