{"id":588,"date":"2023-01-26T16:48:34","date_gmt":"2023-01-26T15:48:34","guid":{"rendered":"https:\/\/www.zumgoldenenschnitt.ch\/?page_id=588"},"modified":"2026-02-24T17:14:02","modified_gmt":"2026-02-24T16:14:02","slug":"hyaluronsaeure","status":"publish","type":"page","link":"https:\/\/www.zumgoldenenschnitt.ch\/it\/offerta\/botulino-ialurone\/acido-ialuronico\/","title":{"rendered":"Acido ialuronico | Filler"},"content":{"rendered":"<p>L'acido ialuronico \u00e8 un componente naturale del nostro tessuto connettivo e della pelle e garantisce l'elasticit\u00e0 e la compattezza dei tessuti. Grazie alla sua capacit\u00e0 di legare l'acqua, l'acido ialuronico conferisce alla nostra pelle idratazione ed elasticit\u00e0.<\/p>\n<p>Come parte del naturale processo di invecchiamento, l'acido ialuronico e il collagene naturale della pelle si degradano lentamente a partire dai 25 anni circa, causando la perdita di volume, la diminuzione dell'elasticit\u00e0 e del tono della pelle e la comparsa di rughe. Possiamo contrastare questo fenomeno con filler di acido ialuronico e trattamenti di potenziamento della pelle (ad es. <a href=\"https:\/\/www.zumgoldenenschnitt.ch\/it\/offerta\/botulino-ialurone\/profhilo-skinbooster\/\">PROFHILO\u00ae<\/a>) contrastano.  Pertanto, l'acido ialuronico \u00e8 una delle sostanze pi\u00f9 importanti della medicina estetica. Le iniezioni di acido ialuronico restituiscono al viso la freschezza perduta e permettono di ottimizzare le rughe e i tratti del viso.<\/p>\n<p>I filler di acido ialuronico hanno una consistenza simile al gel. A seconda dell'indicazione, si utilizzano diversi prodotti a base di acido ialuronico con diverse consistenze o viscosit\u00e0. Le possibilit\u00e0 di applicazione sono molto versatili. L'effetto dell'acido ialuronico dura solitamente da 6 mesi a 2 anni, a seconda del prodotto utilizzato e della zona di applicazione.<\/p>\n\t\t\t\t<img loading=\"lazy\" decoding=\"async\" src=\"https:\/\/www.zumgoldenenschnitt.ch\/wp-content\/uploads\/2023\/01\/8-acido-ialuronico-info-it.svg\" alt=\"8 informazioni sull&#039;acido ialuronico\" itemprop=\"image\" height=\"1000\" width=\"1000\" title=\"Info sull&#039;acido 8-ialuronico\" onerror=\"this.style.display='none'\"  \/>\n\t\t\t\t<img loading=\"lazy\" decoding=\"async\" src=\"https:\/\/www.zumgoldenenschnitt.ch\/wp-content\/uploads\/2023\/01\/hyaluronsaeure-basel.jpg\" alt=\"acido ialuronico basel\" itemprop=\"image\" height=\"1000\" width=\"1000\" title=\"acido ialuronico-basilico\" onerror=\"this.style.display='none'\"  \/>\n\t<h2>Trattamento delle rughe con acido ialuronico<\/h2>\nVolete avere un aspetto fresco e riposato e attenuare una o due rughe?<br \/>\nL'acido ialuronico pu\u00f2 essere utilizzato per iniettare rughe come le pieghe nasolabiali, le linee di marionetta, le rughe del labbro superiore o altre linee sottili.  Pu\u00f2 essere utilizzato per correggere un aspetto stanco o i tratti del viso afflosciati, ad esempio a causa degli angoli della bocca cadenti o delle guance infossate. Si utilizzano prodotti diversi a seconda della profondit\u00e0 della ruga. Il trattamento dona un aspetto fresco, riposato e amichevole.\n<h2>Modellamento delle labbra con acido ialuronico<\/h2>\nVolete labbra belle e naturalmente piene o desiderate correggere l'asimmetria delle labbra?<br \/>\nLe labbra piene sono spesso considerate belle e sensuali, ma non tutti le hanno naturalmente. Anche le labbra si modificano nel tempo, per cui il volume diminuisce e le labbra appaiono spesso strette. Con il modellamento delle labbra allo ialurone potete realizzare il vostro desiderio di avere labbra belle e naturalmente piene. L'esperienza della Dr. med. Simona L\u00fcdi permette di ottenere risultati naturali e discreti che si adattano al vostro viso. Spesso, meno \u00e8 meglio. Il modellamento delle labbra con acido ialuronico pu\u00f2 dare alle labbra un bel contorno e volume, oltre che idratazione. \u00c8 possibile correggere anche le asimmetrie delle labbra.\n<h2>Aumento del volume delle guance con acido ialuronico<\/h2>\nInoltre, gli zigomi possono essere accentuati attraverso iniezioni mirate di acido ialuronico.<br \/>\nCon il naturale processo di invecchiamento, il viso perde volume e la parte centrale della faccia si abbassa, facendo apparire il viso infossato e stanco e aumentando le pieghe nasolabiali e le linee di marionetta. L'acido ialuronico pu\u00f2 essere utilizzato anche per aggiungere volume al viso, ad esempio nella zona delle guance. In questo modo il viso appare pi\u00f9 fresco e vitale e anche le rughe nasolabiali e marionette appaiono meno pronunciate.\n<h2>Correzione delle occhiaie con l'acido ialuronico<\/h2>\nLe occhiaie vi infastidiscono perch\u00e9 danno un'impressione di stanchezza o tristezza?<br \/>\nCon l'uso accurato di uno speciale filler a base di acido ialuronico, \u00e8 possibile ridurre le occhiaie e ottenere un'espressione del viso fresca e vitale.\n<h2>Costi<\/h2>\n<p>da CHF 400<\/p>\n<h2>Domande frequenti<\/h2>\n\t\t\t\t\t\t\t\t\t\t<h3 tabindex=\"0\">Che cos'\u00e8 un riempitivo?<\/h3>\n\t\t\t\t\t<p>Un filler \u00e8 principalmente un materiale di riempimento che viene utilizzato per aumentare il volume del viso o per le iniezioni di rughe. Il materiale di riempimento pi\u00f9 comune \u00e8 l'acido ialuronico, che lega l'acqua e quindi aumenta il volume. In questo modo \u00e8 possibile rimpolpare le rughe o ripristinare il volume perso.<\/p>\n\t\t\t\t\t\t\t\t\t\t<h3 tabindex=\"0\">Per chi il trattamento delle rughe con filler (acido ialuronico) \u00e8 un'opzione?<\/h3>\n\t\t\t\t\t<p>Il trattamento delle rughe con filler \u00e8 particolarmente indicato per le persone che soffrono di un iniziale deficit di volume e di rughe superficiali o anche pi\u00f9 profonde del viso. Ad esempio, le rughe sottili periorali, ma anche le pieghe nasolabiali o le linee di marionetta possono essere iniettate e trattate con i filler. Le iniezioni di rughe con filler ringiovaniscono l'aspetto esteriore e lo fanno apparire pi\u00f9 vivace e fresco.<\/p>\n\t\t\t\t\t\t\t\t\t\t<h3 tabindex=\"0\">Quali tipi di acido ialuronico esistono?<\/h3>\n\t\t\t\t\t<p>I filler di acido ialuronico hanno una consistenza simile al gel e sono disponibili in diverse consistenze o viscosit\u00e0. A seconda delle indicazioni, il Dr. L\u00fcdi utilizza diversi prodotti a base di acido ialuronico e adatta sempre la scelta del prodotto alle esigenze individuali.<\/p>\n\t\t\t\t\t\t\t\t\t\t<h3 tabindex=\"0\">Quanto dura l'effetto di un'iniezione di acido ialuronico?<\/h3>\n\t\t\t\t\t<p>La durata del risultato di un'iniezione di acido ialuronico dipende da diversi fattori: fattori individuali come le condizioni dei tessuti e il loro metabolismo, l'area del viso trattata, il tipo e la quantit\u00e0 di prodotto. L'effetto dell'acido ialuronico dura in genere da 6 mesi a 2 anni, a seconda dei fattori citati.<\/p>\n\t\t\t\t\t\t\t\t\t\t<h3 tabindex=\"0\">Con quale frequenza si pu\u00f2 applicare l'acido ialuronico?<\/h3>\n\t\t\t\t\t<p>L'acido ialuronico \u00e8 particolarmente ben tollerato perch\u00e9 \u00e8 una sostanza prodotta naturalmente dall'organismo. Una volta esaurito l'effetto del trattamento con acido ialuronico, \u00e8 possibile ripetere il trattamento senza problemi.<\/p>\n\t\t\t\t\t\t\t\t\t\t<h3 tabindex=\"0\">Esiste un antidoto per sciogliere nuovamente l'acido ialuronico?<\/h3>\n\t\t\t\t\t<p>S\u00ec, come antidoto all'acido ialuronico abbiamo la cosiddetta ialuronidasi o hilasi.<br \/>La chilasi \u00e8 un enzima prodotto naturalmente dall'organismo che scompone l'acido ialuronico rapidamente (entro 24 ore). L'iniezione di acido ialuronico con hylase consente di scioglierlo e di correggere, ad esempio, le ipercorrezioni o la migrazione del filler. Tuttavia, l'hylase funziona solo con l'acido ialuronico, non esiste un antidoto per altri filler.<\/p>\n\tLa dottoressa Simona L\u00fcdi sar\u00e0 lieta di accogliervi per una consulenza personale presso la nostra clinica di Basilea.<br \/>\nNon vediamo l'ora di vedervi.\n\t\t\t<a href=\"https:\/\/booking.epat.ch\/goldenschnitt\/booking\" title=\"Clicca qui\" target=\"_blank\" rel=\"noopener\"  role=\"button\" aria-label=\"Prenota un appuntamento di consultazione\">\n\t\t\t\t\t\t\tPrenota un appuntamento di consultazione\n\t\t<\/a>","protected":false},"excerpt":{"rendered":"<p>L'acido ialuronico \u00e8 un componente naturale del tessuto connettivo e della pelle e garantisce l'elasticit\u00e0 e la compattezza dei tessuti. Grazie alla sua capacit\u00e0 di legare l'acqua, l'acido ialuronico fornisce alla nostra pelle idratazione ed elasticit\u00e0. Come parte del naturale processo di invecchiamento, l'acido ialuronico e il collagene naturale della pelle vengono lentamente degradati a partire dai 25 anni, con conseguente perdita di volume, riduzione dell'elasticit\u00e0 della pelle e [...]...<\/p>","protected":false},"author":6,"featured_media":0,"parent":544,"menu_order":0,"comment_status":"closed","ping_status":"closed","template":"","meta":{"_seopress_robots_primary_cat":"","_seopress_titles_title":"Hyalurons\u00e4ure \/ Filler Behandlung | Klinik Zum Goldenen Schnitt | Basel","_seopress_titles_desc":"Hyalurons\u00e4ure \/ Filler Behandlung zur Gesichtsauffrischung und Faltenbehandlung durch Frau Dr. Simona L\u00fcdi, Fach\u00e4rztin f\u00fcr Plastische & \u00c4sthetische Chirurgie in Basel.","_seopress_robots_index":"","inline_featured_image":false,"site-sidebar-layout":"default","site-content-layout":"","ast-site-content-layout":"default","site-content-style":"default","site-sidebar-style":"default","ast-global-header-display":"","ast-banner-title-visibility":"","ast-main-header-display":"","ast-hfb-above-header-display":"","ast-hfb-below-header-display":"","ast-hfb-mobile-header-display":"","site-post-title":"","ast-breadcrumbs-content":"","ast-featured-img":"","footer-sml-layout":"","theme-transparent-header-meta":"","adv-header-id-meta":"","stick-header-meta":"","header-above-stick-meta":"","header-main-stick-meta":"","header-below-stick-meta":"","astra-migrate-meta-layouts":"set","ast-page-background-enabled":"default","ast-page-background-meta":{"desktop":{"background-color":"var(--ast-global-color-4)","background-image":"","background-repeat":"repeat","background-position":"center center","background-size":"auto","background-attachment":"scroll","background-type":"","background-media":"","overlay-type":"","overlay-color":"","overlay-opacity":"","overlay-gradient":""},"tablet":{"background-color":"","background-image":"","background-repeat":"repeat","background-position":"center center","background-size":"auto","background-attachment":"scroll","background-type":"","background-media":"","overlay-type":"","overlay-color":"","overlay-opacity":"","overlay-gradient":""},"mobile":{"background-color":"","background-image":"","background-repeat":"repeat","background-position":"center center","background-size":"auto","background-attachment":"scroll","background-type":"","background-media":"","overlay-type":"","overlay-color":"","overlay-opacity":"","overlay-gradient":""}},"ast-content-background-meta":{"desktop":{"background-color":"var(--ast-global-color-5)","background-image":"","background-repeat":"repeat","background-position":"center center","background-size":"auto","background-attachment":"scroll","background-type":"","background-media":"","overlay-type":"","overlay-color":"","overlay-opacity":"","overlay-gradient":""},"tablet":{"background-color":"var(--ast-global-color-5)","background-image":"","background-repeat":"repeat","background-position":"center center","background-size":"auto","background-attachment":"scroll","background-type":"","background-media":"","overlay-type":"","overlay-color":"","overlay-opacity":"","overlay-gradient":""},"mobile":{"background-color":"var(--ast-global-color-5)","background-image":"","background-repeat":"repeat","background-position":"center center","background-size":"auto","background-attachment":"scroll","background-type":"","background-media":"","overlay-type":"","overlay-color":"","overlay-opacity":"","overlay-gradient":""}},"footnotes":""},"class_list":["post-588","page","type-page","status-publish"],"_links":{"self":[{"href":"https:\/\/www.zumgoldenenschnitt.ch\/it\/wp-json\/wp\/v2\/pages\/588","targetHints":{"allow":["GET"]}}],"collection":[{"href":"https:\/\/www.zumgoldenenschnitt.ch\/it\/wp-json\/wp\/v2\/pages"}],"about":[{"href":"https:\/\/www.zumgoldenenschnitt.ch\/it\/wp-json\/wp\/v2\/types\/page"}],"author":[{"embeddable":true,"href":"https:\/\/www.zumgoldenenschnitt.ch\/it\/wp-json\/wp\/v2\/users\/6"}],"replies":[{"embeddable":true,"href":"https:\/\/www.zumgoldenenschnitt.ch\/it\/wp-json\/wp\/v2\/comments?post=588"}],"version-history":[{"count":8,"href":"https:\/\/www.zumgoldenenschnitt.ch\/it\/wp-json\/wp\/v2\/pages\/588\/revisions"}],"predecessor-version":[{"id":2098,"href":"https:\/\/www.zumgoldenenschnitt.ch\/it\/wp-json\/wp\/v2\/pages\/588\/revisions\/2098"}],"up":[{"embeddable":true,"href":"https:\/\/www.zumgoldenenschnitt.ch\/it\/wp-json\/wp\/v2\/pages\/544"}],"wp:attachment":[{"href":"https:\/\/www.zumgoldenenschnitt.ch\/it\/wp-json\/wp\/v2\/media?parent=588"}],"curies":[{"name":"wp","href":"https:\/\/api.w.org\/{rel}","templated":true}]}}