{"id":594,"date":"2023-01-26T16:51:19","date_gmt":"2023-01-26T15:51:19","guid":{"rendered":"https:\/\/www.zumgoldenenschnitt.ch\/?page_id=594"},"modified":"2026-02-26T13:57:12","modified_gmt":"2026-02-26T12:57:12","slug":"unterlidstraffung-traenensaecke-entfernen","status":"publish","type":"page","link":"https:\/\/www.zumgoldenenschnitt.ch\/it\/offerta\/occhi\/lifting-della-palpebra-inferiore-rimozione-della-palpebra-inferiore\/","title":{"rendered":"Sollevamento della palpebra inferiore | rimozione delle borse sotto gli occhi"},"content":{"rendered":"<p>Le borse degli occhi (sporgenze di grasso sulla palpebra inferiore) si formano come parte del processo di invecchiamento a causa della perdita di elasticit\u00e0 degli strati pi\u00f9 profondi del tessuto, motivo per cui il grasso intraorbitale si gonfia. Il lifting delle palpebre inferiori (blefaroplastica inferiore) restituisce uno sguardo radioso eliminando le borse sotto gli occhi e restituendo al viso un'espressione aperta e vigile.<\/p>\n<p>Nella nostra Clinica di Chirurgia Plastica ed Estetica di Basilea, il lifting della palpebra inferiore \u00e8 spesso combinato con il lifting della palpebra superiore. In questo modo, le palpebre cadenti e le borse sotto gli occhi possono essere facilmente eliminate in un unico intervento.<\/p>\n\t\t\t\t<img loading=\"lazy\" decoding=\"async\" src=\"https:\/\/www.zumgoldenenschnitt.ch\/wp-content\/uploads\/2023\/01\/11-blefaroplastica-inferiore-info-it.svg\" alt=\"11 blefaroplastica della palpebra inferiore rimozione delle macchie lacrimali info\" itemprop=\"image\" height=\"1000\" width=\"1000\" title=\"11-sollevamento del coperchio inferiore_rimozione della cedevolezza-infos\" onerror=\"this.style.display='none'\"  \/>\n\t\t\t\t<img loading=\"lazy\" decoding=\"async\" src=\"https:\/\/www.zumgoldenenschnitt.ch\/wp-content\/uploads\/2023\/01\/unterlidstraffung-traenensaecke-entfernen-basel.jpg\" alt=\"blefaroplastica della palpebra inferiore a basel\" itemprop=\"image\" height=\"1000\" width=\"1000\" title=\"Lifting della palpebra inferiore - rimozione della palpebra inferiore - Basel\" onerror=\"this.style.display='none'\"  \/>\n\t<h2>La consultazione<\/h2>\nIn qualit\u00e0 di chirurgo plastico, la dottoressa L\u00fcdi \u00e8 specializzata in chirurgia facciale e sar\u00e0 lieta di fornirvi una consulenza personale sul tema del lifting delle palpebre nella sua clinica di Basilea.<br \/>\nNel corso di una prima consultazione dettagliata, la dottoressa Simona L\u00fcdi si prender\u00e0 il tempo necessario per rispondere alle vostre preoccupazioni, analizzer\u00e0 insieme a voi i risultati e vi consiglier\u00e0 le opzioni di trattamento. Il Dr. L\u00fcdi vi spiegher\u00e0 anche la tecnica chirurgica e l'incisione esatta con l'aiuto di immagini e disegni e discuter\u00e0 con voi la cura successiva e i possibili rischi e complicazioni. Il Dr. L\u00fcdi sar\u00e0 inoltre lieto di mostrarvi le immagini del prima e del dopo del lifting della palpebra inferiore.\n<h2>Il giorno dell'intervento<\/h2>\n<p>Il giorno dell'intervento, la dott.ssa Simona L\u00fcdi prepara una documentazione fotografica prima dell'operazione ed esegue le marcature esatte nella zona palpebrale. Verrete quindi preparati per l'intervento imminente e accompagnati in sala operatoria.<\/p>\n<h2>L'operazione: come si possono eliminare le borse sotto gli occhi?<\/h2>\nL'intervento viene eseguito dalla dottoressa Simona L\u00fcdi in regime ambulatoriale in anestesia locale con sonno crepuscolare o in leggera anestesia generale nella sala operatoria della nostra clinica a Basilea.<br \/>\nNella blefaroplastica inferiore, il tessuto adiposo in eccesso viene rimosso o ridistribuito per correggere le borse sotto gli occhi. L'incisione viene effettuata circa 1 mm sotto il bordo della palpebra (sottociliare). Dopo la ridistribuzione o l'asportazione del tessuto adiposo rigonfio, il muscolo viene rassodato e, a seconda dell'indicazione, viene asportata con parsimonia anche una sottile striscia di pelle. Se \u00e8 presente anche una profonda deformit\u00e0 del solco lacrimale, la mancanza di volume pu\u00f2 essere corretta con un trattamento simultaneo del grasso del paziente (innesto di micrograsso) per armonizzare le transizioni verso la parte centrale della faccia.<br \/>\nAl termine dell'intervento, la pelle viene chiusa con precisione con i punti di sutura pi\u00f9 sottili e vengono applicati cerotti color pelle (steristrips).\n<h2>Subito dopo l'intervento<\/h2>\n<p>Dopo l'intervento, potrete riprendervi nelle nostre bellissime stanze per i pazienti con vista sul Reno e raffreddare la zona degli occhi per circa 1 ora. Dopo un'altra visita del Dr. L\u00fcdi, potete essere prelevati da un accompagnatore e tornare a casa lo stesso giorno.<\/p>\n<h2>La cura successiva<\/h2>\n<ul>\n<li>Per ridurre il gonfiore, si consiglia di raffreddare regolarmente il contorno occhi e di dormire con la parte superiore del corpo leggermente sollevata durante i primi giorni.<\/li>\n<li>Per mantenere l'occhio ben umido, si somministrano colliri 3 volte al giorno.<\/li>\n<li>I cerotti speciali e i punti di sutura vengono rimossi dopo 5-7 giorni di consultazione.<\/li>\n<\/ul>\n<h2>Rischi e complicazioni<\/h2>\n<p>In linea di massima, ogni intervento comporta alcuni rischi, ma le complicazioni dopo un lifting della palpebra inferiore sono rare. Nei primi giorni dopo l'intervento \u00e8 prevedibile un gonfiore della zona oculare ed eventuali lievi ematomi, che tuttavia guariscono bene entro i primi giorni. Il lifting della palpebra inferiore di solito non \u00e8 doloroso. Inizialmente, gli occhi possono risultare un po' secchi. In questo caso pu\u00f2 essere utile un collirio idratante. Le cicatrici sono nascoste sotto la linea delle ciglia e di solito guariscono in modo molto sottile e invisibile. Sanguinamenti e infezioni si verificano molto raramente dopo un lifting della palpebra inferiore. In casi estremamente rari, dopo un lifting della palpebra inferiore pu\u00f2 verificarsi una distorsione della palpebra stessa (ectropion).<\/p>\n<h2>Costi<\/h2>\n<p>I costi della chirurgia palpebrale dipendono dal tipo e dall'estensione dell'intervento, nonch\u00e9 dal tipo di anestesia. Durante la consultazione, il Dr. L\u00fcdi elaborer\u00e0 un trattamento su misura per voi e vi fornir\u00e0 un preventivo di spesa individuale.<\/p>\n<h2>Domande frequenti<\/h2>\n\t\t\t\t\t\t\t\t\t\t<h3 tabindex=\"0\">Come si formano le borse sotto gli occhi?<\/h3>\n\t\t\t\t\t<p>Il pi\u00f9 delle volte, la causa principale delle borse sotto gli occhi \u00e8 l'indebolimento del setto orbitale. Il setto orbitale \u00e8 una membrana che trattiene il grasso sotto l'occhio. Il normale processo di invecchiamento pu\u00f2 causare l'indebolimento del setto orbitale e il rigonfiamento del grasso dietro di esso, causando le cosiddette borse sotto gli occhi.<\/p>\n\t\t\t\t\t\t\t\t\t\t<h3 tabindex=\"0\">Il lifting della palpebra inferiore \u00e8 doloroso?<\/h3>\n\t\t\t\t\t<p>No. Di norma, i pazienti non hanno bisogno di antidolorifici o ne hanno solo di molto deboli per i primi giorni dopo il lifting della palpebra inferiore.<\/p>\n\t\t\t\t\t\t\t\t\t\t<h3 tabindex=\"0\">Quanto dura il gonfiore dopo il lifting della palpebra inferiore?<\/h3>\n\t\t\t\t\t<p>Dopo il lifting della palpebra inferiore, \u00e8 possibile che si verifichi un gonfiore nell'area oculare, ma di solito si attenua dopo 7-10 settimane. Il raffreddamento locale e il dormire con la parte superiore del corpo leggermente sollevata consentono di ridurre pi\u00f9 rapidamente il gonfiore. Il linfodrenaggio ha anche un piacevole effetto decongestionante ed \u00e8 quindi possibile e consigliato subito dopo l'intervento.<\/p>\n\t\t\t\t\t\t\t\t\t\t<h3 tabindex=\"0\">Quando sar\u00f2 di nuovo socialmente accettabile dopo un lifting della palpebra inferiore?<\/h3>\n\t\t\t\t\t<p>Ci\u00f2 dipende dal processo di guarigione individuale, dalle proprie esigenze e dagli obblighi professionali e sociali. Nel caso di un lifting della palpebra inferiore, sono necessarie fino a due settimane per far scomparire la maggior parte del gonfiore e della decolorazione causati dall'intervento. \u00c8 possibile applicare il trucco su eventuali discromie gi\u00e0 una settimana dopo l'intervento.<\/p>\n\t\t\t\t\t\t\t\t\t\t<h3 tabindex=\"0\">Per quanto tempo non posso lavorare dopo un lifting della palpebra inferiore?<\/h3>\n\t\t\t\t\t<p>In linea di massima, sarete di nuovo in grado di lavorare dopo 2 o 3 giorni di permanenza nell'ufficio a domicilio. Nel caso di attivit\u00e0 a contatto con i clienti o di sforzi fisici maggiori, sar\u00e0 possibile riprendere il lavoro dopo 10-14 giorni.<\/p>\n\t\t\t\t\t\t\t\t\t\t<h3 tabindex=\"0\">Quando potr\u00f2 riprendere a fare sport dopo il lifting della palpebra inferiore?<\/h3>\n\t\t\t\t\t<p>Le attivit\u00e0 sportive possono essere riprese circa 4 settimane dopo l'intervento. \u00c8 importante aumentare lentamente gli esercizi per non sovraccaricarsi. <\/p>\n\t\t\t\t\t\t\t\t\t\t<h3 tabindex=\"0\">La rimozione del sacco lacrimale comporta cicatrici visibili?<\/h3>\n\t\t\t\t\t<p>Le cicatrici sono nascoste sotto la linea delle ciglia e di solito guariscono in modo molto sottile e invisibile.<\/p>\n\t\t\t\t\t\t\t\t\t\t<h3 tabindex=\"0\">Quando posso indossare nuovamente le lenti a contatto dopo un lifting della palpebra inferiore?<\/h3>\n\t\t\t\t\t<p>Le lenti a contatto non devono essere indossate per 10-14 giorni dopo l'intervento. \u00c8 possibile rimettere gli occhiali subito dopo l'intervento.<\/p>\n\t<p>La dottoressa Simona L\u00fcdi sar\u00e0 lieta di accogliervi per un consulto personale per il lifting della palpebra inferiore nella nostra clinica di Basilea. Non vediamo l'ora di vedervi.<\/p>\n\t\t\t<a href=\"https:\/\/booking.epat.ch\/goldenschnitt\/booking\" target=\"_blank\" rel=\"noopener\" role=\"button\" aria-label=\"Prenota un appuntamento di consultazione\">\n\t\t\t\t\t\t\tPrenota un appuntamento di consultazione\n\t\t<\/a>","protected":false},"excerpt":{"rendered":"<p>Le borse sotto gli occhi (rigonfiamenti di grasso sulla palpebra inferiore) si formano come parte del processo di invecchiamento a causa della perdita di elasticit\u00e0 degli strati di tessuto pi\u00f9 profondi, motivo per cui il grasso intraorbitale si gonfia. Il lifting della palpebra inferiore (blefaroplastica inferiore) ripristina il vostro sguardo radioso eliminando le borse sotto gli occhi e restituendo al vostro viso un'espressione aperta e vigile. Nella nostra clinica di chirurgia plastica [...]<\/p>","protected":false},"author":6,"featured_media":0,"parent":546,"menu_order":0,"comment_status":"closed","ping_status":"closed","template":"","meta":{"_seopress_robots_primary_cat":"","_seopress_titles_title":"Unterlidstraffung | Tr\u00e4nens\u00e4cke entfernen | Dr. Simona L\u00fcdi | Basel","_seopress_titles_desc":"M\u00fcder Blick durch Augenringe? Erhalten Sie ein frisches Aussehen dank einer Unterlidstraffung mit Entfernung der Tr\u00e4nens\u00e4cke in der Klinik von Dr. Simona L\u00fcdi in Basel.","_seopress_robots_index":"","inline_featured_image":false,"site-sidebar-layout":"default","site-content-layout":"","ast-site-content-layout":"default","site-content-style":"default","site-sidebar-style":"default","ast-global-header-display":"","ast-banner-title-visibility":"","ast-main-header-display":"","ast-hfb-above-header-display":"","ast-hfb-below-header-display":"","ast-hfb-mobile-header-display":"","site-post-title":"","ast-breadcrumbs-content":"","ast-featured-img":"","footer-sml-layout":"","theme-transparent-header-meta":"","adv-header-id-meta":"","stick-header-meta":"","header-above-stick-meta":"","header-main-stick-meta":"","header-below-stick-meta":"","astra-migrate-meta-layouts":"set","ast-page-background-enabled":"default","ast-page-background-meta":{"desktop":{"background-color":"var(--ast-global-color-4)","background-image":"","background-repeat":"repeat","background-position":"center center","background-size":"auto","background-attachment":"scroll","background-type":"","background-media":"","overlay-type":"","overlay-color":"","overlay-opacity":"","overlay-gradient":""},"tablet":{"background-color":"","background-image":"","background-repeat":"repeat","background-position":"center center","background-size":"auto","background-attachment":"scroll","background-type":"","background-media":"","overlay-type":"","overlay-color":"","overlay-opacity":"","overlay-gradient":""},"mobile":{"background-color":"","background-image":"","background-repeat":"repeat","background-position":"center center","background-size":"auto","background-attachment":"scroll","background-type":"","background-media":"","overlay-type":"","overlay-color":"","overlay-opacity":"","overlay-gradient":""}},"ast-content-background-meta":{"desktop":{"background-color":"var(--ast-global-color-5)","background-image":"","background-repeat":"repeat","background-position":"center center","background-size":"auto","background-attachment":"scroll","background-type":"","background-media":"","overlay-type":"","overlay-color":"","overlay-opacity":"","overlay-gradient":""},"tablet":{"background-color":"var(--ast-global-color-5)","background-image":"","background-repeat":"repeat","background-position":"center center","background-size":"auto","background-attachment":"scroll","background-type":"","background-media":"","overlay-type":"","overlay-color":"","overlay-opacity":"","overlay-gradient":""},"mobile":{"background-color":"var(--ast-global-color-5)","background-image":"","background-repeat":"repeat","background-position":"center center","background-size":"auto","background-attachment":"scroll","background-type":"","background-media":"","overlay-type":"","overlay-color":"","overlay-opacity":"","overlay-gradient":""}},"footnotes":""},"class_list":["post-594","page","type-page","status-publish"],"_links":{"self":[{"href":"https:\/\/www.zumgoldenenschnitt.ch\/it\/wp-json\/wp\/v2\/pages\/594","targetHints":{"allow":["GET"]}}],"collection":[{"href":"https:\/\/www.zumgoldenenschnitt.ch\/it\/wp-json\/wp\/v2\/pages"}],"about":[{"href":"https:\/\/www.zumgoldenenschnitt.ch\/it\/wp-json\/wp\/v2\/types\/page"}],"author":[{"embeddable":true,"href":"https:\/\/www.zumgoldenenschnitt.ch\/it\/wp-json\/wp\/v2\/users\/6"}],"replies":[{"embeddable":true,"href":"https:\/\/www.zumgoldenenschnitt.ch\/it\/wp-json\/wp\/v2\/comments?post=594"}],"version-history":[{"count":8,"href":"https:\/\/www.zumgoldenenschnitt.ch\/it\/wp-json\/wp\/v2\/pages\/594\/revisions"}],"predecessor-version":[{"id":2290,"href":"https:\/\/www.zumgoldenenschnitt.ch\/it\/wp-json\/wp\/v2\/pages\/594\/revisions\/2290"}],"up":[{"embeddable":true,"href":"https:\/\/www.zumgoldenenschnitt.ch\/it\/wp-json\/wp\/v2\/pages\/546"}],"wp:attachment":[{"href":"https:\/\/www.zumgoldenenschnitt.ch\/it\/wp-json\/wp\/v2\/media?parent=594"}],"curies":[{"name":"wp","href":"https:\/\/api.w.org\/{rel}","templated":true}]}}