{"id":596,"date":"2023-01-26T16:51:51","date_gmt":"2023-01-26T15:51:51","guid":{"rendered":"https:\/\/www.zumgoldenenschnitt.ch\/?page_id=596"},"modified":"2026-02-26T13:55:53","modified_gmt":"2026-02-26T12:55:53","slug":"augenbrauenlifting","status":"publish","type":"page","link":"https:\/\/www.zumgoldenenschnitt.ch\/it\/offerta\/occhi\/lifting-delle-sopracciglia\/","title":{"rendered":"Sollevamento delle sopracciglia"},"content":{"rendered":"<p>Con l'avanzare dell'et\u00e0, sia le donne che gli uomini possono subire un abbassamento delle sopracciglia laterali, le cosiddette sopracciglia basse (ptosi sopraccigliare). Anche il tessuto sotto le sopracciglia scivola e aumenta la caduta delle palpebre, soprattutto nella parte laterale. In questi casi, \u00e8 opportuno ripristinare la posizione naturale delle sopracciglia con un lifting delle sopracciglia. Spesso nello stesso intervento si esegue anche un intervento alle palpebre cadenti (lifting della palpebra superiore), rimuovendo la pelle in eccesso sulla palpebra superiore. Il sollevamento delle sopracciglia apre gli occhi, rassoda la pelle delle palpebre e porta a un aspetto ringiovanito.<\/p>\n\t\t\t\t<img loading=\"lazy\" decoding=\"async\" src=\"https:\/\/www.zumgoldenenschnitt.ch\/wp-content\/uploads\/2023\/01\/12-sollevamento-delle-sopracciglia-info-it.svg\" alt=\"12 informazioni sul lifting del sopracciglio\" itemprop=\"image\" title=\"Info sul lifting delle 12 sopracciglia\" onerror=\"this.style.display='none'\" width=\"1000\" height=\"1000\">\n\t\t\t\t<img loading=\"lazy\" decoding=\"async\" src=\"https:\/\/www.zumgoldenenschnitt.ch\/wp-content\/uploads\/2023\/01\/augenbrauenlifting-basel.jpg\" alt=\"lifting delle sopracciglia a Basilea\" itemprop=\"image\" title=\"lifting delle sopracciglia a Basilea\" onerror=\"this.style.display='none'\" width=\"1000\" height=\"1000\">\n\t<h2>Il consulto per il lifting delle sopracciglia<\/h2>\n<p>Nel corso di una prima consultazione dettagliata, il Dr. L\u00fcdi si prender\u00e0 il tempo necessario per rispondere alle vostre preoccupazioni, analizzer\u00e0 insieme a voi i risultati e vi consiglier\u00e0 le opzioni di trattamento. Il Dr. L\u00fcdi vi spiegher\u00e0 anche la tecnica chirurgica e l'incisione esatta con l'aiuto di immagini e disegni e discuter\u00e0 con voi la cura successiva e i possibili rischi e complicazioni. Per noi \u00e8 molto importante che il paziente sia ben informato sulla procedura, che tutte le domande aperte trovino risposta e che si tenga conto dei suoi desideri.<\/p>\n<h2>Il giorno dell'intervento<\/h2>\n<p>Il giorno dell'intervento, il Dr. L\u00fcdi prepara una documentazione fotografica prima dell'operazione e realizza i disegni esatti. Verrete quindi preparati per l'intervento imminente e accompagnati in sala operatoria.<\/p>\n<h2>L'operazione<\/h2>\nIl lifting delle sopracciglia viene eseguito dalla dottoressa Simona L\u00fcdi in regime ambulatoriale in anestesia locale o in leggera anestesia generale nella sala operatoria della nostra clinica a Basilea.<br>\nOccorre distinguere tra un lifting diretto del sopracciglio e un lifting indiretto del sopracciglio (lifting temporale). Nel lifting diretto del sopracciglio, l'incisione viene effettuata tra i capelli sul bordo superiore del sopracciglio. Qui viene rimossa una stretta striscia di pelle e i bordi della ferita vengono nuovamente suturati con precisione.<br>\nIn alternativa, \u00e8 possibile eseguire un lifting delle tempie (lifting temporale). Le incisioni vengono effettuate sulla tempia all'attaccatura dei capelli o tra i capelli in modo da nascondere le cicatrici. La pelle viene allentata e poi tirata all'altezza desiderata e le incisioni vengono suturate. Il lifting temporale viene utilizzato principalmente per sollevare le sopracciglia laterali e stringere le tempie.\n<h2>Subito dopo l'intervento<\/h2>\n<p>Dopo l'intervento, potrete riprendervi nelle nostre bellissime stanze di degenza con vista sul Reno e sarete assistiti dal nostro team. Dopo un'altra visita del Dr. L\u00fcdi, potrete essere prelevati da un accompagnatore e tornare a casa il giorno stesso.<\/p>\n<h2>La cura successiva<\/h2>\n<ul>\n<li>Riposare per alcuni giorni dopo l'intervento.<\/li>\n<li>Per ridurre il gonfiore, si consiglia di raffreddare localmente e di dormire con la parte superiore del corpo leggermente sollevata.<\/li>\n<li>Non truccare le cicatrici e non massaggiare il viso per le prime 2 settimane.<\/li>\n<li>Assicuratevi di avere una protezione solare sufficiente (fattore di protezione solare 50+) ed evitate di prendere il sole.<\/li>\n<li>\u00c8 inoltre necessario evitare di praticare sport per 4 settimane dopo l'intervento.<\/li>\n<\/ul>\n<h2>Rischi e complicazioni<\/h2>\n<p>Il lifting chirurgico delle sopracciglia \u00e8 considerato un intervento sicuro. Tuttavia, come per tutti gli interventi, in rari casi possono verificarsi complicazioni come sanguinamento, gonfiore o ecchimosi. Il dolore che si verifica dopo l'intervento pu\u00f2 essere generalmente trattato bene con gli antidolorifici convenzionali.<\/p>\n<h2>Costi<\/h2>\n<p>I costi del lifting delle sopracciglia dipendono dai desideri del paziente, dal tipo e dall'entit\u00e0 dell'intervento e dal tipo di anestesia. Durante la consultazione, il Dr. L\u00fcdi elaborer\u00e0 un trattamento su misura per voi e vi fornir\u00e0 un preventivo di spesa individuale.<\/p>\n<h2>Domande frequenti<\/h2>\n\t\t\t\t\t\t\t\t\t\t<h3 tabindex=\"0\">Esiste la possibilit\u00e0 di un lifting non chirurgico delle sopracciglia?<\/h3>\n\t\t\t\t\t<p>Se si desidera solo un lifting moderato di circa 1 o 2 millimetri, in molti casi \u00e8 possibile ottenerlo con il botulino. Il botulino provoca il rilassamento del muscolo sotto le sopracciglia, facendole sollevare leggermente. Se \u00e8 necessario un lifting maggiore, si consiglia un lifting chirurgico delle sopracciglia.<\/p>\n\t\t\t\t\t\t\t\t\t\t<h3 tabindex=\"0\">Quando sar\u00f2 di nuovo socialmente accettabile dopo un lifting chirurgico delle sopracciglia?<\/h3>\n\t\t\t\t\t<p>Dopo che il gonfiore e la decolorazione si sono attenuati, si potr\u00e0 tornare ad essere socialmente accettabili dopo circa 1 o 2 settimane al massimo.<\/p>\n\t\t\t\t\t\t\t\t\t\t<h3 tabindex=\"0\">Quando posso tornare al lavoro dopo un lifting delle sopracciglia?<\/h3>\n\t\t\t\t\t<p>A seconda della vostra attivit\u00e0 professionale, sarete di nuovo in grado di lavorare dopo pochi giorni. <\/p>\n\t\t\t\t\t\t\t\t\t\t<h3 tabindex=\"0\">Quando potr\u00f2 riprendere a fare sport dopo un lifting chirurgico delle sopracciglia?<\/h3>\n\t\t\t\t\t<p>Per un processo di guarigione ottimale, si consiglia di astenersi dallo sport per 4 settimane.<\/p>\n\t<p>La dottoressa Simona L\u00fcdi sar\u00e0 lieta di accogliervi per una consultazione personale presso la nostra clinica di Basilea. Non vediamo l'ora di vedervi.<\/p>\n\t\t\t<a href=\"https:\/\/booking.epat.ch\/goldenschnitt\/booking\" target=\"_blank\" rel=\"noopener\" role=\"button\" aria-label=\"Prenota un appuntamento di consultazione\">\n\t\t\t\t\t\t\tPrenota un appuntamento di consultazione\n\t\t<\/a>","protected":false},"excerpt":{"rendered":"<p>Con l'avanzare dell'et\u00e0, sia le donne che gli uomini possono subire un abbassamento delle sopracciglia laterali, noto come sopracciglia cadenti (ptosi sopraccigliare). Anche il tessuto sotto le sopracciglia scivola e aumenta la caduta delle palpebre, soprattutto nella parte laterale. In questi casi, \u00e8 consigliabile ripristinare prima la posizione naturale delle sopracciglia con un lifting delle sopracciglia. Spesso in [...]<\/p>","protected":false},"author":6,"featured_media":0,"parent":546,"menu_order":0,"comment_status":"closed","ping_status":"closed","template":"","meta":{"_seopress_robots_primary_cat":"","_seopress_titles_title":"Operatives Augenbrauenlifting | Dr. Simona L\u00fcdi | Basel","_seopress_titles_desc":"M\u00fcder Gesichtsausdruck & tiefh\u00e4ngende Augenbrauen? Frau Dr. Simona L\u00fcdi ber\u00e4t Sie gerne ausf\u00fchrlich \u00fcber das operative Augenbrauenlifting in unserer Klinik in Basel.","_seopress_robots_index":"","inline_featured_image":false,"site-sidebar-layout":"default","site-content-layout":"","ast-site-content-layout":"default","site-content-style":"default","site-sidebar-style":"default","ast-global-header-display":"","ast-banner-title-visibility":"","ast-main-header-display":"","ast-hfb-above-header-display":"","ast-hfb-below-header-display":"","ast-hfb-mobile-header-display":"","site-post-title":"","ast-breadcrumbs-content":"","ast-featured-img":"","footer-sml-layout":"","theme-transparent-header-meta":"","adv-header-id-meta":"","stick-header-meta":"","header-above-stick-meta":"","header-main-stick-meta":"","header-below-stick-meta":"","astra-migrate-meta-layouts":"set","ast-page-background-enabled":"default","ast-page-background-meta":{"desktop":{"background-color":"var(--ast-global-color-4)","background-image":"","background-repeat":"repeat","background-position":"center center","background-size":"auto","background-attachment":"scroll","background-type":"","background-media":"","overlay-type":"","overlay-color":"","overlay-opacity":"","overlay-gradient":""},"tablet":{"background-color":"","background-image":"","background-repeat":"repeat","background-position":"center center","background-size":"auto","background-attachment":"scroll","background-type":"","background-media":"","overlay-type":"","overlay-color":"","overlay-opacity":"","overlay-gradient":""},"mobile":{"background-color":"","background-image":"","background-repeat":"repeat","background-position":"center center","background-size":"auto","background-attachment":"scroll","background-type":"","background-media":"","overlay-type":"","overlay-color":"","overlay-opacity":"","overlay-gradient":""}},"ast-content-background-meta":{"desktop":{"background-color":"var(--ast-global-color-5)","background-image":"","background-repeat":"repeat","background-position":"center center","background-size":"auto","background-attachment":"scroll","background-type":"","background-media":"","overlay-type":"","overlay-color":"","overlay-opacity":"","overlay-gradient":""},"tablet":{"background-color":"var(--ast-global-color-5)","background-image":"","background-repeat":"repeat","background-position":"center center","background-size":"auto","background-attachment":"scroll","background-type":"","background-media":"","overlay-type":"","overlay-color":"","overlay-opacity":"","overlay-gradient":""},"mobile":{"background-color":"var(--ast-global-color-5)","background-image":"","background-repeat":"repeat","background-position":"center center","background-size":"auto","background-attachment":"scroll","background-type":"","background-media":"","overlay-type":"","overlay-color":"","overlay-opacity":"","overlay-gradient":""}},"footnotes":""},"class_list":["post-596","page","type-page","status-publish"],"_links":{"self":[{"href":"https:\/\/www.zumgoldenenschnitt.ch\/it\/wp-json\/wp\/v2\/pages\/596","targetHints":{"allow":["GET"]}}],"collection":[{"href":"https:\/\/www.zumgoldenenschnitt.ch\/it\/wp-json\/wp\/v2\/pages"}],"about":[{"href":"https:\/\/www.zumgoldenenschnitt.ch\/it\/wp-json\/wp\/v2\/types\/page"}],"author":[{"embeddable":true,"href":"https:\/\/www.zumgoldenenschnitt.ch\/it\/wp-json\/wp\/v2\/users\/6"}],"replies":[{"embeddable":true,"href":"https:\/\/www.zumgoldenenschnitt.ch\/it\/wp-json\/wp\/v2\/comments?post=596"}],"version-history":[{"count":4,"href":"https:\/\/www.zumgoldenenschnitt.ch\/it\/wp-json\/wp\/v2\/pages\/596\/revisions"}],"predecessor-version":[{"id":2292,"href":"https:\/\/www.zumgoldenenschnitt.ch\/it\/wp-json\/wp\/v2\/pages\/596\/revisions\/2292"}],"up":[{"embeddable":true,"href":"https:\/\/www.zumgoldenenschnitt.ch\/it\/wp-json\/wp\/v2\/pages\/546"}],"wp:attachment":[{"href":"https:\/\/www.zumgoldenenschnitt.ch\/it\/wp-json\/wp\/v2\/media?parent=596"}],"curies":[{"name":"wp","href":"https:\/\/api.w.org\/{rel}","templated":true}]}}