{"id":604,"date":"2023-01-26T16:53:40","date_gmt":"2023-01-26T15:53:40","guid":{"rendered":"https:\/\/www.zumgoldenenschnitt.ch\/?page_id=604"},"modified":"2026-02-26T14:10:59","modified_gmt":"2026-02-26T13:10:59","slug":"korrektur-ohrlaeppchen","status":"publish","type":"page","link":"https:\/\/www.zumgoldenenschnitt.ch\/it\/offerta\/orecchie\/correzione-dei-lobi-delle-orecchie\/","title":{"rendered":"Correzione del lobo dell'orecchio"},"content":{"rendered":"<p>I fori dei lobi ingrossati o allungati o anche i lobi strappati possono essere corretti con la ricostruzione del lobo. Con un piccolo intervento in anestesia locale, il difetto viene tagliato e chiuso. In questo modo \u00e8 possibile ripristinare la forma originale dei lobi delle orecchie.<\/p>\n\t\t\t\t<img loading=\"lazy\" decoding=\"async\" src=\"https:\/\/www.zumgoldenenschnitt.ch\/wp-content\/uploads\/2023\/01\/15-correzione-del-lobo-dellorecchio-info-it.svg\" alt=\"15 informazioni sul lobo della correzione\" itemprop=\"image\" height=\"1000\" width=\"1000\" title=\"15-correzione-earlobe-infos\" onerror=\"this.style.display='none'\"  \/>\n\t\t\t\t<img loading=\"lazy\" decoding=\"async\" src=\"https:\/\/www.zumgoldenenschnitt.ch\/wp-content\/uploads\/2023\/01\/korrektur-ohrlaeppchen-basel.jpg\" alt=\"correzione dei padiglioni auricolari basel\" itemprop=\"image\" height=\"1000\" width=\"1000\" title=\"correzione-orecchio-basilea\" onerror=\"this.style.display='none'\"  \/>\n\t<h2>Costi<\/h2>\n<p>Piercing all'orecchio: da CHF 800<\/p>\n<p>Tunnel di Eustachio: da CHF 2500<\/p>\n<h2>Domande frequenti<\/h2>\n\t\t\t\t\t\t\t\t\t\t<h3 tabindex=\"0\">Le cicatrici saranno visibili?<\/h3>\n\t\t\t\t\t<p>Le cicatrici sono posizionate in modo tale da essere poco visibili una volta che la cicatrice \u00e8 maturata.<\/p>\n\t\t\t\t\t\t\t\t\t\t<h3 tabindex=\"0\">Quando \u00e8 possibile ricucire un nuovo piercing all'orecchio?<\/h3>\n\t\t\t\t\t<p>Se desiderate un nuovo piercing\/foro nella zona del lobo dell'orecchio, vi consigliamo di attendere almeno 6-9 mesi dopo l'intervento (maturazione della cicatrice).<\/p>\n\t<p>La dottoressa Simona L\u00fcdi sar\u00e0 lieta di accogliervi per una consultazione personale presso la nostra clinica di Basilea. Non vediamo l'ora di vedervi.<\/p>\n\t\t\t<a href=\"https:\/\/booking.epat.ch\/goldenschnitt\/booking\" target=\"_blank\" rel=\"noopener\" role=\"button\" aria-label=\"Prenota un appuntamento di consultazione\">\n\t\t\t\t\t\t\tPrenota un appuntamento di consultazione\n\t\t<\/a>","protected":false},"excerpt":{"rendered":"<p>I buchi nel lobo dell'orecchio ingranditi o allungati o i lobi strappati possono essere corretti con la ricostruzione del lobo dell'orecchio. Il difetto viene tagliato e chiuso con un piccolo intervento in anestesia locale. In questo modo \u00e8 possibile ripristinare la forma originale del lobo. Costo del piercing all'orecchio: a partire da CHF 800 Tunnel auricolare: a partire da CHF 2500 Domande frequenti Le cicatrici saranno visibili? [...]<\/p>","protected":false},"author":6,"featured_media":0,"parent":553,"menu_order":0,"comment_status":"closed","ping_status":"closed","template":"","meta":{"_seopress_robots_primary_cat":"","_seopress_titles_title":"Ohrl\u00e4ppchen Korrektur | Klinik Zum Goldenen Schnitt | Basel","_seopress_titles_desc":"Korrektur eingerissener Ohrl\u00e4ppchen & Ohrl\u00e4ppchenverkleinerung durch Frau Dr. Simona L\u00fcdi, Fach\u00e4rztin f\u00fcr Plastische & \u00c4sthetische Chirurgie in Basel.","_seopress_robots_index":"","inline_featured_image":false,"site-sidebar-layout":"default","site-content-layout":"","ast-site-content-layout":"default","site-content-style":"default","site-sidebar-style":"default","ast-global-header-display":"","ast-banner-title-visibility":"","ast-main-header-display":"","ast-hfb-above-header-display":"","ast-hfb-below-header-display":"","ast-hfb-mobile-header-display":"","site-post-title":"","ast-breadcrumbs-content":"","ast-featured-img":"","footer-sml-layout":"","theme-transparent-header-meta":"","adv-header-id-meta":"","stick-header-meta":"","header-above-stick-meta":"","header-main-stick-meta":"","header-below-stick-meta":"","astra-migrate-meta-layouts":"set","ast-page-background-enabled":"default","ast-page-background-meta":{"desktop":{"background-color":"var(--ast-global-color-4)","background-image":"","background-repeat":"repeat","background-position":"center center","background-size":"auto","background-attachment":"scroll","background-type":"","background-media":"","overlay-type":"","overlay-color":"","overlay-opacity":"","overlay-gradient":""},"tablet":{"background-color":"","background-image":"","background-repeat":"repeat","background-position":"center center","background-size":"auto","background-attachment":"scroll","background-type":"","background-media":"","overlay-type":"","overlay-color":"","overlay-opacity":"","overlay-gradient":""},"mobile":{"background-color":"","background-image":"","background-repeat":"repeat","background-position":"center center","background-size":"auto","background-attachment":"scroll","background-type":"","background-media":"","overlay-type":"","overlay-color":"","overlay-opacity":"","overlay-gradient":""}},"ast-content-background-meta":{"desktop":{"background-color":"var(--ast-global-color-5)","background-image":"","background-repeat":"repeat","background-position":"center center","background-size":"auto","background-attachment":"scroll","background-type":"","background-media":"","overlay-type":"","overlay-color":"","overlay-opacity":"","overlay-gradient":""},"tablet":{"background-color":"var(--ast-global-color-5)","background-image":"","background-repeat":"repeat","background-position":"center center","background-size":"auto","background-attachment":"scroll","background-type":"","background-media":"","overlay-type":"","overlay-color":"","overlay-opacity":"","overlay-gradient":""},"mobile":{"background-color":"var(--ast-global-color-5)","background-image":"","background-repeat":"repeat","background-position":"center center","background-size":"auto","background-attachment":"scroll","background-type":"","background-media":"","overlay-type":"","overlay-color":"","overlay-opacity":"","overlay-gradient":""}},"footnotes":""},"class_list":["post-604","page","type-page","status-publish"],"_links":{"self":[{"href":"https:\/\/www.zumgoldenenschnitt.ch\/it\/wp-json\/wp\/v2\/pages\/604","targetHints":{"allow":["GET"]}}],"collection":[{"href":"https:\/\/www.zumgoldenenschnitt.ch\/it\/wp-json\/wp\/v2\/pages"}],"about":[{"href":"https:\/\/www.zumgoldenenschnitt.ch\/it\/wp-json\/wp\/v2\/types\/page"}],"author":[{"embeddable":true,"href":"https:\/\/www.zumgoldenenschnitt.ch\/it\/wp-json\/wp\/v2\/users\/6"}],"replies":[{"embeddable":true,"href":"https:\/\/www.zumgoldenenschnitt.ch\/it\/wp-json\/wp\/v2\/comments?post=604"}],"version-history":[{"count":5,"href":"https:\/\/www.zumgoldenenschnitt.ch\/it\/wp-json\/wp\/v2\/pages\/604\/revisions"}],"predecessor-version":[{"id":2295,"href":"https:\/\/www.zumgoldenenschnitt.ch\/it\/wp-json\/wp\/v2\/pages\/604\/revisions\/2295"}],"up":[{"embeddable":true,"href":"https:\/\/www.zumgoldenenschnitt.ch\/it\/wp-json\/wp\/v2\/pages\/553"}],"wp:attachment":[{"href":"https:\/\/www.zumgoldenenschnitt.ch\/it\/wp-json\/wp\/v2\/media?parent=604"}],"curies":[{"name":"wp","href":"https:\/\/api.w.org\/{rel}","templated":true}]}}