{"id":610,"date":"2023-01-26T16:55:30","date_gmt":"2023-01-26T15:55:30","guid":{"rendered":"https:\/\/www.zumgoldenenschnitt.ch\/?page_id=610"},"modified":"2026-02-26T14:05:33","modified_gmt":"2026-02-26T13:05:33","slug":"bruststraffung-mastopexie","status":"publish","type":"page","link":"https:\/\/www.zumgoldenenschnitt.ch\/it\/offerta\/petto\/lifting-del-seno-mastopessi\/","title":{"rendered":"Mastopessi"},"content":{"rendered":"<p>Il seno femminile si modifica nel tempo: gravidanze, fasi di allattamento, forti perdite di peso, il normale processo di invecchiamento ma anche la forza di gravit\u00e0 possono portare a un cedimento del seno femminile, a un cambiamento della forma e a una diminuzione della consistenza. Questo problema pu\u00f2 essere risolto con un lifting del seno, chiamato anche mastopessi. Con questo intervento si modella nuovamente un seno bello e sodo, rimuovendo la pelle in eccesso, portando il complesso del capezzolo verso l'alto e modellando e ridistribuendo il tessuto della ghiandola mammaria. In alcuni casi, oltre al lifting pu\u00f2 essere necessario un ulteriore aumento del seno con protesi o grasso autologo per ottenere il risultato desiderato (mastopessi additiva).<\/p>\n\t\t\t\t<img loading=\"lazy\" decoding=\"async\" src=\"https:\/\/www.zumgoldenenschnitt.ch\/wp-content\/uploads\/2023\/01\/18-sollevamento-del-seno-info-it.svg\" alt=\"18 informazioni sul lifting del seno\" itemprop=\"image\" height=\"1000\" width=\"1000\" title=\"Info sul sollevatore a 18 seni\" onerror=\"this.style.display='none'\">\n\t\t\t\t<img loading=\"lazy\" decoding=\"async\" src=\"https:\/\/www.zumgoldenenschnitt.ch\/wp-content\/uploads\/2023\/01\/bruststraffung-mastopexie-basel.jpg\" alt=\"mastoplastica additiva basel\" itemprop=\"image\" height=\"1000\" width=\"1000\" title=\"lifting del seno-mastopessi-basilea\" onerror=\"this.style.display='none'\">\n\t<h2>La consultazione<\/h2>\nCome chirurgo plastico, la dottoressa L\u00fcdi \u00e8 specializzata in chirurgia del seno e sar\u00e0 lieta di consigliarvi personalmente, da donna a donna, sul tema del lifting del seno nella sua clinica di Basilea.<br>\nDi norma, prima di un lifting del seno si svolgono due consultazioni dettagliate. Per noi \u00e8 molto importante che il paziente sia ben informato sulla procedura, che tutte le domande aperte trovino risposta e che si tenga conto dei suoi desideri. Il Dr. L\u00fcdi discuter\u00e0 con voi la tecnica chirurgica e le incisioni esatte da praticare per sollevare il seno, i possibili rischi e le complicazioni, nonch\u00e9 la cura successiva. Il Dr. L\u00fcdi sar\u00e0 inoltre lieto di mostrarvi il prima e il dopo del lifting del seno.\n<h2>Il giorno dell'intervento<\/h2>\n<p>Il giorno dell'intervento, il Dr. L\u00fcdi prepara una documentazione fotografica prima dell'operazione ed esegue i segni esatti sul seno. Verrete quindi preparati per l'intervento imminente e accompagnati in sala operatoria.<\/p>\n<h2>L'operazione: come si pu\u00f2 rassodare il seno?<\/h2>\n<p>Il lifting del seno pu\u00f2 essere eseguito ambulatorialmente in anestesia generale nella nostra clinica di Basilea e dura circa 2-2,5 ore. L'incisione viene solitamente eseguita intorno all'areola, verticalmente nella piega mammaria (incisione verticale) e, se indicato, orizzontalmente nella piega inframammaria (incisione a T). Il complesso del capezzolo viene quindi riposizionato, la pelle in eccesso viene rimossa e il corpo ghiandolare viene ridistribuito e scolpito per creare una forma estetica e soda del seno.<\/p>\n<h2>Subito dopo l'intervento<\/h2>\n<p>Dopo l'intervento, potrete riprendervi nelle nostre bellissime stanze di degenza con vista sul Reno e sarete assistiti dal nostro team. Dopo un'altra visita del Dr. L\u00fcdi, potrete essere prelevati da un accompagnatore e tornare a casa il giorno stesso.<\/p>\n<h2>La cura successiva<\/h2>\n<ul>\n<li>Il primo controllo da parte del Dr. L\u00fcdi avviene il giorno successivo.<\/li>\n<li>Per 6 settimane \u00e8 necessario indossare un reggiseno sportivo ben aderente durante il giorno e la notte.<\/li>\n<li>Si consiglia un periodo di riposo di 6 settimane. Durante questo periodo \u00e8 necessario evitare di praticare sport, trasportare e sollevare carichi e dormire il pi\u00f9 possibile in posizione prona.<\/li>\n<li>L'intensit\u00e0 del dolore dopo l'intervento \u00e8 generalmente moderata e ben controllabile con i comuni antidolorifici.<\/li>\n<li>La cura della cicatrice pu\u00f2 essere iniziata a partire da 3 settimane dopo il lifting del seno.<\/li>\n<\/ul>\n<h2>Rischi e complicazioni<\/h2>\n<p>In linea di principio, ogni intervento comporta alcuni rischi, ma in generale il lifting del seno \u00e8 una procedura a basso rischio e le complicazioni sono molto rare. Oltre ai rischi chirurgici generali (ad esempio ematoma, problemi di guarigione della ferita), in rari casi esiste un rischio di infezione o di emorragia secondaria. I disturbi sensoriali nell'area del capezzolo di solito si attenuano da soli dopo un certo periodo di tempo. In alcuni casi pu\u00f2 essere necessaria una correzione secondaria delle cicatrici allargate, che pu\u00f2 essere eseguita in anestesia locale. Durante la consultazione, il Dr. L\u00fcdi discuter\u00e0 con voi i possibili rischi e le complicazioni e sar\u00e0 lieto di rispondere a tutte le vostre domande.<\/p>\n<h2>Costi<\/h2>\n<p>I costi di un lifting del seno dipendono dai desideri, dal tipo e dall'entit\u00e0 dell'intervento e dai materiali necessari. Durante la consultazione, il Dr. L\u00fcdi elaborer\u00e0 un trattamento su misura per voi e vi fornir\u00e0 un preventivo di spesa individuale.<\/p>\n<p>Di norma, l'assicurazione sanitaria non copre i costi di un lifting del seno perch\u00e9 si tratta di un intervento estetico.<\/p>\n<h2>Domande frequenti<\/h2>\n\t\t\t\t\t\t\t\t\t\t<h3 tabindex=\"0\">Per chi \u00e8 indicato il lifting del seno?<\/h3>\n\t\t\t\t\t<p>Le gravidanze, ma anche l'avanzare dell'et\u00e0, causano il cambiamento del seno femminile, per cui la pelle e il tessuto mammario possono cedere e portare a un rilassamento del seno. Molte donne desiderano quindi tornare ad avere un seno sodo. In qualit\u00e0 di chirurgo plastico, la dottoressa L\u00fcdi \u00e8 specializzata in chirurgia del seno e sar\u00e0 lieta di consigliarvi personalmente da donna a donna sul tema del lifting del seno nella sua clinica di Basilea.<\/p>\n\t\t\t\t\t\t\t\t\t\t<h3 tabindex=\"0\">Quanto tempo bisogna aspettare dopo la gravidanza per sottoporsi a un lifting del seno?<\/h3>\n\t\t\t\t\t<p>Durante la gravidanza e anche durante la fase di allattamento, il seno femminile cambia. Per un risultato ottimale, si consiglia di attendere almeno 3-6 mesi dopo l'allattamento prima di sottoporsi a un lifting del seno.<\/p>\n\t\t\t\t\t\t\t\t\t\t<h3 tabindex=\"0\">Qual \u00e8 il dolore dopo un lifting del seno?<\/h3>\n\t\t\t\t\t<p>Il dolore e il fastidio subito dopo l'intervento sono moderati e possono essere controllati con i comuni antidolorifici.<\/p>\n\t\t\t\t\t\t\t\t\t\t<h3 tabindex=\"0\">Quali sono le cicatrici causate da un lifting del seno?<\/h3>\n\t\t\t\t\t<p>A seconda dell'incisione, le cicatrici corrono intorno all'areola, verticalmente nella piega mammaria (incisione verticale) e, se indicato, orizzontalmente nella piega inframammaria (incisione a T). Dopo la guarigione e la maturazione della cicatrice, le cicatrici sono solitamente molto sottili, sbiadite e poco visibili. Il Dr. L\u00fcdi vi istruir\u00e0 in modo dettagliato sulla cura delle cicatrici dopo l'intervento, al fine di favorire una bella guarigione della cicatrice. In rari casi pu\u00f2 essere necessaria una correzione secondaria delle cicatrici allargate.<\/p>\n\t\t\t\t\t\t\t\t\t\t<h3 tabindex=\"0\">Per quanto tempo non posso lavorare dopo un lifting del seno?<\/h3>\n\t\t\t\t\t<p>A seconda dell'occupazione e dello sforzo fisico, si prevede un'inabilit\u00e0 al lavoro di circa 1 settimana.<\/p>\n\t\t\t\t\t\t\t\t\t\t<h3 tabindex=\"0\">Quando posso riprendere a fare sport dopo il lifting del seno?<\/h3>\n\t\t\t\t\t<p>Dopo sei settimane, la guarigione sar\u00e0 progredita al punto da poter ricominciare lentamente a fare esercizio. Ascoltate il vostro corpo e fate attenzione ai segnali di allarme, come il dolore o l'aumento del gonfiore. In questi casi, \u00e8 consigliabile aspettare a proseguire l'allenamento e lasciare che il corpo si riposi un po' pi\u00f9 a lungo.<\/p>\n\t\t\t\t\t\t\t\t\t\t<h3 tabindex=\"0\">Posso continuare ad allattare dopo un lifting al seno?<\/h3>\n\t\t\t\t\t<p>A seconda della tecnica chirurgica e dell'anatomia individuale, se il tessuto che produce latte nel seno \u00e8 sufficiente, l'allattamento al seno pu\u00f2 ancora essere praticato, almeno in parte.<\/p>\n\t<p>La dottoressa Simona L\u00fcdi sar\u00e0 lieta di accogliervi per una consulenza personale per un lifting del seno nella nostra clinica di Basilea. Non vediamo l'ora di vedervi.<\/p>\n\t\t\t<a href=\"https:\/\/booking.epat.ch\/goldenschnitt\/booking\" target=\"_blank\" rel=\"noopener\" role=\"button\" aria-label=\"Prenota un appuntamento di consultazione\">\n\t\t\t\t\t\t\tPrenota un appuntamento di consultazione\n\t\t<\/a>","protected":false},"excerpt":{"rendered":"<p>Il seno femminile si modifica nel corso del tempo: gravidanze, fasi di allattamento, perdite di peso significative, il normale processo di invecchiamento e anche la forza di gravit\u00e0 possono portare a un cedimento del seno femminile, a un cambiamento della forma e a una diminuzione della consistenza. Questo fenomeno pu\u00f2 essere corretto con un lifting del seno, noto anche come mastopessi. Con questo intervento si modella nuovamente un seno bello e sodo rimuovendo l'eccesso [...].<\/p>","protected":false},"author":6,"featured_media":1579,"parent":555,"menu_order":4,"comment_status":"closed","ping_status":"closed","template":"","meta":{"_seopress_robots_primary_cat":"","_seopress_titles_title":"Bruststraffung | Klinik Zum Goldenen Schnitt | Basel","_seopress_titles_desc":"Erschlaffte Brust nach Schwangerschaft & Stillen? Operative Bruststraffung durch Frau Dr. Simona L\u00fcdi, Fach\u00e4rztin f\u00fcr Plastische & \u00c4sthetische Chirurgie in Basel.","_seopress_robots_index":"","inline_featured_image":false,"site-sidebar-layout":"default","site-content-layout":"","ast-site-content-layout":"default","site-content-style":"default","site-sidebar-style":"default","ast-global-header-display":"","ast-banner-title-visibility":"","ast-main-header-display":"","ast-hfb-above-header-display":"","ast-hfb-below-header-display":"","ast-hfb-mobile-header-display":"","site-post-title":"","ast-breadcrumbs-content":"","ast-featured-img":"","footer-sml-layout":"","theme-transparent-header-meta":"","adv-header-id-meta":"","stick-header-meta":"","header-above-stick-meta":"","header-main-stick-meta":"","header-below-stick-meta":"","astra-migrate-meta-layouts":"set","ast-page-background-enabled":"default","ast-page-background-meta":{"desktop":{"background-color":"var(--ast-global-color-4)","background-image":"","background-repeat":"repeat","background-position":"center center","background-size":"auto","background-attachment":"scroll","background-type":"","background-media":"","overlay-type":"","overlay-color":"","overlay-opacity":"","overlay-gradient":""},"tablet":{"background-color":"","background-image":"","background-repeat":"repeat","background-position":"center center","background-size":"auto","background-attachment":"scroll","background-type":"","background-media":"","overlay-type":"","overlay-color":"","overlay-opacity":"","overlay-gradient":""},"mobile":{"background-color":"","background-image":"","background-repeat":"repeat","background-position":"center center","background-size":"auto","background-attachment":"scroll","background-type":"","background-media":"","overlay-type":"","overlay-color":"","overlay-opacity":"","overlay-gradient":""}},"ast-content-background-meta":{"desktop":{"background-color":"var(--ast-global-color-5)","background-image":"","background-repeat":"repeat","background-position":"center center","background-size":"auto","background-attachment":"scroll","background-type":"","background-media":"","overlay-type":"","overlay-color":"","overlay-opacity":"","overlay-gradient":""},"tablet":{"background-color":"var(--ast-global-color-5)","background-image":"","background-repeat":"repeat","background-position":"center center","background-size":"auto","background-attachment":"scroll","background-type":"","background-media":"","overlay-type":"","overlay-color":"","overlay-opacity":"","overlay-gradient":""},"mobile":{"background-color":"var(--ast-global-color-5)","background-image":"","background-repeat":"repeat","background-position":"center center","background-size":"auto","background-attachment":"scroll","background-type":"","background-media":"","overlay-type":"","overlay-color":"","overlay-opacity":"","overlay-gradient":""}},"footnotes":""},"class_list":["post-610","page","type-page","status-publish","has-post-thumbnail"],"_links":{"self":[{"href":"https:\/\/www.zumgoldenenschnitt.ch\/it\/wp-json\/wp\/v2\/pages\/610","targetHints":{"allow":["GET"]}}],"collection":[{"href":"https:\/\/www.zumgoldenenschnitt.ch\/it\/wp-json\/wp\/v2\/pages"}],"about":[{"href":"https:\/\/www.zumgoldenenschnitt.ch\/it\/wp-json\/wp\/v2\/types\/page"}],"author":[{"embeddable":true,"href":"https:\/\/www.zumgoldenenschnitt.ch\/it\/wp-json\/wp\/v2\/users\/6"}],"replies":[{"embeddable":true,"href":"https:\/\/www.zumgoldenenschnitt.ch\/it\/wp-json\/wp\/v2\/comments?post=610"}],"version-history":[{"count":8,"href":"https:\/\/www.zumgoldenenschnitt.ch\/it\/wp-json\/wp\/v2\/pages\/610\/revisions"}],"predecessor-version":[{"id":1849,"href":"https:\/\/www.zumgoldenenschnitt.ch\/it\/wp-json\/wp\/v2\/pages\/610\/revisions\/1849"}],"up":[{"embeddable":true,"href":"https:\/\/www.zumgoldenenschnitt.ch\/it\/wp-json\/wp\/v2\/pages\/555"}],"wp:featuredmedia":[{"embeddable":true,"href":"https:\/\/www.zumgoldenenschnitt.ch\/it\/wp-json\/wp\/v2\/media\/1579"}],"wp:attachment":[{"href":"https:\/\/www.zumgoldenenschnitt.ch\/it\/wp-json\/wp\/v2\/media?parent=610"}],"curies":[{"name":"wp","href":"https:\/\/api.w.org\/{rel}","templated":true}]}}