{"id":614,"date":"2023-01-26T16:56:24","date_gmt":"2023-01-26T15:56:24","guid":{"rendered":"https:\/\/www.zumgoldenenschnitt.ch\/?page_id=614"},"modified":"2026-02-26T14:05:15","modified_gmt":"2026-02-26T13:05:15","slug":"brustimplantate-entfernen-oder-wechseln","status":"publish","type":"page","link":"https:\/\/www.zumgoldenenschnitt.ch\/it\/offerta\/petto\/protesi-mammarie-rimozione-o-cambiamento\/","title":{"rendered":"Rimuovere o cambiare le protesi mammarie"},"content":{"rendered":"<p>L'ingrandimento del seno (aumento mammario) con protesi \u00e8 ancora uno degli interventi estetici pi\u00f9 frequentemente eseguiti. La sostituzione programmata dell'impianto ogni 10-15 anni, consigliata in passato, non \u00e8 pi\u00f9 necessaria. Tuttavia, nel corso del tempo possono essere necessari interventi di follow-up, ad esempio a causa della fibrosi capsulare. Poich\u00e9 un impianto \u00e8 un corpo estraneo, il corpo avvolge naturalmente l'impianto con una sottile capsula di tessuto connettivo. In alcuni casi, questa capsula pu\u00f2 ispessirsi dopo diversi anni, il che \u00e8 chiamato fibrosi capsulare. Possono verificarsi sintomi come dolore, indurimento e distorsione della forma del seno, per cui in questi casi \u00e8 necessario rimuovere la capsula (capsulectomia) e cambiare le protesi. Se il seno ha assunto una forma cascante a causa di cambiamenti del corpo e del seno dovuti, tra l'altro, all'et\u00e0, alle variazioni di peso o a seguito di una gravidanza o dell'allattamento, \u00e8 necessario eseguire un lifting in combinazione con la sostituzione delle protesi. Se la paziente desidera rinunciare al reinserimento di una protesi, pu\u00f2 essere indicato un lifting del seno con o senza sostituzione del volume con grasso autologo, al fine di recuperare una forma estetica del seno dopo la rimozione delle protesi.<\/p>\n\t\t\t\t<img loading=\"lazy\" decoding=\"async\" src=\"https:\/\/www.zumgoldenenschnitt.ch\/wp-content\/uploads\/2023\/01\/20-cambiamento-o-rimozione-della-protesi-info-it.svg\" alt=\"20 Info sulla rimozione delle protesi mammarie\" itemprop=\"image\" height=\"1000\" width=\"1000\" title=\"20-impianto di seno-rimozione-infos\" onerror=\"this.style.display='none'\">\n\t\t\t\t<img loading=\"lazy\" decoding=\"async\" src=\"https:\/\/www.zumgoldenenschnitt.ch\/wp-content\/uploads\/2023\/01\/brustimplantate-entfernen-oder-wechseln-basel.jpg\" alt=\"rimozione o modifica delle protesi mammarie basel\" itemprop=\"image\" height=\"1000\" width=\"1000\" title=\"protesi mammarie-rimozione-sostituzione-basello\" onerror=\"this.style.display='none'\">\n\t<h2>La consultazione<\/h2>\nCome chirurgo plastico, la dottoressa L\u00fcdi \u00e8 specializzata in chirurgia del seno e sar\u00e0 lieta di consigliarvi personalmente, da donna a donna, nella sua clinica di Basilea.<br>\nPrima di una modifica o rimozione dell'impianto, di solito si svolgono due consultazioni dettagliate con il Dr. L\u00fcdi. Per noi \u00e8 molto importante che il paziente sia ben informato sulla procedura, che tutte le domande aperte trovino risposta e che si tenga conto dei suoi desideri. In alcuni casi, prima di un'operazione pu\u00f2 essere necessario un ulteriore chiarimento, ad esempio mediante ultrasuoni o risonanza magnetica. Il Dr. L\u00fcdi discuter\u00e0 con voi la tecnica chirurgica, l'esatta incisione e il posizionamento dell'impianto, i possibili rischi e le complicazioni, nonch\u00e9 la cura successiva.\n<h2>La selezione dell'impianto<\/h2>\n<p>Quando si cambiano le protesi, di solito si consiglia di scegliere un impianto minimamente pi\u00f9 grande, a causa della precompressione del mantello del tessuto mammario e del tessuto capsulare rimosso. Utilizziamo solo gli impianti pi\u00f9 moderni e di alta qualit\u00e0 di aziende rinomate.<\/p>\n<h2>Il giorno dell'intervento<\/h2>\n<p>Il giorno dell'intervento, il Dr. L\u00fcdi prepara una documentazione fotografica prima dell'operazione ed esegue i segni sul seno. Verrete quindi preparati per l'intervento imminente e accompagnati in sala operatoria.<\/p>\n<h2>L'operazione<\/h2>\n<p>La sostituzione dell'impianto pu\u00f2 essere eseguita in anestesia generale come day surgery ambulatoriale presso la nostra clinica di Basilea o come ricovero in uno dei nostri ospedali affiliati. Se possibile, per l'accesso si utilizzano le cicatrici esistenti. A seconda dei casi, per il lifting del seno pu\u00f2 essere necessaria un'estensione dell'incisione o un'incisione aggiuntiva. Questo verr\u00e0 discusso con il paziente prima dell'intervento. L'impianto e, a seconda dell'indicazione, l'intera capsula o solo parti di essa vengono rimossi. Si inserisce quindi un nuovo impianto o, se necessario, si sostituisce il volume dell'impianto con il proprio grasso. Nel caso di un ulteriore trasferimento di grasso autologo, il grasso viene prelevato da un'altra parte del corpo, come l'addome, i fianchi o le cosce, mediante una liposuzione, preparato e poi inserito nel seno attraverso piccole incisioni con una cannula.<\/p>\n<h2>Subito dopo l'intervento<\/h2>\n<p>Dopo l'intervento, potrete riprendervi nelle nostre bellissime stanze di degenza con vista sul Reno e sarete assistiti dal nostro team. Dopo un'altra visita del Dr. L\u00fcdi, potete essere prelevati da un accompagnatore e tornare a casa lo stesso giorno. Se l'intervento viene eseguito in regime di ricovero, viene effettuato in ospedale e di solito comporta da 1 a 2 pernottamenti.<\/p>\n<h2>La cura successiva<\/h2>\n<ul>\n<li>Il primo controllo da parte del Dr. L\u00fcdi avviene il giorno successivo.<\/li>\n<li>Per 6 settimane \u00e8 necessario indossare un reggiseno sportivo ben aderente durante il giorno e la notte.<\/li>\n<li>Si consiglia un periodo di riposo di 6 settimane per favorire un processo di guarigione ottimale. Ci\u00f2 significa che in questo periodo bisogna evitare di praticare sport, trasportare e sollevare carichi e dormire in posizione prona. Gli sport come l'arrampicata, le immersioni, il golf, il tennis e il PowerPlate dovrebbero essere evitati per i primi 3 mesi dopo l'intervento, per favorire la guarigione ottimale dell'impianto. Inoltre, non si deve indossare un reggiseno push-up fino a 3 mesi dopo l'intervento.<\/li>\n<li>L'intensit\u00e0 del dolore dopo l'intervento \u00e8 generalmente moderata e ben controllabile con i comuni antidolorifici.<\/li>\n<li>La cura della cicatrice pu\u00f2 essere iniziata a partire da 3 settimane dopo l'intervento.<\/li>\n<\/ul>\n<h2>Rischi e complicazioni<\/h2>\nIn linea di principio, ogni intervento comporta alcuni rischi, ma in generale un cambio di impianto \u00e8 un intervento a basso rischio e le complicazioni sono molto rare. I rischi e le complicanze di un cambio di impianto sono gli stessi dell'intervento iniziale. Oltre ai rischi chirurgici generali (ad esempio ematoma, problemi di guarigione della ferita, sanguinamento post-operatorio, infezione, problemi di cicatrice), con le protesi mammarie esiste un certo rischio di fibrosi capsulare. Il trattamento di questo aspetto \u00e8 necessario solo in caso di reclami.<br>\nDurante la consultazione, il Dr. L\u00fcdi discuter\u00e0 con voi i possibili rischi e le complicazioni e sar\u00e0 lieto di rispondere a tutte le vostre domande.\n<h2>Costi<\/h2>\n<p>I costi di una modifica o rimozione dell'impianto dipendono dai desideri del paziente, dal tipo e dall'entit\u00e0 dell'intervento e dai materiali necessari. Durante la consultazione, il Dr. L\u00fcdi elaborer\u00e0 un trattamento su misura per voi e vi fornir\u00e0 un preventivo di spesa individuale.<\/p>\n<p>Di norma, le compagnie di assicurazione sanitaria coprono parte dei costi dell'intervento (rimozione dell'impianto e capsulectomia) se esiste un'indicazione medica (fibrosi capsulare, rottura dell'impianto). Tuttavia, la parte estetica dell'intervento, compresi i costi per le nuove protesi, il lifting o il trasferimento di grasso da parte della paziente, deve sempre essere coperta dalla paziente stessa.<\/p>\n<h2>Domande frequenti<\/h2>\n\t\t\t\t\t\t\t\t\t\t<h3 tabindex=\"0\">Com'\u00e8 il dolore dopo un cambio di impianto?<\/h3>\n\t\t\t\t\t<p>Grazie a tecniche chirurgiche delicate, il dolore e il fastidio subito dopo l'intervento sono moderati e possono essere controllati con i comuni antidolorifici. Il dolore \u00e8 simile a quello dei muscoli doloranti nella zona del torace e corrisponde a una sensazione di tensione. <\/p>\n\t\t\t\t\t\t\t\t\t\t<h3 tabindex=\"0\">Le cicatrici saranno visibili dopo la rimozione di una protesi mammaria?<\/h3>\n\t\t\t\t\t<p>Di solito si sceglie la cicatrice esistente nella piega sottoseno per il cambio dell'impianto. A seconda dei casi, pu\u00f2 essere necessario un leggero allargamento dell'incisione (soprattutto nel caso di una capsulectomia) o incisioni aggiuntive per il lifting del seno. Il Dr. L\u00fcdi discuter\u00e0 con voi l'incisione in dettaglio prima dell'intervento. <br>Le cicatrici rimangono dopo ogni intervento, ma di solito sono poco visibili dopo la completa guarigione e la maturazione della cicatrice. Il Dr. L\u00fcdi vi istruir\u00e0 in modo dettagliato sulla cura delle cicatrici dopo l'intervento per favorire una bella guarigione della cicatrice.<\/p>\n\t\t\t\t\t\t\t\t\t\t<h3 tabindex=\"0\">Per quanto tempo non posso lavorare?<\/h3>\n\t\t\t\t\t<p>A seconda dell'occupazione e dello sforzo fisico, si prevede un'inabilit\u00e0 al lavoro di circa 1 o 2 settimane.<\/p>\n\t\t\t\t\t\t\t\t\t\t<h3 tabindex=\"0\">Quando potr\u00f2 fare di nuovo sport?<\/h3>\n\t\t\t\t\t<p>Dopo sei settimane, la guarigione sar\u00e0 progredita al punto da poter ricominciare lentamente a fare esercizio. Ascoltate il vostro corpo e fate attenzione ai segnali di allarme, come il dolore o l'aumento del gonfiore. In questi casi, \u00e8 consigliabile aspettare a proseguire l'allenamento e lasciare che il corpo si riposi un po' pi\u00f9 a lungo. Gli sport che sollecitano molto il muscolo pettorale, come il golf, il tennis o l'arrampicata, dovrebbero essere ripresi solo dopo 3 mesi.<\/p>\n\t\t\t\t\t\t\t\t\t\t<h3 tabindex=\"0\">L'impianto deve essere sostituito dopo un certo periodo di tempo?<\/h3>\n\t\t\t\t\t<p>No, un cambio programmato ogni 10-15 anni, come si raccomandava in passato, non \u00e8 pi\u00f9 necessario. Se non ci sono disturbi, sono sufficienti controlli regolari. Nel corso del tempo possono essere necessari interventi successivi, ad esempio a causa della fibrosi capsulare.<\/p>\n\t\t\t\t\t\t\t\t\t\t<h3 tabindex=\"0\">Cosa pu\u00f2 causare la rottura delle protesi mammarie?<\/h3>\n\t\t\t\t\t<p>Le protesi mammarie di oggi sono estremamente resistenti grazie al loro robusto involucro esterno e non si rompono quasi mai. In rari casi, il guscio dell'impianto pu\u00f2 lacerarsi a causa dell'usura di molti anni o a causa di una forte forza esterna, come nel caso di un grave incidente stradale. Eventuali danni all'impianto possono essere rilevati con la risonanza magnetica. Poich\u00e9 le moderne protesi sono realizzate in gel di silicone coesivo e dimensionalmente stabile, le protesi non perdono pi\u00f9. Tuttavia, si consiglia di sostituire l'impianto se \u00e8 danneggiato.<\/p>\n\t\t\t\t\t\t\t\t\t\t<h3 tabindex=\"0\">L'impianto pu\u00f2 perdere?<\/h3>\n\t\t\t\t\t<p>Le protesi moderne, come quelle utilizzate dal Dr. L\u00fcdi, sono costituite da un gel di silicone coesivo che \u00e8 dimensionalmente stabile e non fuoriesce dal corpo anche se il guscio della protesi \u00e8 danneggiato.<\/p>\n\t\t\t\t\t\t\t\t\t\t<h3 tabindex=\"0\">Quali impianti vengono utilizzati?<\/h3>\n\t\t\t\t\t<p>Utilizziamo solo gli impianti pi\u00f9 moderni e di alta qualit\u00e0 di aziende rinomate. La forma, la dimensione e la superficie dell'impianto prescelto saranno discusse con il paziente durante la consultazione.<\/p>\n\t\t\t\t\t\t\t\t\t\t<h3 tabindex=\"0\">Posso continuare ad allattare dopo un aumento del seno con protesi?<\/h3>\n\t\t\t\t\t<p>S\u00ec, l'allattamento al seno \u00e8 possibile anche dopo una mastoplastica additiva o un cambio di protesi, poich\u00e9 l'impianto viene posizionato dietro le ghiandole mammarie e la capacit\u00e0 di allattare non viene compromessa.<\/p>\n\t\t\t\t\t\t\t\t\t\t<h3 tabindex=\"0\">L'ingrossamento del seno influisce sullo screening del cancro?<\/h3>\n\t\t\t\t\t<p>No, gli impianti vengono posizionati dietro la ghiandola mammaria e lo screening del cancro (palpazione, ecografia, risonanza magnetica, mammografia) viene effettuato da professionisti esperti e formati, in modo da non compromettere lo screening del cancro.<\/p>\n\t<p>La dottoressa Simona L\u00fcdi sar\u00e0 lieta di accogliervi per una consultazione personale presso la nostra clinica di Basilea. Non vediamo l'ora di vedervi.<\/p>\n\t\t\t<a href=\"https:\/\/booking.epat.ch\/goldenschnitt\/booking\" target=\"_blank\" rel=\"noopener\" role=\"button\" aria-label=\"Prenota un appuntamento di consultazione\">\n\t\t\t\t\t\t\tPrenota un appuntamento di consultazione\n\t\t<\/a>","protected":false},"excerpt":{"rendered":"<p>L'aumento del seno con protesi \u00e8 ancora uno degli interventi estetici pi\u00f9 frequentemente eseguiti. Non \u00e8 pi\u00f9 necessario cambiare l'impianto ogni 10-15 anni, come si raccomandava in passato. Tuttavia, possono essere necessari interventi successivi, ad esempio a causa della fibrosi capsulare. Poich\u00e9 un impianto \u00e8 un [...]<\/p>","protected":false},"author":6,"featured_media":1842,"parent":555,"menu_order":3,"comment_status":"closed","ping_status":"closed","template":"","meta":{"_seopress_robots_primary_cat":"","_seopress_titles_title":"Brustimplantate wechseln oder entfernen | Dr. Simona L\u00fcdi Basel","_seopress_titles_desc":"Entfernung und Wechsel von Brustimplantaten: Frau Dr. Simona L\u00fcdi, Fach\u00e4rztin f\u00fcr Plastische & \u00c4sthetische Chirurgie ber\u00e4t Sie gerne in unserer Klinik in Basel.","_seopress_robots_index":"","inline_featured_image":false,"site-sidebar-layout":"default","site-content-layout":"","ast-site-content-layout":"default","site-content-style":"default","site-sidebar-style":"default","ast-global-header-display":"","ast-banner-title-visibility":"","ast-main-header-display":"","ast-hfb-above-header-display":"","ast-hfb-below-header-display":"","ast-hfb-mobile-header-display":"","site-post-title":"","ast-breadcrumbs-content":"","ast-featured-img":"","footer-sml-layout":"","theme-transparent-header-meta":"","adv-header-id-meta":"","stick-header-meta":"","header-above-stick-meta":"","header-main-stick-meta":"","header-below-stick-meta":"","astra-migrate-meta-layouts":"set","ast-page-background-enabled":"default","ast-page-background-meta":{"desktop":{"background-color":"var(--ast-global-color-4)","background-image":"","background-repeat":"repeat","background-position":"center center","background-size":"auto","background-attachment":"scroll","background-type":"","background-media":"","overlay-type":"","overlay-color":"","overlay-opacity":"","overlay-gradient":""},"tablet":{"background-color":"","background-image":"","background-repeat":"repeat","background-position":"center center","background-size":"auto","background-attachment":"scroll","background-type":"","background-media":"","overlay-type":"","overlay-color":"","overlay-opacity":"","overlay-gradient":""},"mobile":{"background-color":"","background-image":"","background-repeat":"repeat","background-position":"center center","background-size":"auto","background-attachment":"scroll","background-type":"","background-media":"","overlay-type":"","overlay-color":"","overlay-opacity":"","overlay-gradient":""}},"ast-content-background-meta":{"desktop":{"background-color":"var(--ast-global-color-5)","background-image":"","background-repeat":"repeat","background-position":"center center","background-size":"auto","background-attachment":"scroll","background-type":"","background-media":"","overlay-type":"","overlay-color":"","overlay-opacity":"","overlay-gradient":""},"tablet":{"background-color":"var(--ast-global-color-5)","background-image":"","background-repeat":"repeat","background-position":"center center","background-size":"auto","background-attachment":"scroll","background-type":"","background-media":"","overlay-type":"","overlay-color":"","overlay-opacity":"","overlay-gradient":""},"mobile":{"background-color":"var(--ast-global-color-5)","background-image":"","background-repeat":"repeat","background-position":"center center","background-size":"auto","background-attachment":"scroll","background-type":"","background-media":"","overlay-type":"","overlay-color":"","overlay-opacity":"","overlay-gradient":""}},"footnotes":""},"class_list":["post-614","page","type-page","status-publish","has-post-thumbnail"],"_links":{"self":[{"href":"https:\/\/www.zumgoldenenschnitt.ch\/it\/wp-json\/wp\/v2\/pages\/614","targetHints":{"allow":["GET"]}}],"collection":[{"href":"https:\/\/www.zumgoldenenschnitt.ch\/it\/wp-json\/wp\/v2\/pages"}],"about":[{"href":"https:\/\/www.zumgoldenenschnitt.ch\/it\/wp-json\/wp\/v2\/types\/page"}],"author":[{"embeddable":true,"href":"https:\/\/www.zumgoldenenschnitt.ch\/it\/wp-json\/wp\/v2\/users\/6"}],"replies":[{"embeddable":true,"href":"https:\/\/www.zumgoldenenschnitt.ch\/it\/wp-json\/wp\/v2\/comments?post=614"}],"version-history":[{"count":7,"href":"https:\/\/www.zumgoldenenschnitt.ch\/it\/wp-json\/wp\/v2\/pages\/614\/revisions"}],"predecessor-version":[{"id":1848,"href":"https:\/\/www.zumgoldenenschnitt.ch\/it\/wp-json\/wp\/v2\/pages\/614\/revisions\/1848"}],"up":[{"embeddable":true,"href":"https:\/\/www.zumgoldenenschnitt.ch\/it\/wp-json\/wp\/v2\/pages\/555"}],"wp:featuredmedia":[{"embeddable":true,"href":"https:\/\/www.zumgoldenenschnitt.ch\/it\/wp-json\/wp\/v2\/media\/1842"}],"wp:attachment":[{"href":"https:\/\/www.zumgoldenenschnitt.ch\/it\/wp-json\/wp\/v2\/media?parent=614"}],"curies":[{"name":"wp","href":"https:\/\/api.w.org\/{rel}","templated":true}]}}