{"id":616,"date":"2023-01-26T16:57:02","date_gmt":"2023-01-26T15:57:02","guid":{"rendered":"https:\/\/www.zumgoldenenschnitt.ch\/?page_id=616"},"modified":"2026-02-26T14:06:49","modified_gmt":"2026-02-26T13:06:49","slug":"maennerbrust-gynaekomastie-lipomastie","status":"publish","type":"page","link":"https:\/\/www.zumgoldenenschnitt.ch\/it\/offerta\/petto\/uomo-seno-ginecomastia-lipomastia\/","title":{"rendered":"Seno maschile | Ginecomastia | Lipomastia"},"content":{"rendered":"La ginecomastia, nota anche come seno maschile, \u00e8 la femminilizzazione della forma del seno maschile.<br>\nLa ginecomastia \"vera\" \u00e8 un ingrossamento unilaterale o bilaterale del tessuto delle ghiandole mammarie, mentre la \"pseudoginecomastia\" \u00e8 semplicemente un aumento dei depositi di grasso nella zona del seno. Nella maggior parte dei casi, la proliferazione delle ghiandole mammarie \u00e8 benigna e non rappresenta un rischio per la salute. Le cause della ginecomastia sono molteplici, tra cui fattori ereditari, disturbi ormonali, ma anche alcuni farmaci o l'uso di steroidi anabolizzanti o cannabis.<br>\nIl seno maschile ha spesso effetti negativi sulla fiducia in se stessi e sul benessere nel proprio corpo e spesso porta a sentimenti di vergogna e di ritiro sociale. Poich\u00e9 spesso i cambiamenti di contorno nella zona del seno non possono essere controllati con lo sport o con la dieta, nella maggior parte dei casi solo la correzione chirurgica pu\u00f2 essere d'aiuto. Un intervento di ginecomastia non solo migliora l'aspetto, ma rafforza anche la fiducia in se stessi e favorisce il benessere nel proprio corpo.\n\t\t\t\t<img loading=\"lazy\" decoding=\"async\" src=\"https:\/\/www.zumgoldenenschnitt.ch\/wp-content\/uploads\/2023\/01\/21-ginecomastia-info-it.svg\" alt=\"21 seno maschile ginecomastia lipomastia info\" itemprop=\"image\" title=\"21-maschio-seno-ginecomastia_lipomastia-infos\" onerror=\"this.style.display='none'\" width=\"1000\" height=\"1000\">\n\t\t\t\t<img loading=\"lazy\" decoding=\"async\" src=\"https:\/\/www.zumgoldenenschnitt.ch\/wp-content\/uploads\/2023\/01\/maennerbrust-gynaekomastie-lipomastie-basel.jpg\" alt=\"uomo seno ginecomastia lipomastia basel\" itemprop=\"image\" title=\"uomo-seno-ginecomastia-lipomastia-basilea\" onerror=\"this.style.display='none'\" width=\"1000\" height=\"1000\">\n\t<h2>La consultazione<\/h2>\n<p>Prima di una correzione della ginecomastia, di solito ci sono due consultazioni dettagliate con il Dr. L\u00fcdi. Per noi \u00e8 molto importante che il paziente sia ben informato sulla procedura, che tutte le domande aperte trovino risposta e che si tenga conto dei suoi desideri. Il Dr. L\u00fcdi discuter\u00e0 con voi la tecnica chirurgica, l'esatta incisione, i possibili rischi e le complicazioni, nonch\u00e9 la cura successiva.<\/p>\n<p>Per escludere disturbi ormonali o altre cause mediche del seno maschile, prima di un'eventuale operazione viene effettuato da uno specialista un esame endocrinologico (per chiarire i disturbi ormonali) e un'ecografia del seno.<\/p>\n<h2>Il giorno dell'intervento<\/h2>\n<p>Il giorno dell'intervento, il Dr. L\u00fcdi prepara una documentazione fotografica prima dell'operazione ed esegue i segni sul seno. Verrete quindi preparati per l'intervento imminente e accompagnati in sala operatoria.<\/p>\n<h2>L'operazione di ginecomastia<\/h2>\n<p>La correzione della ginecomastia pu\u00f2 essere eseguita in day surgery nella nostra clinica di Basilea, in anestesia locale o generale, e richiede circa 1 o 2 ore. Il tessuto ghiandolare in eccesso viene rimosso attraverso un'incisione sul bordo inferiore del capezzolo e il contorno del seno viene definito mediante liposuzione. Rimangono solo cicatrici molto piccole e appena visibili. In rari casi gravi, con pelle in eccesso pi\u00f9 estesa, pu\u00f2 essere necessario un ulteriore restringimento della pelle.<\/p>\n<h2>Subito dopo l'intervento<\/h2>\n<p>Dopo l'intervento, potrete riprendervi nelle nostre bellissime stanze di degenza con vista sul Reno e sarete assistiti dal nostro team. Dopo un'altra visita del Dr. L\u00fcdi, potrete essere prelevati da un accompagnatore e tornare a casa il giorno stesso.<\/p>\n<h2>La cura successiva<\/h2>\n<ul>\n<li>Per 6 settimane \u00e8 necessario indossare il gilet compressivo aderente durante il giorno e anche di notte.<\/li>\n<li>Si consiglia un periodo di riposo di 6 settimane per favorire un processo di guarigione ottimale. Ci\u00f2 significa che in questo periodo bisogna astenersi dallo sport e dal portare e sollevare carichi.<\/li>\n<li>L'intensit\u00e0 del dolore dopo l'intervento \u00e8 generalmente moderata e ben controllabile con i comuni antidolorifici.<\/li>\n<li>La cura della cicatrice pu\u00f2 essere iniziata a partire da 3 settimane dopo l'intervento.<\/li>\n<\/ul>\n<h2>Rischi e complicazioni<\/h2>\nIn linea di principio, ogni intervento comporta alcuni rischi, ma in generale la correzione del seno maschile \u00e8 una procedura a basso rischio e raramente si verificano complicazioni. Oltre ai rischi generali dell'intervento chirurgico (ad esempio ematoma, problemi di guarigione della ferita, infezione), in singoli casi pu\u00f2 verificarsi un'emorragia post-operatoria o, nel caso di un ulteriore lifting del seno, occasionalmente un temporaneo intorpidimento del capezzolo.<br>\nDurante la consultazione, il Dr. L\u00fcdi discuter\u00e0 con voi i possibili rischi e le complicazioni e sar\u00e0 lieto di rispondere a tutte le vostre domande.\n<h2>Costi<\/h2>\n<p>I costi di una correzione della ginecomastia dipendono dai desideri del paziente, dal tipo e dall'entit\u00e0 dell'intervento, dal tipo di anestesia e dai materiali necessari. Durante la consultazione, il Dr. L\u00fcdi elaborer\u00e0 un trattamento su misura per voi e vi fornir\u00e0 un preventivo di spesa individuale.<\/p>\n<p>Di norma, l'assicurazione sanitaria non copre i costi di una correzione della ginecomastia, in quanto si tratta di un intervento estetico. Solo in rari casi eccezionali con indicazione medica i costi saranno coperti dall'assicurazione sanitaria.<\/p>\n<h2>Domande frequenti<\/h2>\n\t\t\t\t\t\t\t\t\t\t<h3 tabindex=\"0\">Qual \u00e8 il dolore dopo l'intervento di ginecomastia?<\/h3>\n\t\t\t\t\t<p>Il dolore e il disagio subito dopo l'intervento sono moderati e possono essere ben controllati con i comuni antidolorifici. Il dolore \u00e8 simile a un indolenzimento dei muscoli nella zona del torace e pu\u00f2 verificarsi una leggera sensazione di tensione. <\/p>\n\t\t\t\t\t\t\t\t\t\t<h3 tabindex=\"0\">Le cicatrici saranno visibili dopo l'intervento di ginecomastia?<\/h3>\n\t\t\t\t\t<p>La liposuzione del seno richiede di solito due o tre incisioni molto piccole di circa 3-4 mm di lunghezza. Se viene rimosso anche il tessuto mammario, viene praticata un'incisione direttamente sul bordo inferiore del capezzolo. Rimangono piccole cicatrici nell'area delle incisioni. Tuttavia, dopo la completa guarigione e la maturazione delle cicatrici, queste sono di solito poco visibili e non si notano affatto. Il Dr. L\u00fcdi vi istruir\u00e0 in modo dettagliato sulla cura delle cicatrici dopo l'intervento per favorire una bella guarigione della cicatrice.<\/p>\n\t\t\t\t\t\t\t\t\t\t<h3 tabindex=\"0\">Per quanto tempo non posso lavorare dopo un intervento di ginecomastia?<\/h3>\n\t\t\t\t\t<p>A seconda della professione e dello sforzo fisico, l'impossibilit\u00e0 di lavorare \u00e8 prevista per circa 4-7 giorni.<\/p>\n\t\t\t\t\t\t\t\t\t\t<h3 tabindex=\"0\">Quando posso riprendere a fare sport dopo l'intervento di ginecomastia?<\/h3>\n\t\t\t\t\t<p>Dopo sei settimane, la guarigione sar\u00e0 progredita al punto da poter ricominciare lentamente a fare esercizio. Ascoltate il vostro corpo e fate attenzione ai segnali di allarme, come il dolore o l'aumento del gonfiore. In questi casi, \u00e8 consigliabile aspettare ad allenarsi ulteriormente e lasciare che il corpo si riposi un po' pi\u00f9 a lungo.<\/p>\n\t\t\t\t\t\t\t\t\t\t<h3 tabindex=\"0\">L'obesit\u00e0 ha un ruolo nella ginecomastia?<\/h3>\n\t\t\t\t\t<p>S\u00ec, questo aspetto gioca un ruolo importante nella pseudoginecomastia. In questo caso si verifica solo un aumento dell'accumulo di grasso nella zona del torace. Si verifica nella maggior parte degli uomini quando il peso supera di 10-20 kg quello normale.<\/p>\n\t\t\t\t\t\t\t\t\t\t<h3 tabindex=\"0\">Il seno maschile pu\u00f2 ricrescere dopo l'intervento?<\/h3>\n\t\t\t\t\t<p>S\u00ec, soprattutto nel caso della pseudognecomastia, dove la causa \u00e8 un puro aumento di grasso nella zona del seno, un aumento di peso pu\u00f2 portare a una \"ricrescita\" del seno maschile. Come dopo una liposuzione in altre parti del corpo, il peso corporeo deve rimanere stabile per poter mantenere il risultato chirurgico.<\/p>\n\t<p>Simona L\u00fcdi, MD, sar\u00e0 lieta di accogliervi per un consulto personale per un intervento di ginecomastia presso la nostra clinica di Basilea. Non vediamo l'ora di vedervi.<\/p>\n\t\t\t<a href=\"https:\/\/booking.epat.ch\/goldenschnitt\/booking\" target=\"_blank\" rel=\"noopener\" role=\"button\" aria-label=\"Prenota un appuntamento di consultazione\">\n\t\t\t\t\t\t\tPrenota un appuntamento di consultazione\n\t\t<\/a>","protected":false},"excerpt":{"rendered":"<p>La ginecomastia, nota anche colloquialmente come man boobs, \u00e8 la femminilizzazione della forma del seno maschile. La ginecomastia \"vera\" \u00e8 un ingrossamento unilaterale o bilaterale del tessuto della ghiandola mammaria, mentre la \"pseudoginecomastia\" comporta semplicemente un aumento dei depositi di grasso nella zona del seno. Nella stragrande maggioranza dei casi, la proliferazione delle ghiandole mammarie \u00e8 benigna e non comporta quindi alcun rischio per la salute. La [...]<\/p>","protected":false},"author":6,"featured_media":1559,"parent":555,"menu_order":6,"comment_status":"closed","ping_status":"closed","template":"","meta":{"_seopress_robots_primary_cat":"","_seopress_titles_title":"M\u00e4nnerbrust | Gyn\u00e4komastie | Klinik Zum Goldenen Schnitt | Basel","_seopress_titles_desc":"Flache & straffe M\u00e4nnerbrust - in unserer Klinik Zum Goldenen Schnitt in Basel beraten wir Sie gerne bez\u00fcglich Gyn\u00e4komastie & Lipomastie Operation.","_seopress_robots_index":"","inline_featured_image":false,"site-sidebar-layout":"default","site-content-layout":"","ast-site-content-layout":"default","site-content-style":"default","site-sidebar-style":"default","ast-global-header-display":"","ast-banner-title-visibility":"","ast-main-header-display":"","ast-hfb-above-header-display":"","ast-hfb-below-header-display":"","ast-hfb-mobile-header-display":"","site-post-title":"","ast-breadcrumbs-content":"","ast-featured-img":"","footer-sml-layout":"","theme-transparent-header-meta":"","adv-header-id-meta":"","stick-header-meta":"","header-above-stick-meta":"","header-main-stick-meta":"","header-below-stick-meta":"","astra-migrate-meta-layouts":"set","ast-page-background-enabled":"default","ast-page-background-meta":{"desktop":{"background-color":"var(--ast-global-color-4)","background-image":"","background-repeat":"repeat","background-position":"center center","background-size":"auto","background-attachment":"scroll","background-type":"","background-media":"","overlay-type":"","overlay-color":"","overlay-opacity":"","overlay-gradient":""},"tablet":{"background-color":"","background-image":"","background-repeat":"repeat","background-position":"center center","background-size":"auto","background-attachment":"scroll","background-type":"","background-media":"","overlay-type":"","overlay-color":"","overlay-opacity":"","overlay-gradient":""},"mobile":{"background-color":"","background-image":"","background-repeat":"repeat","background-position":"center center","background-size":"auto","background-attachment":"scroll","background-type":"","background-media":"","overlay-type":"","overlay-color":"","overlay-opacity":"","overlay-gradient":""}},"ast-content-background-meta":{"desktop":{"background-color":"var(--ast-global-color-5)","background-image":"","background-repeat":"repeat","background-position":"center center","background-size":"auto","background-attachment":"scroll","background-type":"","background-media":"","overlay-type":"","overlay-color":"","overlay-opacity":"","overlay-gradient":""},"tablet":{"background-color":"var(--ast-global-color-5)","background-image":"","background-repeat":"repeat","background-position":"center center","background-size":"auto","background-attachment":"scroll","background-type":"","background-media":"","overlay-type":"","overlay-color":"","overlay-opacity":"","overlay-gradient":""},"mobile":{"background-color":"var(--ast-global-color-5)","background-image":"","background-repeat":"repeat","background-position":"center center","background-size":"auto","background-attachment":"scroll","background-type":"","background-media":"","overlay-type":"","overlay-color":"","overlay-opacity":"","overlay-gradient":""}},"footnotes":""},"class_list":["post-616","page","type-page","status-publish","has-post-thumbnail"],"_links":{"self":[{"href":"https:\/\/www.zumgoldenenschnitt.ch\/it\/wp-json\/wp\/v2\/pages\/616","targetHints":{"allow":["GET"]}}],"collection":[{"href":"https:\/\/www.zumgoldenenschnitt.ch\/it\/wp-json\/wp\/v2\/pages"}],"about":[{"href":"https:\/\/www.zumgoldenenschnitt.ch\/it\/wp-json\/wp\/v2\/types\/page"}],"author":[{"embeddable":true,"href":"https:\/\/www.zumgoldenenschnitt.ch\/it\/wp-json\/wp\/v2\/users\/6"}],"replies":[{"embeddable":true,"href":"https:\/\/www.zumgoldenenschnitt.ch\/it\/wp-json\/wp\/v2\/comments?post=616"}],"version-history":[{"count":7,"href":"https:\/\/www.zumgoldenenschnitt.ch\/it\/wp-json\/wp\/v2\/pages\/616\/revisions"}],"predecessor-version":[{"id":1851,"href":"https:\/\/www.zumgoldenenschnitt.ch\/it\/wp-json\/wp\/v2\/pages\/616\/revisions\/1851"}],"up":[{"embeddable":true,"href":"https:\/\/www.zumgoldenenschnitt.ch\/it\/wp-json\/wp\/v2\/pages\/555"}],"wp:featuredmedia":[{"embeddable":true,"href":"https:\/\/www.zumgoldenenschnitt.ch\/it\/wp-json\/wp\/v2\/media\/1559"}],"wp:attachment":[{"href":"https:\/\/www.zumgoldenenschnitt.ch\/it\/wp-json\/wp\/v2\/media?parent=616"}],"curies":[{"name":"wp","href":"https:\/\/api.w.org\/{rel}","templated":true}]}}