{"id":618,"date":"2023-01-26T16:57:57","date_gmt":"2023-01-26T15:57:57","guid":{"rendered":"https:\/\/www.zumgoldenenschnitt.ch\/?page_id=618"},"modified":"2026-02-26T14:08:30","modified_gmt":"2026-02-26T13:08:30","slug":"fettabsaugung-liposuktion","status":"publish","type":"page","link":"https:\/\/www.zumgoldenenschnitt.ch\/it\/offerta\/corpo\/liposuzione\/","title":{"rendered":"Liposuzione | Liposuzione"},"content":{"rendered":"Durante la liposuzione, i depositi di grasso in eccesso vengono rimossi per migliorare i contorni e le proporzioni del corpo. \u00c8 possibile ridurre i depositi di grasso localizzati su vita, fianchi, cosce, interno ginocchia, addome, schiena e mento. La liposuzione viene utilizzata, tra l'altro, per le cosiddette \"zone problematiche\" che non possono essere eliminate nonostante l'esercizio fisico o la dieta. I contorni del corpo possono essere migliorati e si pu\u00f2 ottenere un aspetto armonioso con una liposuzione mirata dei cuscinetti di grasso fastidiosi. La liposuzione pu\u00f2 essere utilizzata, ad esempio, per rimuovere il grasso addominale o le \"maniglie dell'amore\" (il cosiddetto \"grasso dei fianchi\"), ma anche i \"pantaloni da cavallerizzo\". Esistono diverse tecniche di liposuzione, le pi\u00f9 comuni sono la vibrazione, il laser, gli ultrasuoni e la liposuzione assistita con getto d'acqua.<br \/>\nLa liposuzione pu\u00f2 anche essere combinata con il lipofilling. In questo caso, il tessuto adiposo rimosso viene reintrodotto in un'altra parte del corpo da ingrandire. Ad esempio, un <a href=\"https:\/\/www.zumgoldenenschnitt.ch\/it\/offerta\/petto\/ingrandire-il-seno-con-il-proprio-grasso\/\">Aumento del seno con grasso proprio<\/a> possibile.\n\t\t\t\t<img loading=\"lazy\" decoding=\"async\" src=\"https:\/\/www.zumgoldenenschnitt.ch\/wp-content\/uploads\/2023\/01\/22-liposuzione-info-it.svg\" alt=\"22 informazioni sulla liposuzione\" itemprop=\"image\" height=\"1000\" width=\"1000\" title=\"22 informazioni sulla liposuzione\" onerror=\"this.style.display='none'\"  \/>\n\t\t\t\t<img loading=\"lazy\" decoding=\"async\" src=\"https:\/\/www.zumgoldenenschnitt.ch\/wp-content\/uploads\/2023\/01\/fettabsaugung-liposuktion-basel.jpg\" alt=\"liposuzione basel\" itemprop=\"image\" height=\"1000\" width=\"1000\" title=\"liposuzione-basilea\" onerror=\"this.style.display='none'\"  \/>\n\t<h2>La consultazione<\/h2>\nIn qualit\u00e0 di chirurgo plastico, la dottoressa L\u00fcdi \u00e8 specializzata in interventi di rimodellamento del corpo e sar\u00e0 lieta di consigliarvi personalmente sul tema della liposuzione nella sua clinica di Basilea.<br \/>\nNel corso di una prima consultazione dettagliata, il Dr. L\u00fcdi si prender\u00e0 il tempo necessario per rispondere alle vostre preoccupazioni, analizzer\u00e0 insieme a voi i risultati e vi consiglier\u00e0 se la liposuzione \u00e8 la scelta giusta per voi o se, ad esempio, un altro metodo di trattamento \u00e8 pi\u00f9 adatto a voi. Il Dr. L\u00fcdi vi informer\u00e0 anche sul risultato atteso, sulla tecnica chirurgica e sui possibili rischi e complicazioni del trattamento. Il Dr. L\u00fcdi sar\u00e0 inoltre lieto di mostrarvi le foto prima e dopo la liposuzione.\n<h2>Il giorno dell'intervento<\/h2>\n<p>Il giorno dell'intervento, il Dr. L\u00fcdi prepara una documentazione fotografica prima dell'operazione e disegna con precisione le aree del corpo da aspirare. Verrete quindi preparati per l'intervento imminente e accompagnati in sala operatoria.<\/p>\n<h2>L'operazione<\/h2>\n<p>La liposuzione pu\u00f2 essere eseguita ambulatorialmente nella nostra clinica di Basilea in anestesia locale o generale e dura da 1 a 3 ore circa, a seconda dello sforzo richiesto. All'inizio dell'intervento, la cosiddetta soluzione tumescente (contenente, tra l'altro, anestetico locale e adrenalina) viene iniettata nel tessuto adiposo. La soluzione tumescente ha un effetto anestetico e vasocostrittore e scioglie le cellule adipose. Dopo un tempo di reazione di circa 20 minuti, le cellule di grasso in eccesso vengono delicatamente aspirate con una cannula di aspirazione. Le incisioni cutanee sono lunghe solo pochi millimetri e vengono suturate finemente. Al termine dell'intervento, si indossa l'indumento compressivo.<\/p>\n<h2>Subito dopo l'intervento<\/h2>\n<p>Dopo l'intervento, potrete riprendervi nelle nostre bellissime stanze di degenza con vista sul Reno e sarete assistiti dal nostro team. Dopo un'altra visita del Dr. L\u00fcdi, potrete essere prelevati da un accompagnatore e tornare a casa il giorno stesso.<\/p>\n<h2>La cura successiva<\/h2>\n<ul>\n<li>Dopo circa una settimana, ha luogo la prima visita di controllo.<\/li>\n<li>Sono possibili rovesci fin dal primo giorno<\/li>\n<li>L'indumento compressivo deve essere indossato costantemente per 6 settimane.<\/li>\n<li>Si consiglia un periodo di riposo di 4-6 settimane per favorire un processo di guarigione ottimale. In questo periodo \u00e8 bene astenersi dal praticare sport.<\/li>\n<li>Tuttavia, subito dopo l'intervento si raccomanda di fare regolarmente esercizi fisici leggeri e passeggiate, che sono importanti per mantenere il rischio di trombosi il pi\u00f9 basso possibile.<\/li>\n<li>L'intensit\u00e0 del dolore dopo l'intervento \u00e8 generalmente moderata e ben controllabile con i comuni antidolorifici.<\/li>\n<li>La cura della cicatrice pu\u00f2 essere iniziata a partire da 3 settimane dopo l'intervento.<\/li>\n<\/ul>\n<h2>Rischi e complicazioni<\/h2>\n<p>La liposuzione \u00e8 una procedura minimamente invasiva e le complicazioni sono molto rare. Vi sono i rischi chirurgici generali (ad esempio, ecchimosi, problemi di guarigione della ferita, infezioni). Dopo l'intervento, di solito si prevedono lividi e gonfiore locale. Queste guariranno nei primi giorni o settimane. Anche una leggera sensazione di intorpidimento scomparir\u00e0 nelle prime settimane. Raramente, possono comparire delle ammaccature, che possono essere appianate con un piccolo intervento correttivo. Le piccole cicatrici sono solitamente poco visibili dopo la maturazione della cicatrice. Possono essere necessari da 6 a 12 mesi prima che il tessuto sia completamente guarito e il risultato finale sia visibile. Solo allora il risultato finale \u00e8 disponibile e pu\u00f2 essere valutato.<\/p>\n<h2>Costi della liposuzione<\/h2>\n<p>I costi della liposuzione dipendono dai vostri desideri, dal tipo e dall'entit\u00e0 dell'intervento e dal tipo di anestesia. Durante la consultazione, il Dr. L\u00fcdi elaborer\u00e0 un trattamento su misura per voi e vi fornir\u00e0 un preventivo di spesa individuale.<\/p>\n<h2>Domande frequenti<\/h2>\n\t\t\t\t\t\t\t\t\t\t<h3 tabindex=\"0\">La liposuzione \u00e8 dolorosa?<\/h3>\n\t\t\t\t\t<p>Nelle prime settimane dopo l'intervento, le aree trattate sono gonfie e dolorose a causa della pressione. Tuttavia, il dolore dopo la liposuzione \u00e8 sopportabile (simile a quello dei muscoli indolenziti) e pu\u00f2 essere facilmente controllato con i comuni antidolorifici.<\/p>\n\t\t\t\t\t\t\t\t\t\t<h3 tabindex=\"0\">Per quanto tempo devo indossare i pantaloni compressivi dopo la liposuzione?<\/h3>\n\t\t\t\t\t<p>Per favorire un processo di guarigione ottimale, \u00e8 necessario indossare l'indumento compressivo per 6 settimane dopo la liposuzione.<\/p>\n\t\t\t\t\t\t\t\t\t\t<h3 tabindex=\"0\">Per quanto tempo non posso lavorare dopo la liposuzione?<\/h3>\n\t\t\t\t\t<p>Dopo la liposuzione, di solito le attivit\u00e0 quotidiane non sono significativamente limitate, per cui \u00e8 possibile tornare al lavoro entro 3-7 giorni, a seconda dell'attivit\u00e0 svolta.<\/p>\n\t\t\t\t\t\t\t\t\t\t<h3 tabindex=\"0\">Quando posso riprendere a fare sport dopo la liposuzione?<\/h3>\n\t\t\t\t\t<p>Dopo 4-6 settimane, la guarigione sar\u00e0 progredita al punto da poter riprendere le attivit\u00e0 sportive. Tuttavia, subito dopo l'intervento si raccomanda di fare regolarmente esercizi fisici leggeri e passeggiate, necessari per la profilassi della trombosi.<\/p>\n\t\t\t\t\t\t\t\t\t\t<h3 tabindex=\"0\">La liposuzione \u00e8 permanente?<\/h3>\n\t\t\t\t\t<p>Una volta effettuata la liposuzione, le cellule di grasso vengono rimosse in modo permanente e non si rigenerano. Se il vostro peso \u00e8 stabile, potete quindi aspettarvi un risultato permanente. In caso di forte aumento di peso, tuttavia, pu\u00f2 verificarsi un aumento di volume delle cellule adipose residue anche nelle aree trattate.<\/p>\n\t\t\t\t\t\t\t\t\t\t<h3 tabindex=\"0\">La liposuzione lascia cicatrici visibili?<\/h3>\n\t\t\t\t\t<p>Le cicatrici pi\u00f9 piccole nella zona delle incisioni rimangono, ma normalmente non sono quasi pi\u00f9 visibili.<\/p>\n\t\t\t\t\t\t\t\t\t\t<h3 tabindex=\"0\">Quali sono i costi della liposuzione all'addome?<\/h3>\n\t\t\t\t\t<p>Il prezzo della liposuzione all'addome dipende dal tipo, dall'estensione e dalla durata dell'intervento, nonch\u00e9 dal tipo di anestesia. Dopo la consultazione, il Dr. L\u00fcdi vi fornir\u00e0 un'offerta individuale.<\/p>\n\t<p>La Dr. med. Simona L\u00fcdi sar\u00e0 lieta di accogliervi per una consulenza personale per la liposuzione\/lipo a Basilea. Non vediamo l'ora di vedervi.<\/p>\n\t\t\t<a href=\"https:\/\/booking.epat.ch\/goldenschnitt\/booking\" target=\"_blank\" rel=\"noopener\" role=\"button\" aria-label=\"Prenota un appuntamento di consultazione\">\n\t\t\t\t\t\t\tPrenota un appuntamento di consultazione\n\t\t<\/a>","protected":false},"excerpt":{"rendered":"<p>Durante la liposuzione, i depositi di grasso in eccesso vengono rimossi per migliorare i contorni e le proporzioni del corpo. I depositi di grasso localizzati possono essere ridotti su vita, fianchi, cosce, interno ginocchia, stomaco, schiena e mento. La liposuzione viene utilizzata per le cosiddette \"aree problematiche\" che non possono essere eliminate nonostante l'esercizio fisico o la dieta. Attraverso un intervento mirato [...]<\/p>","protected":false},"author":6,"featured_media":1842,"parent":557,"menu_order":0,"comment_status":"closed","ping_status":"closed","template":"","meta":{"_seopress_robots_primary_cat":"","_seopress_titles_title":"Fettabsaugung | Klinik Zum Goldenen Schnitt | Basel","_seopress_titles_desc":"Entfernung von Fettpolstern & optimierte K\u00f6rperkonturen dank Fettabsaugung (Liposuktion) in unserer Klinik f\u00fcr Plastische & \u00c4sthetische Chirurgie in Basel.","_seopress_robots_index":"","inline_featured_image":false,"site-sidebar-layout":"default","site-content-layout":"","ast-site-content-layout":"default","site-content-style":"default","site-sidebar-style":"default","ast-global-header-display":"","ast-banner-title-visibility":"","ast-main-header-display":"","ast-hfb-above-header-display":"","ast-hfb-below-header-display":"","ast-hfb-mobile-header-display":"","site-post-title":"","ast-breadcrumbs-content":"","ast-featured-img":"","footer-sml-layout":"","theme-transparent-header-meta":"","adv-header-id-meta":"","stick-header-meta":"","header-above-stick-meta":"","header-main-stick-meta":"","header-below-stick-meta":"","astra-migrate-meta-layouts":"set","ast-page-background-enabled":"default","ast-page-background-meta":{"desktop":{"background-color":"var(--ast-global-color-4)","background-image":"","background-repeat":"repeat","background-position":"center center","background-size":"auto","background-attachment":"scroll","background-type":"","background-media":"","overlay-type":"","overlay-color":"","overlay-opacity":"","overlay-gradient":""},"tablet":{"background-color":"","background-image":"","background-repeat":"repeat","background-position":"center center","background-size":"auto","background-attachment":"scroll","background-type":"","background-media":"","overlay-type":"","overlay-color":"","overlay-opacity":"","overlay-gradient":""},"mobile":{"background-color":"","background-image":"","background-repeat":"repeat","background-position":"center center","background-size":"auto","background-attachment":"scroll","background-type":"","background-media":"","overlay-type":"","overlay-color":"","overlay-opacity":"","overlay-gradient":""}},"ast-content-background-meta":{"desktop":{"background-color":"var(--ast-global-color-5)","background-image":"","background-repeat":"repeat","background-position":"center center","background-size":"auto","background-attachment":"scroll","background-type":"","background-media":"","overlay-type":"","overlay-color":"","overlay-opacity":"","overlay-gradient":""},"tablet":{"background-color":"var(--ast-global-color-5)","background-image":"","background-repeat":"repeat","background-position":"center center","background-size":"auto","background-attachment":"scroll","background-type":"","background-media":"","overlay-type":"","overlay-color":"","overlay-opacity":"","overlay-gradient":""},"mobile":{"background-color":"var(--ast-global-color-5)","background-image":"","background-repeat":"repeat","background-position":"center center","background-size":"auto","background-attachment":"scroll","background-type":"","background-media":"","overlay-type":"","overlay-color":"","overlay-opacity":"","overlay-gradient":""}},"footnotes":""},"class_list":["post-618","page","type-page","status-publish","has-post-thumbnail"],"_links":{"self":[{"href":"https:\/\/www.zumgoldenenschnitt.ch\/it\/wp-json\/wp\/v2\/pages\/618","targetHints":{"allow":["GET"]}}],"collection":[{"href":"https:\/\/www.zumgoldenenschnitt.ch\/it\/wp-json\/wp\/v2\/pages"}],"about":[{"href":"https:\/\/www.zumgoldenenschnitt.ch\/it\/wp-json\/wp\/v2\/types\/page"}],"author":[{"embeddable":true,"href":"https:\/\/www.zumgoldenenschnitt.ch\/it\/wp-json\/wp\/v2\/users\/6"}],"replies":[{"embeddable":true,"href":"https:\/\/www.zumgoldenenschnitt.ch\/it\/wp-json\/wp\/v2\/comments?post=618"}],"version-history":[{"count":14,"href":"https:\/\/www.zumgoldenenschnitt.ch\/it\/wp-json\/wp\/v2\/pages\/618\/revisions"}],"predecessor-version":[{"id":1846,"href":"https:\/\/www.zumgoldenenschnitt.ch\/it\/wp-json\/wp\/v2\/pages\/618\/revisions\/1846"}],"up":[{"embeddable":true,"href":"https:\/\/www.zumgoldenenschnitt.ch\/it\/wp-json\/wp\/v2\/pages\/557"}],"wp:featuredmedia":[{"embeddable":true,"href":"https:\/\/www.zumgoldenenschnitt.ch\/it\/wp-json\/wp\/v2\/media\/1842"}],"wp:attachment":[{"href":"https:\/\/www.zumgoldenenschnitt.ch\/it\/wp-json\/wp\/v2\/media?parent=618"}],"curies":[{"name":"wp","href":"https:\/\/api.w.org\/{rel}","templated":true}]}}