{"id":624,"date":"2023-01-26T16:59:08","date_gmt":"2023-01-26T15:59:08","guid":{"rendered":"https:\/\/www.zumgoldenenschnitt.ch\/?page_id=624"},"modified":"2026-02-26T14:10:15","modified_gmt":"2026-02-26T13:10:15","slug":"oberschenkelstraffung","status":"publish","type":"page","link":"https:\/\/www.zumgoldenenschnitt.ch\/it\/offerta\/corpo\/lifting-delle-cosce\/","title":{"rendered":"Lifting della coscia"},"content":{"rendered":"<p>La pelle cascante e rugosa della parte superiore delle braccia pu\u00f2 essere causata da una diminuzione dell'elasticit\u00e0 della pelle con il processo di invecchiamento o da una forte perdita di peso. Il lifting delle cosce pu\u00f2 aiutare a ripristinare il contorno delle cosce rimuovendo chirurgicamente la pelle in eccesso e il tessuto adiposo dall'interno delle cosce. A seconda dell'entit\u00e0 dei reperti, l'intervento viene combinato con una liposuzione.<\/p>\n\t\t\t\t<img loading=\"lazy\" decoding=\"async\" src=\"https:\/\/www.zumgoldenenschnitt.ch\/wp-content\/uploads\/2023\/01\/25-lifting-delle-cosce-info-it.svg\" alt=\"25 informazioni sul lifting delle cosce\" itemprop=\"image\" height=\"1000\" width=\"1000\" title=\"Sollevatore a 25 cosce\" onerror=\"this.style.display='none'\"  \/>\n\t\t\t\t<img loading=\"lazy\" decoding=\"async\" src=\"https:\/\/www.zumgoldenenschnitt.ch\/wp-content\/uploads\/2023\/01\/oberschenkelstraffung-basel.jpg\" alt=\"lifting delle cosce a Basilea\" itemprop=\"image\" height=\"1000\" width=\"1000\" title=\"lifting delle cosce a Basilea\" onerror=\"this.style.display='none'\"  \/>\n\t<h2>La consultazione<\/h2>\nIn qualit\u00e0 di chirurgo plastico, la dottoressa L\u00fcdi \u00e8 specializzata in interventi di rimodellamento del corpo e sar\u00e0 lieta di consigliarvi personalmente sull'intervento di lifting delle cosce nella sua clinica di Basilea.<br \/>\nNel corso di una prima consultazione dettagliata, il Dr. L\u00fcdi si prender\u00e0 il tempo necessario per rispondere alle vostre preoccupazioni, analizzer\u00e0 insieme a voi i risultati e vi consiglier\u00e0 le opzioni di trattamento. Il Dr. L\u00fcdi vi spiegher\u00e0 anche la tecnica chirurgica e l'incisione esatta con l'aiuto di immagini e disegni e discuter\u00e0 con voi la cura successiva e i possibili rischi e complicazioni. Per noi \u00e8 molto importante che il paziente sia ben informato sulla procedura, che tutte le domande aperte trovino risposta e che si tenga conto dei suoi desideri.\n<h2>Il giorno dell'intervento<\/h2>\n<p>Il giorno dell'intervento, il Dr. L\u00fcdi prepara una documentazione fotografica prima dell'operazione ed esegue i segni esatti sulle cosce. Verrete quindi preparati per l'intervento imminente e accompagnati in sala operatoria.<\/p>\n<h2>L'operazione<\/h2>\n<p>Il lifting delle cosce pu\u00f2 essere eseguito in anestesia generale in regime ambulatoriale nella sala operatoria della nostra clinica a Basilea. A seconda dei risultati iniziali, viene praticata un'incisione verticale (lungo l'interno coscia) o orizzontale (lungo l'inguine). Il tessuto cutaneo-ingrassato in eccesso viene rimosso, il tessuto viene stretto e i bordi della ferita vengono suturati. A seconda dei risultati, pu\u00f2 essere utile una combinazione con la liposuzione, ad esempio per modellare la parte esterna delle cosce (pantaloni da equitazione).<\/p>\n<h2>Subito dopo l'intervento<\/h2>\n<p>Dopo l'intervento, potrete riprendervi nelle nostre bellissime stanze di degenza con vista sul Reno e sarete assistiti dal nostro team. Dopo un'altra visita del Dr. L\u00fcdi, potrete essere prelevati da un accompagnatore e tornare a casa il giorno stesso.<\/p>\n<h2>La cura successiva<\/h2>\n<ul>\n<li>I pantaloni compressivi aderenti devono essere indossati costantemente per le prime 6 settimane.<\/li>\n<li>Si consiglia un periodo di tolleranza di 6 settimane. Durante questo periodo \u00e8 necessario astenersi dallo sport.<\/li>\n<li>A partire da 1 settimana post-operatoria, \u00e8 possibile iniziare il drenaggio linfatico per ridurre il gonfiore.<\/li>\n<li>L'intensit\u00e0 del dolore dopo l'intervento \u00e8 generalmente moderata e ben controllabile con i comuni antidolorifici.<\/li>\n<li>La cura della cicatrice pu\u00f2 essere iniziata a partire da 3 settimane dopo l'intervento.<\/li>\n<\/ul>\n<h2>Rischi e complicazioni<\/h2>\n<p>In linea di principio, ogni intervento comporta alcuni rischi, ma raramente si verificano complicazioni gravi dopo un lifting delle cosce. Nella fase iniziale sono generalmente previsti gonfiore ed ecchimosi, che scompariranno completamente. Oltre ai rischi generali dell'intervento chirurgico (ad esempio ematoma, emorragia secondaria, infezione), possono verificarsi problemi di guarigione della ferita, che per\u00f2 di solito guariscono senza problemi.<\/p>\n<h2>Costi<\/h2>\n<p>I costi di un lifting delle cosce dipendono dai desideri del paziente, dal tipo e dall'entit\u00e0 dell'intervento, dal tipo di anestesia e dai materiali necessari. Durante la consultazione, il Dr. L\u00fcdi elaborer\u00e0 un trattamento su misura per voi e vi fornir\u00e0 un preventivo di spesa individuale.<\/p>\n<h2>Domande frequenti<\/h2>\n\t\t\t\t\t\t\t\t\t\t<h3 tabindex=\"0\">Quando \u00e8 il momento ideale per sottoporsi a un lifting delle cosce?<\/h3>\n\t\t\t\t\t<p>L'ideale sarebbe dimostrare un peso stabile per un periodo di almeno 6 mesi. Se si sta puntando a un'ulteriore perdita di peso o se non si \u00e8 ancora raggiunto il peso ideale dopo un intervento di chirurgia bariatrica, si consiglia di attendere con l'operazione, poich\u00e9 un'ulteriore perdita di peso significativa potrebbe portare a un nuovo cedimento della pelle sulle cosce.<\/p>\n\t\t\t\t\t\t\t\t\t\t<h3 tabindex=\"0\">Il lifting delle cosce \u00e8 doloroso?<\/h3>\n\t\t\t\t\t<p>Un leggero dolore e una sensazione di tensione dopo l'intervento sono normali. Di solito si pu\u00f2 controllare bene con i comuni antidolorifici ed \u00e8 assolutamente sopportabile.<\/p>\n\t\t\t\t\t\t\t\t\t\t<h3 tabindex=\"0\">Per quanto tempo non posso lavorare dopo un lifting delle cosce?<\/h3>\n\t\t\t\t\t<p>A seconda dell'attivit\u00e0 svolta, si deve prevedere un'incapacit\u00e0 lavorativa di 2 settimane.<\/p>\n\t\t\t\t\t\t\t\t\t\t<h3 tabindex=\"0\">Per quanto tempo non posso praticare alcuno sport dopo un lifting della coscia?<\/h3>\n\t\t\t\t\t<p>Dopo il lifting della coscia si consiglia di astenersi dallo sport per sei settimane e di riprendere lentamente l'attivit\u00e0 dopo questa pausa.<\/p>\n\t\t\t\t\t\t\t\t\t\t<h3 tabindex=\"0\">Le cicatrici saranno visibili dopo un lifting delle cosce?<\/h3>\n\t\t\t\t\t<p>S\u00ec, ci sar\u00e0 una bella cicatrice. A seconda della tecnica chirurgica, si pu\u00f2 avere una cicatrice orizzontale nella zona inguinale, una cicatrice verticale nell'interno coscia o una combinazione di entrambe le cicatrici (a forma di T). Tuttavia, le cicatrici sono difficilmente visibili dopo la guarigione.<\/p>\n\t\t\t\t\t\t\t\t\t\t<h3 tabindex=\"0\">Quanto dura il risultato di un lifting delle cosce?<\/h3>\n\t\t\t\t\t<p>Il risultato di un lifting delle cosce \u00e8 normalmente permanente. Naturalmente, oscillazioni di peso molto ampie possono causare un nuovo cedimento della pelle delle cosce, ma di solito non \u00e8 paragonabile ai risultati iniziali.<\/p>\n\t<p>La Dott.ssa Simona L\u00fcdi sar\u00e0 lieta di accogliervi per una consultazione personale per un lifting delle cosce nella nostra clinica di Basilea. Non vediamo l'ora di vedervi.<\/p>\n\t\t\t<a href=\"https:\/\/booking.epat.ch\/goldenschnitt\/booking\" target=\"_blank\" rel=\"noopener\" role=\"button\" aria-label=\"Prenota un appuntamento di consultazione\">\n\t\t\t\t\t\t\tPrenota un appuntamento di consultazione\n\t\t<\/a>","protected":false},"excerpt":{"rendered":"<p>La pelle cascante e rugosa della parte superiore delle braccia pu\u00f2 essere causata da una diminuzione dell'elasticit\u00e0 della pelle dovuta al processo di invecchiamento o a una forte perdita di peso. Il lifting delle cosce pu\u00f2 contribuire a migliorare il contorno delle cosce rimuovendo chirurgicamente la pelle in eccesso e il tessuto adiposo nella parte interna delle cosce. A seconda dell'entit\u00e0 dei risultati, l'intervento viene eseguito con un [...]<\/p>","protected":false},"author":6,"featured_media":0,"parent":557,"menu_order":0,"comment_status":"closed","ping_status":"closed","template":"","meta":{"_seopress_robots_primary_cat":"","_seopress_titles_title":"Oberschenkelstraffung | Klinik Zum Goldenen Schnitt | Basel","_seopress_titles_desc":"Straffe, konturierte Oberschenkel dank Oberschenkelstraffung durch Frau Dr. Simona L\u00fcdi in unserer Klinik f\u00fcr Plastische & \u00c4sthetische Chirurgie in Basel.","_seopress_robots_index":"","inline_featured_image":false,"site-sidebar-layout":"default","site-content-layout":"","ast-site-content-layout":"default","site-content-style":"default","site-sidebar-style":"default","ast-global-header-display":"","ast-banner-title-visibility":"","ast-main-header-display":"","ast-hfb-above-header-display":"","ast-hfb-below-header-display":"","ast-hfb-mobile-header-display":"","site-post-title":"","ast-breadcrumbs-content":"","ast-featured-img":"","footer-sml-layout":"","theme-transparent-header-meta":"","adv-header-id-meta":"","stick-header-meta":"","header-above-stick-meta":"","header-main-stick-meta":"","header-below-stick-meta":"","astra-migrate-meta-layouts":"set","ast-page-background-enabled":"default","ast-page-background-meta":{"desktop":{"background-color":"var(--ast-global-color-4)","background-image":"","background-repeat":"repeat","background-position":"center center","background-size":"auto","background-attachment":"scroll","background-type":"","background-media":"","overlay-type":"","overlay-color":"","overlay-opacity":"","overlay-gradient":""},"tablet":{"background-color":"","background-image":"","background-repeat":"repeat","background-position":"center center","background-size":"auto","background-attachment":"scroll","background-type":"","background-media":"","overlay-type":"","overlay-color":"","overlay-opacity":"","overlay-gradient":""},"mobile":{"background-color":"","background-image":"","background-repeat":"repeat","background-position":"center center","background-size":"auto","background-attachment":"scroll","background-type":"","background-media":"","overlay-type":"","overlay-color":"","overlay-opacity":"","overlay-gradient":""}},"ast-content-background-meta":{"desktop":{"background-color":"var(--ast-global-color-5)","background-image":"","background-repeat":"repeat","background-position":"center center","background-size":"auto","background-attachment":"scroll","background-type":"","background-media":"","overlay-type":"","overlay-color":"","overlay-opacity":"","overlay-gradient":""},"tablet":{"background-color":"var(--ast-global-color-5)","background-image":"","background-repeat":"repeat","background-position":"center center","background-size":"auto","background-attachment":"scroll","background-type":"","background-media":"","overlay-type":"","overlay-color":"","overlay-opacity":"","overlay-gradient":""},"mobile":{"background-color":"var(--ast-global-color-5)","background-image":"","background-repeat":"repeat","background-position":"center center","background-size":"auto","background-attachment":"scroll","background-type":"","background-media":"","overlay-type":"","overlay-color":"","overlay-opacity":"","overlay-gradient":""}},"footnotes":""},"class_list":["post-624","page","type-page","status-publish"],"_links":{"self":[{"href":"https:\/\/www.zumgoldenenschnitt.ch\/it\/wp-json\/wp\/v2\/pages\/624","targetHints":{"allow":["GET"]}}],"collection":[{"href":"https:\/\/www.zumgoldenenschnitt.ch\/it\/wp-json\/wp\/v2\/pages"}],"about":[{"href":"https:\/\/www.zumgoldenenschnitt.ch\/it\/wp-json\/wp\/v2\/types\/page"}],"author":[{"embeddable":true,"href":"https:\/\/www.zumgoldenenschnitt.ch\/it\/wp-json\/wp\/v2\/users\/6"}],"replies":[{"embeddable":true,"href":"https:\/\/www.zumgoldenenschnitt.ch\/it\/wp-json\/wp\/v2\/comments?post=624"}],"version-history":[{"count":6,"href":"https:\/\/www.zumgoldenenschnitt.ch\/it\/wp-json\/wp\/v2\/pages\/624\/revisions"}],"predecessor-version":[{"id":2301,"href":"https:\/\/www.zumgoldenenschnitt.ch\/it\/wp-json\/wp\/v2\/pages\/624\/revisions\/2301"}],"up":[{"embeddable":true,"href":"https:\/\/www.zumgoldenenschnitt.ch\/it\/wp-json\/wp\/v2\/pages\/557"}],"wp:attachment":[{"href":"https:\/\/www.zumgoldenenschnitt.ch\/it\/wp-json\/wp\/v2\/media?parent=624"}],"curies":[{"name":"wp","href":"https:\/\/api.w.org\/{rel}","templated":true}]}}