{"id":628,"date":"2023-01-26T17:00:05","date_gmt":"2023-01-26T16:00:05","guid":{"rendered":"https:\/\/www.zumgoldenenschnitt.ch\/?page_id=628"},"modified":"2026-02-26T14:08:02","modified_gmt":"2026-02-26T13:08:02","slug":"schamlippenverkleinerung-labioplastik","status":"publish","type":"page","link":"https:\/\/www.zumgoldenenschnitt.ch\/it\/offerta\/area-intima\/riduzione-delle-labbra-labioplastica\/","title":{"rendered":"Riduzione delle labbra | Labiaplastica"},"content":{"rendered":"<p>La riduzione delle labbra \u00e8 un argomento molto delicato e personale e spesso molte donne non hanno il coraggio di parlarne o di fissare un appuntamento di consultazione per molto tempo, per cui spesso si portano dietro il problema per molti anni.<\/p>\nLe dimensioni e la forma delle piccole labbra variano da donna a donna. Molte donne trovano antiestetico che le piccole labbra siano ingrossate o flaccide e non coperte dalle grandi labbra. Oltre alla componente estetica e alle limitazioni nell'intimit\u00e0, le grandi labbra possono causare dolore e disagio nella vita quotidiana, durante gli sport come l'equitazione o il ciclismo, o quando si indossano pantaloni stretti.<br \/>\nUna riduzione delle labbra, detta anche labioplastica, pu\u00f2 eliminare il disagio e la sensazione di vergogna che spesso si prova e portare a un significativo miglioramento della qualit\u00e0 della vita.\n<p>In un'atmosfera di fiducia e in un colloquio da donna a donna, la dottoressa L\u00fcdi affronter\u00e0 le vostre preoccupazioni e vi consiglier\u00e0 in dettaglio sul tema della riduzione delle labbra.<\/p>\n\t\t\t\t<img loading=\"lazy\" decoding=\"async\" src=\"https:\/\/www.zumgoldenenschnitt.ch\/wp-content\/uploads\/2023\/01\/27-riduzione-delle-labbra-labioplastica-info-it.svg\" alt=\"27 riduzione delle labbra info labioplastica\" itemprop=\"image\" height=\"1000\" width=\"1000\" title=\"27 riduzione delle labbra info labioplastica\" onerror=\"this.style.display='none'\"  \/>\n\t\t\t\t<img loading=\"lazy\" decoding=\"async\" src=\"https:\/\/www.zumgoldenenschnitt.ch\/wp-content\/uploads\/2023\/01\/schamlippenverkleinerung-labioplastik-basel.jpg\" alt=\"riduzione delle labbra labioplastica basel\" itemprop=\"image\" height=\"1000\" width=\"1000\" title=\"riduzione delle labbra-labioplastica-basilea\" onerror=\"this.style.display='none'\"  \/>\n\t<h2>Consigli per la riduzione delle labbra<\/h2>\n<p>Come chirurgo plastico, il Dr. L\u00fcdi \u00e8 specializzato in chirurgia intima e ha esperienza nel campo della riduzione delle labbra. Nel corso di una prima consultazione dettagliata, in un'atmosfera di calma e fiducia, il Dr. L\u00fcdi si prender\u00e0 il tempo necessario per rispondere alle vostre preoccupazioni, analizzando insieme a voi i risultati e consigliandovi le opzioni di trattamento. Il Dr. L\u00fcdi vi spiegher\u00e0 anche la tecnica chirurgica e l'incisione esatta di una riduzione delle labbra con l'aiuto di immagini e disegni e discuter\u00e0 con voi la cura successiva e i possibili rischi e complicazioni. Per noi \u00e8 molto importante che il paziente sia ben informato sulla procedura, che tutte le domande aperte trovino risposta e che si tenga conto dei suoi desideri.<\/p>\n<h2>Il giorno dell'operazione di labioplastica<\/h2>\n<p>Il nostro team di donne vi accoglier\u00e0 nella nostra clinica in un'atmosfera piacevole, discreta e tranquilla. Circa 20 minuti prima dell'intervento, viene applicata una crema anestetica nella regione delle labbra, in modo che i sottili punti di sutura per l'anestesia locale non siano pi\u00f9 percepiti come dolorosi. Verrete quindi preparate per l'intervento imminente e accompagnate in sala operatoria.<\/p>\n<h2>L'operazione: qual \u00e8 la procedura per la chirurgia delle labbra?<\/h2>\n<p>La chirurgia plastica di riduzione delle labbra (chirurgia delle piccole labbra) viene eseguita nella sala operatoria della nostra clinica a Basilea in regime ambulatoriale e in anestesia locale (su richiesta anche in sonno crepuscolare o in anestesia generale). Dopo una marcatura precisa del tessuto in eccesso, la pelle in eccesso viene rimossa e il tessuto rimanente viene stretto simmetricamente. I bordi della ferita vengono suturati con precisione con suture sottili e autodissolventi, in modo che le cicatrici siano molto sottili e poco visibili dopo la guarigione. In alcuni casi, nello stesso intervento si pu\u00f2 eseguire anche un restringimento del mantello clitorideo per ottenere un risultato estetico.<\/p>\n<h2>Subito dopo l'intervento<\/h2>\n<p>Dopo l'intervento, vi riposerete nella nostra bella stanza di degenza con vista sul Reno e la regione pubica verr\u00e0 rinfrescata. Circa un'ora dopo potrete tornare a casa e, se necessario, essere prelevati da una persona di fiducia.<\/p>\n<h2>Il trattamento successivo alla labioplastica<\/h2>\n<ul>\n<li>I primi 3 o 4 giorni non si devono preoccupare.<\/li>\n<li>Per ridurre il gonfiore, si consiglia di raffreddare regolarmente la regione pubica durante i primi giorni.<\/li>\n<li>La doccia \u00e8 consentita a partire dal primo giorno post-operatorio.<\/li>\n<li>Dopo ogni visita alla toilette \u00e8 necessario applicare uno spray disinfettante sulle labbra.<\/li>\n<li>Non \u00e8 necessario un bendaggio. Si consiglia di mettere un assorbente nella biancheria intima per i primi giorni dopo l'intervento.<\/li>\n<li>I filetti utilizzati sono autodissolventi, per cui non \u00e8 necessario rimuoverli.<\/li>\n<li>Per un processo di guarigione senza problemi, nelle prime 4-6 settimane dopo l'intervento \u00e8 necessario evitare l'attrito nella zona intima, lo sport, i rapporti sessuali, la sauna e i bagni.<\/li>\n<\/ul>\n<h2>Riduzione delle labbra - rischi e complicazioni<\/h2>\n<p>Eventi avversi e complicazioni sono molto rari dopo una riduzione delle labbra. Nei primi giorni dopo l'intervento \u00e8 prevedibile un temporaneo gonfiore della regione pubica. In casi isolati e rari, possono verificarsi emorragie post-operatorie, problemi di guarigione della ferita o un'infezione.<\/p>\n<h2>Il costo di un intervento di riduzione delle labbra<\/h2>\n<p>I costi di una riduzione delle labbra a Basilea dipendono dai vostri desideri, dal tipo e dall'entit\u00e0 dell'intervento e dal tipo di anestesia. Durante la consultazione, il Dr. L\u00fcdi elaborer\u00e0 un trattamento su misura per voi e vi fornir\u00e0 un preventivo di spesa individuale.<\/p>\n<p>Di norma, l'assicurazione sanitaria non copre i costi della riduzione delle labbra, poich\u00e9 la procedura \u00e8 considerata principalmente estetica. In casi rari ed estremi, la compagnia di assicurazione sanitaria pu\u00f2 coprire parte dei costi dell'intervento, previa richiesta di approvazione dei costi.<\/p>\n<h2>Domande frequenti<\/h2>\n\t\t\t\t\t\t\t\t\t\t<h3 tabindex=\"0\">Quando ha senso una riduzione delle labbra?<\/h3>\n\t\t\t\t\t<p>Se le grandi labbra minori sono esteticamente fastidiose o causano disagi come dolore o addirittura piaghe a causa del costante attrito, una labioplastica pu\u00f2 essere utile e portare a un atteggiamento positivo nei confronti della vita e a un miglioramento della qualit\u00e0 della vita.<\/p>\n\t\t\t\t\t\t\t\t\t\t<h3 tabindex=\"0\">Come mi devo preparare per una riduzione delle labbra?<\/h3>\n\t\t\t\t\t<p>Vi chiediamo di rimuovere tutti i peli dalla zona intima prima dell'intervento. Il giorno dell'intervento, indossare abiti comodi e non troppo stretti. Potete portare con voi la vostra musica preferita e ascoltarla durante la procedura.<\/p>\n\t\t\t\t\t\t\t\t\t\t<h3 tabindex=\"0\">La riduzione delle labbra \u00e8 dolorosa?<\/h3>\n\t\t\t\t\t<p>Il dolore che si manifesta dopo un intervento di questo tipo \u00e8 ben tollerabile e pu\u00f2 essere controllato con i comuni antidolorifici. Riceverete da noi una prescrizione appropriata.<\/p>\n\t\t\t\t\t\t\t\t\t\t<h3 tabindex=\"0\">I punti di sutura vengono utilizzati per la riduzione delle labbra e devono essere rimossi?<\/h3>\n\t\t\t\t\t<p>I filetti utilizzati sono autodissolventi, per cui non \u00e8 necessario rimuoverli.<\/p>\n\t\t\t\t\t\t\t\t\t\t<h3 tabindex=\"0\">Le cicatrici saranno visibili dopo una riduzione delle labbra?<\/h3>\n\t\t\t\t\t<p>Durante la riduzione delle labbra, l'incisione viene effettuata in modo che normalmente non siano pi\u00f9 visibili dopo la guarigione.<\/p>\n\t\t\t\t\t\t\t\t\t\t<h3 tabindex=\"0\">Quando si effettuano gli esami di controllo dopo una labioplastica?<\/h3>\n\t\t\t\t\t<p>La prima visita di controllo si svolge solitamente da 7 a 10 giorni dopo l'intervento. Ulteriori controlli vengono effettuati 6 settimane e 3 mesi dopo l'intervento. A questo punto il trattamento pu\u00f2 essere completato.<\/p>\n\t\t\t\t\t\t\t\t\t\t<h3 tabindex=\"0\">Qual \u00e8 il processo di guarigione dopo una riduzione delle labbra?<\/h3>\n\t\t\t\t\t<p>Dopo la riduzione delle labbra, il processo di guarigione \u00e8 in genere relativamente rapido. Per le prime 1 o 2 settimane \u00e8 prevedibile un gonfiore delle labbra, che si ridurr\u00e0 gradualmente. Dopo 10-14 giorni le ferite sono guarite dopo una riduzione delle labbra. I punti utilizzati sono autodissolventi e non devono essere rimossi.<\/p>\n\t\t\t\t\t\t\t\t\t\t<h3 tabindex=\"0\">Per quanto tempo non posso lavorare dopo una riduzione delle labbra?<\/h3>\n\t\t\t\t\t<p>Per un processo di guarigione ottimale, si consiglia il riposo fisico per 3 o 4 giorni. In seguito, \u00e8 possibile riprendere il lavoro (a seconda dello sforzo fisico).<\/p>\n\t\t\t\t\t\t\t\t\t\t<h3 tabindex=\"0\">Quando posso riprendere a fare sport dopo una riduzione delle labbra?<\/h3>\n\t\t\t\t\t<p>Per un processo di guarigione senza problemi, \u00e8 necessario osservare un riposo fisico per le prime 4-6 settimane dopo l'intervento ed evitare quindi lo sport e lo sfregamento nella zona intima.<\/p>\n<p>Dopo 4 settimane si pu\u00f2 ricominciare lentamente a fare sport. Sport come ciclismo, equitazione e nuoto devono essere ripresi solo dopo 6 settimane.<\/p>\n\t\t\t\t\t\t\t\t\t\t<h3 tabindex=\"0\">Quando \u00e8 possibile riprendere i rapporti sessuali dopo una riduzione delle labbra?<\/h3>\n\t\t\t\t\t<p>Per una guarigione stabile e senza problemi delle cicatrici, si consiglia di astenersi dai rapporti sessuali per 6 settimane dopo l'intervento. In seguito, le cicatrici sono sufficientemente guarite in modo da non avere pi\u00f9 restrizioni.<\/p>\n\t\t\t\t\t\t\t\t\t\t<h3 tabindex=\"0\">La riduzione delle labbra influisce sulla mia sensazione sessuale?<\/h3>\n\t\t\t\t\t<p>No, l'incisione viene effettuata in modo tale che le zone erogene rimangano intatte. Dopo la completa guarigione, cio\u00e8 dopo circa 4 mesi, di solito tutto torna normale.<\/p>\n\t\t\t\t\t\t\t\t\t\t<h3 tabindex=\"0\">Sar\u00e0 visibile il fatto che ho subito una riduzione delle labbra?<\/h3>\n\t\t\t\t\t<p>Dopo 6 settimane, le ferite sono guarite cos\u00ec bene che la correzione chirurgica non \u00e8 immediatamente visibile. Al termine della guarigione, le cicatrici sono cos\u00ec sottili e praticamente invisibili che bisogna cercarle per riconoscerle.<\/p>\n\t\t\t\t\t\t\t\t\t\t<h3 tabindex=\"0\">I costi di una riduzione delle labbra sono coperti dall'assicurazione sanitaria?<\/h3>\n\t\t\t\t\t<p>Di norma, la maggior parte delle compagnie di assicurazione sanitaria non copre i costi di una riduzione delle labbra, poich\u00e9 la procedura \u00e8 considerata principalmente estetica. In casi rari ed estremi, la compagnia di assicurazione sanitaria pu\u00f2 coprire parte dei costi dell'intervento, previa richiesta di approvazione dei costi.<\/p>\n\t\t\t\t\t\t\t\t\t\t<h3 tabindex=\"0\">Quanto costa la riduzione delle labbra?<\/h3>\n\t\t\t\t\t<p>Il prezzo della riduzione delle labbra dipende dai desideri individuali, dallo sforzo e dal tipo di anestesia. Vi forniremo un preventivo personalizzato durante una prima consultazione.<\/p>\n\t<p>Leggi anche il nostro articolo sul Journal <a href=\"https:\/\/www.zumgoldenenschnitt.ch\/it\/chirurgia-intima-da-donna-a-donna\/\">\"Chirurgia intima da donna a donna\"<\/a>.<\/p>\n<p>La dottoressa Simona L\u00fcdi sar\u00e0 lieta di accogliervi per un consulto personale per la riduzione delle labbra presso la nostra clinica di Basilea. Non vediamo l'ora di vedervi.<\/p>\n\t\t\t<a href=\"https:\/\/booking.epat.ch\/goldenschnitt\/booking\" target=\"_blank\" rel=\"noopener\" role=\"button\" aria-label=\"Prenota un appuntamento di consultazione\">\n\t\t\t\t\t\t\tPrenota un appuntamento di consultazione\n\t\t<\/a>","protected":false},"excerpt":{"rendered":"<p>La riduzione delle labbra \u00e8 un argomento molto delicato e personale e spesso molte donne hanno paura di parlarne a lungo o di fissare un appuntamento per un consulto, motivo per cui spesso si portano dietro il problema per molti anni. Le dimensioni e la forma delle piccole labbra variano da donna a donna. Molte donne trovano [...]<\/p>","protected":false},"author":6,"featured_media":0,"parent":559,"menu_order":0,"comment_status":"closed","ping_status":"closed","template":"","meta":{"_seopress_robots_primary_cat":"","_seopress_titles_title":"Schamlippenverkleinerung (Labioplastik) | Dr. Simona L\u00fcdi | Basel","_seopress_titles_desc":"Schamlippen verkleinern - von Frau zu Frau in Basel - Frau Dr. Simona L\u00fcdi, Fach\u00e4rztin f\u00fcr Plastische & \u00c4sthetische Chirurgie ber\u00e4t Sie gerne in unserer Klinik.","_seopress_robots_index":"","inline_featured_image":false,"site-sidebar-layout":"default","site-content-layout":"","ast-site-content-layout":"default","site-content-style":"default","site-sidebar-style":"default","ast-global-header-display":"","ast-banner-title-visibility":"","ast-main-header-display":"","ast-hfb-above-header-display":"","ast-hfb-below-header-display":"","ast-hfb-mobile-header-display":"","site-post-title":"","ast-breadcrumbs-content":"","ast-featured-img":"","footer-sml-layout":"","theme-transparent-header-meta":"","adv-header-id-meta":"","stick-header-meta":"","header-above-stick-meta":"","header-main-stick-meta":"","header-below-stick-meta":"","astra-migrate-meta-layouts":"set","ast-page-background-enabled":"default","ast-page-background-meta":{"desktop":{"background-color":"var(--ast-global-color-4)","background-image":"","background-repeat":"repeat","background-position":"center center","background-size":"auto","background-attachment":"scroll","background-type":"","background-media":"","overlay-type":"","overlay-color":"","overlay-opacity":"","overlay-gradient":""},"tablet":{"background-color":"","background-image":"","background-repeat":"repeat","background-position":"center center","background-size":"auto","background-attachment":"scroll","background-type":"","background-media":"","overlay-type":"","overlay-color":"","overlay-opacity":"","overlay-gradient":""},"mobile":{"background-color":"","background-image":"","background-repeat":"repeat","background-position":"center center","background-size":"auto","background-attachment":"scroll","background-type":"","background-media":"","overlay-type":"","overlay-color":"","overlay-opacity":"","overlay-gradient":""}},"ast-content-background-meta":{"desktop":{"background-color":"var(--ast-global-color-5)","background-image":"","background-repeat":"repeat","background-position":"center center","background-size":"auto","background-attachment":"scroll","background-type":"","background-media":"","overlay-type":"","overlay-color":"","overlay-opacity":"","overlay-gradient":""},"tablet":{"background-color":"var(--ast-global-color-5)","background-image":"","background-repeat":"repeat","background-position":"center center","background-size":"auto","background-attachment":"scroll","background-type":"","background-media":"","overlay-type":"","overlay-color":"","overlay-opacity":"","overlay-gradient":""},"mobile":{"background-color":"var(--ast-global-color-5)","background-image":"","background-repeat":"repeat","background-position":"center center","background-size":"auto","background-attachment":"scroll","background-type":"","background-media":"","overlay-type":"","overlay-color":"","overlay-opacity":"","overlay-gradient":""}},"footnotes":""},"class_list":["post-628","page","type-page","status-publish"],"_links":{"self":[{"href":"https:\/\/www.zumgoldenenschnitt.ch\/it\/wp-json\/wp\/v2\/pages\/628","targetHints":{"allow":["GET"]}}],"collection":[{"href":"https:\/\/www.zumgoldenenschnitt.ch\/it\/wp-json\/wp\/v2\/pages"}],"about":[{"href":"https:\/\/www.zumgoldenenschnitt.ch\/it\/wp-json\/wp\/v2\/types\/page"}],"author":[{"embeddable":true,"href":"https:\/\/www.zumgoldenenschnitt.ch\/it\/wp-json\/wp\/v2\/users\/6"}],"replies":[{"embeddable":true,"href":"https:\/\/www.zumgoldenenschnitt.ch\/it\/wp-json\/wp\/v2\/comments?post=628"}],"version-history":[{"count":9,"href":"https:\/\/www.zumgoldenenschnitt.ch\/it\/wp-json\/wp\/v2\/pages\/628\/revisions"}],"predecessor-version":[{"id":2302,"href":"https:\/\/www.zumgoldenenschnitt.ch\/it\/wp-json\/wp\/v2\/pages\/628\/revisions\/2302"}],"up":[{"embeddable":true,"href":"https:\/\/www.zumgoldenenschnitt.ch\/it\/wp-json\/wp\/v2\/pages\/559"}],"wp:attachment":[{"href":"https:\/\/www.zumgoldenenschnitt.ch\/it\/wp-json\/wp\/v2\/media?parent=628"}],"curies":[{"name":"wp","href":"https:\/\/api.w.org\/{rel}","templated":true}]}}