{"id":632,"date":"2023-01-26T17:01:18","date_gmt":"2023-01-26T16:01:18","guid":{"rendered":"https:\/\/www.zumgoldenenschnitt.ch\/?page_id=632"},"modified":"2026-02-26T14:07:53","modified_gmt":"2026-02-26T13:07:53","slug":"prp-eigenbluttherapie-gegen-haarausfall","status":"publish","type":"page","link":"https:\/\/www.zumgoldenenschnitt.ch\/it\/offerta\/capelli\/prp-terapia-del-sangue-contro-la-perdita-di-capelli\/","title":{"rendered":"PRP | terapia con sangue autologo contro la caduta dei capelli"},"content":{"rendered":"<p>I capelli si assottigliano e perdono densit\u00e0 con l'et\u00e0, ma anche alcuni cambiamenti ormonali o malattie possono portare al diradamento dei capelli. Grazie alla terapia PRP, un'iniezione di plasma di sangue autologo nel cuoio capelluto, i capelli possono essere efficacemente rafforzati, infoltiti e la loro caduta ridotta. Il trattamento PRP viene spesso eseguito anche dopo un trapianto di capelli per rafforzarne la crescita.<\/p>\n\t\t\t\t<img loading=\"lazy\" decoding=\"async\" src=\"https:\/\/www.zumgoldenenschnitt.ch\/wp-content\/uploads\/2023\/01\/29-trattamento-prp-contro-la-perdita-di-capelli-info-it.svg\" alt=\"29 info sull&#039;autoemoterapia prp per la caduta dei capelli\" itemprop=\"image\" title=\"29-prp_sangue-sangue-terapia-contro-la-perdita-di-capelli-infos\" onerror=\"this.style.display='none'\" width=\"1000\" height=\"1000\">\n\t\t\t\t<img loading=\"lazy\" decoding=\"async\" src=\"https:\/\/www.zumgoldenenschnitt.ch\/wp-content\/uploads\/2023\/01\/prp-eigenbluttherapie-gegen-haarausfall-basel.jpg\" alt=\"autoemoterapia prp per la caduta dei capelli a basel\" itemprop=\"image\" title=\"prp-sangue-terapia contro la perdita di capelli-baselica\" onerror=\"this.style.display='none'\" width=\"1000\" height=\"1000\">\n\t<h2>Procedura di terapia con sangue autologo contro la caduta dei capelli<\/h2>\n<p>Durante il trattamento PRP, viene prelevata una piccola quantit\u00e0 di sangue. Questo viene poi centrifugato, separando il plasma ricco di piastrine dal resto del sangue. Il plasma ricco di piastrine (PRP) contiene molti fattori di crescita che stimolano i processi di rigenerazione dell'organismo e la crescita dei capelli. Il PRP viene iniettato nel cuoio capelluto con aghi molto sottili in vari punti per riattivare la crescita dei capelli. Subito dopo il trattamento, \u00e8 possibile tornare alla normale routine quotidiana.<\/p>\n<h2>Domande frequenti<\/h2>\n\t\t\t\t\t\t\t\t\t\t<h3 tabindex=\"0\">Quali risultati ci si pu\u00f2 aspettare dopo una terapia con sangue autologo contro la caduta dei capelli?<\/h3>\n\t\t\t\t\t<p>L'iniezione di PRP rafforza la crescita dei capelli e pu\u00f2 anche riattivare le radici inattive. Si pu\u00f2 prevedere un aumento della crescita dei capelli entro tre-sei mesi.<\/p>\n\t\t\t\t\t\t\t\t\t\t<h3 tabindex=\"0\">Quando \u00e8 visibile il primo risultato dopo un trattamento con PRP?<\/h3>\n\t\t\t\t\t<p>Due o tre mesi dopo un trattamento con PRP, \u00e8 chiaramente visibile che i capelli cadono meno rapidamente, la perdita di capelli \u00e8 ridotta e i capelli appaiono pi\u00f9 forti e pieni.<\/p>\n\t\t\t\t\t\t\t\t\t\t<h3 tabindex=\"0\">Il trattamento PRP \u00e8 utile dopo un trapianto di capelli?<\/h3>\n\t\t\t\t\t<p>S\u00ec, dopo un trapianto di capelli, il trattamento con PRP pu\u00f2 essere utilizzato come efficace \"booster\" complementare per promuovere la crescita dei capelli. Il trattamento con PRP fa s\u00ec che le radici dei capelli trapiantati sopravvivano meglio e guariscano pi\u00f9 rapidamente.<\/p>\n\t\t\t\t\t\t\t\t\t\t<h3 tabindex=\"0\">Quanti trattamenti PRP sono necessari per ottenere un buon risultato?<\/h3>\n\t\t\t\t\t<p>A seconda della situazione iniziale, si consigliano da 3 a 5 trattamenti iniziali a intervalli di 4-6 settimane. Per un risultato duraturo, \u00e8 consigliabile un trattamento di richiamo ogni 6-12 mesi.<\/p>\n\t\t\t\t\t\t\t\t\t\t<h3 tabindex=\"0\">Ci sono effetti collaterali del trattamento PRP per la perdita dei capelli?<\/h3>\n\t\t\t\t\t<p>Trattandosi di un metodo di trattamento assolutamente naturale che utilizza il plasma sanguigno dell'organismo, il trattamento \u00e8 estremamente ben tollerato e delicato. Reazioni allergiche e intolleranze sono quindi quasi impossibili. Gli effetti collaterali, come lievi arrossamenti, gonfiori o lividi nell'area di trattamento, si verificano solo molto raramente e guariscono da soli nel giro di pochi giorni.<\/p>\n\t<p>La Dr. med. Simona L\u00fcdi sar\u00e0 lieta di accogliervi per un consulto personale per una terapia con sangue autologo contro la caduta dei capelli nella nostra clinica di Basilea. Non vediamo l'ora di vedervi.<\/p>\n\t\t\t<a href=\"https:\/\/booking.epat.ch\/goldenschnitt\/booking\" target=\"_blank\" rel=\"noopener\" role=\"button\" aria-label=\"Prenota un appuntamento di consultazione\">\n\t\t\t\t\t\t\tPrenota un appuntamento di consultazione\n\t\t<\/a>","protected":false},"excerpt":{"rendered":"<p>I capelli si assottigliano e perdono densit\u00e0 con l'et\u00e0, ma anche alcuni cambiamenti ormonali o malattie possono portare al diradamento dei capelli. La terapia PRP, un'iniezione di plasma sanguigno autologo nel cuoio capelluto, pu\u00f2 efficacemente rafforzare e ispessire i capelli e ridurne la caduta. Il trattamento PRP viene spesso effettuato anche dopo un trapianto di capelli per stimolarne la crescita [...].<\/p>","protected":false},"author":6,"featured_media":0,"parent":563,"menu_order":0,"comment_status":"closed","ping_status":"closed","template":"","meta":{"_seopress_robots_primary_cat":"","_seopress_titles_title":"PRP \/ Eigebluttherapie gegen Haarausfall | Dr. Simona L\u00fcdi | Basel","_seopress_titles_desc":"Kr\u00e4ftigen Sie Ihr Haar und stoppen Sie den Haarausfall mittels PRP Behandlung \/ Eigenbluttherapie! \r\nFrau Dr. Simona L\u00fcdi ber\u00e4t Sie gerne in unserer Klinik in Basel.","_seopress_robots_index":"","inline_featured_image":false,"site-sidebar-layout":"default","site-content-layout":"","ast-site-content-layout":"default","site-content-style":"default","site-sidebar-style":"default","ast-global-header-display":"","ast-banner-title-visibility":"","ast-main-header-display":"","ast-hfb-above-header-display":"","ast-hfb-below-header-display":"","ast-hfb-mobile-header-display":"","site-post-title":"","ast-breadcrumbs-content":"","ast-featured-img":"","footer-sml-layout":"","theme-transparent-header-meta":"","adv-header-id-meta":"","stick-header-meta":"","header-above-stick-meta":"","header-main-stick-meta":"","header-below-stick-meta":"","astra-migrate-meta-layouts":"set","ast-page-background-enabled":"default","ast-page-background-meta":{"desktop":{"background-color":"var(--ast-global-color-4)","background-image":"","background-repeat":"repeat","background-position":"center center","background-size":"auto","background-attachment":"scroll","background-type":"","background-media":"","overlay-type":"","overlay-color":"","overlay-opacity":"","overlay-gradient":""},"tablet":{"background-color":"","background-image":"","background-repeat":"repeat","background-position":"center center","background-size":"auto","background-attachment":"scroll","background-type":"","background-media":"","overlay-type":"","overlay-color":"","overlay-opacity":"","overlay-gradient":""},"mobile":{"background-color":"","background-image":"","background-repeat":"repeat","background-position":"center center","background-size":"auto","background-attachment":"scroll","background-type":"","background-media":"","overlay-type":"","overlay-color":"","overlay-opacity":"","overlay-gradient":""}},"ast-content-background-meta":{"desktop":{"background-color":"var(--ast-global-color-5)","background-image":"","background-repeat":"repeat","background-position":"center center","background-size":"auto","background-attachment":"scroll","background-type":"","background-media":"","overlay-type":"","overlay-color":"","overlay-opacity":"","overlay-gradient":""},"tablet":{"background-color":"var(--ast-global-color-5)","background-image":"","background-repeat":"repeat","background-position":"center center","background-size":"auto","background-attachment":"scroll","background-type":"","background-media":"","overlay-type":"","overlay-color":"","overlay-opacity":"","overlay-gradient":""},"mobile":{"background-color":"var(--ast-global-color-5)","background-image":"","background-repeat":"repeat","background-position":"center center","background-size":"auto","background-attachment":"scroll","background-type":"","background-media":"","overlay-type":"","overlay-color":"","overlay-opacity":"","overlay-gradient":""}},"footnotes":""},"class_list":["post-632","page","type-page","status-publish"],"_links":{"self":[{"href":"https:\/\/www.zumgoldenenschnitt.ch\/it\/wp-json\/wp\/v2\/pages\/632","targetHints":{"allow":["GET"]}}],"collection":[{"href":"https:\/\/www.zumgoldenenschnitt.ch\/it\/wp-json\/wp\/v2\/pages"}],"about":[{"href":"https:\/\/www.zumgoldenenschnitt.ch\/it\/wp-json\/wp\/v2\/types\/page"}],"author":[{"embeddable":true,"href":"https:\/\/www.zumgoldenenschnitt.ch\/it\/wp-json\/wp\/v2\/users\/6"}],"replies":[{"embeddable":true,"href":"https:\/\/www.zumgoldenenschnitt.ch\/it\/wp-json\/wp\/v2\/comments?post=632"}],"version-history":[{"count":5,"href":"https:\/\/www.zumgoldenenschnitt.ch\/it\/wp-json\/wp\/v2\/pages\/632\/revisions"}],"predecessor-version":[{"id":2305,"href":"https:\/\/www.zumgoldenenschnitt.ch\/it\/wp-json\/wp\/v2\/pages\/632\/revisions\/2305"}],"up":[{"embeddable":true,"href":"https:\/\/www.zumgoldenenschnitt.ch\/it\/wp-json\/wp\/v2\/pages\/563"}],"wp:attachment":[{"href":"https:\/\/www.zumgoldenenschnitt.ch\/it\/wp-json\/wp\/v2\/media?parent=632"}],"curies":[{"name":"wp","href":"https:\/\/api.w.org\/{rel}","templated":true}]}}