{"id":858,"date":"2023-02-06T14:57:38","date_gmt":"2023-02-06T13:57:38","guid":{"rendered":"https:\/\/www.zumgoldenenschnitt.ch\/?page_id=858"},"modified":"2025-11-27T15:11:28","modified_gmt":"2025-11-27T14:11:28","slug":"impressum","status":"publish","type":"page","link":"https:\/\/www.zumgoldenenschnitt.ch\/it\/impronta\/","title":{"rendered":"Impronta"},"content":{"rendered":"<h3>Indirizzo di contatto<\/h3>\n<p><strong>ALLA SEZIONE AUREA\u00a0<\/strong><\/p>\nClinica Zum Goldenen Schnitt AG<br \/>\nSt. Johanns-Vorstadt 70<br \/>\n4056 Basilea\n<a href=\"tel: 41613868080\">+41 61 386 80 80<\/a><br \/>\n<a href=\"mailto:klinik@zumgoldenenschnitt.ch\">klinik@zumgoldenenschnitt.ch<\/a>\n<h3>Design<\/h3>\n<p>Arch. Philippe Laurent L\u00fcdi &amp; Dr med. Simona L\u00fcdi<\/p>\n<h3>Marketing online<\/h3>\n<p>&nbsp;<\/p>\n<h3>Copyright<\/h3>\n<p>Il copyright di tutti i contenuti di questo sito web \u00e8 di propriet\u00e0 della Klinik Zum Goldenen Schnitt AG.<\/p>\n<h3>Dichiarazione di non responsabilit\u00e0<\/h3>\n<p>Tutti i testi e i link sono stati accuratamente controllati e vengono continuamente aggiornati. Ci sforziamo di fornire informazioni accurate e complete su questo sito web, ma non forniamo alcuna dichiarazione, garanzia o assicurazione che le informazioni fornite attraverso questo sito web, comprese le voci del database, siano accurate, complete o aggiornate. Ci riserviamo il diritto di modificare le informazioni contenute in questo sito web in qualsiasi momento senza preavviso e non ci impegniamo ad aggiornare le informazioni qui contenute. Tutti i link a fornitori esterni sono stati controllati per verificarne l'accuratezza al momento dell'inserimento. Tuttavia, non siamo responsabili per il contenuto e la disponibilit\u00e0 dei siti web raggiungibili tramite collegamenti ipertestuali. Il fornitore del sito collegato \u00e8 l'unico responsabile per i contenuti illegali, errati o incompleti e in particolare per i danni causati dall'uso non controllato dei contenuti dei siti collegati. \u00c8 irrilevante che il danno sia di natura diretta, indiretta o finanziaria o qualsiasi altro danno che potrebbe derivare dalla perdita di dati, dalla perdita di utilizzo o da altri motivi di qualsiasi tipo.<\/p>","protected":false},"excerpt":{"rendered":"<p>Indirizzo di contatto ZUM GOLDENEN SCHNITT Klinik Zum Goldenen Schnitt AG St. Johanns-Vorstadt 70 4056 Basel +41 61 386 80 80 klinik@zumgoldenenschnitt.ch Design Arch. Philippe Laurent L\u00fcdi &amp; Dr Simona L\u00fcdi Online Marketing Copyright Il copyright di tutti i contenuti di questo sito web \u00e8 di Klinik Zum Goldenen Schnitt AG. Disclaimer Tutti i testi e i link sono stati [...]<\/p>","protected":false},"author":6,"featured_media":0,"parent":0,"menu_order":0,"comment_status":"closed","ping_status":"closed","template":"","meta":{"_seopress_robots_primary_cat":"","_seopress_titles_title":"","_seopress_titles_desc":"","_seopress_robots_index":"","inline_featured_image":false,"site-sidebar-layout":"default","site-content-layout":"","ast-site-content-layout":"default","site-content-style":"default","site-sidebar-style":"default","ast-global-header-display":"","ast-banner-title-visibility":"","ast-main-header-display":"","ast-hfb-above-header-display":"","ast-hfb-below-header-display":"","ast-hfb-mobile-header-display":"","site-post-title":"","ast-breadcrumbs-content":"","ast-featured-img":"","footer-sml-layout":"","theme-transparent-header-meta":"","adv-header-id-meta":"","stick-header-meta":"","header-above-stick-meta":"","header-main-stick-meta":"","header-below-stick-meta":"","astra-migrate-meta-layouts":"set","ast-page-background-enabled":"default","ast-page-background-meta":{"desktop":{"background-color":"var(--ast-global-color-4)","background-image":"","background-repeat":"repeat","background-position":"center center","background-size":"auto","background-attachment":"scroll","background-type":"","background-media":"","overlay-type":"","overlay-color":"","overlay-opacity":"","overlay-gradient":""},"tablet":{"background-color":"","background-image":"","background-repeat":"repeat","background-position":"center center","background-size":"auto","background-attachment":"scroll","background-type":"","background-media":"","overlay-type":"","overlay-color":"","overlay-opacity":"","overlay-gradient":""},"mobile":{"background-color":"","background-image":"","background-repeat":"repeat","background-position":"center center","background-size":"auto","background-attachment":"scroll","background-type":"","background-media":"","overlay-type":"","overlay-color":"","overlay-opacity":"","overlay-gradient":""}},"ast-content-background-meta":{"desktop":{"background-color":"var(--ast-global-color-5)","background-image":"","background-repeat":"repeat","background-position":"center center","background-size":"auto","background-attachment":"scroll","background-type":"","background-media":"","overlay-type":"","overlay-color":"","overlay-opacity":"","overlay-gradient":""},"tablet":{"background-color":"var(--ast-global-color-5)","background-image":"","background-repeat":"repeat","background-position":"center center","background-size":"auto","background-attachment":"scroll","background-type":"","background-media":"","overlay-type":"","overlay-color":"","overlay-opacity":"","overlay-gradient":""},"mobile":{"background-color":"var(--ast-global-color-5)","background-image":"","background-repeat":"repeat","background-position":"center center","background-size":"auto","background-attachment":"scroll","background-type":"","background-media":"","overlay-type":"","overlay-color":"","overlay-opacity":"","overlay-gradient":""}},"footnotes":""},"class_list":["post-858","page","type-page","status-publish"],"_links":{"self":[{"href":"https:\/\/www.zumgoldenenschnitt.ch\/it\/wp-json\/wp\/v2\/pages\/858","targetHints":{"allow":["GET"]}}],"collection":[{"href":"https:\/\/www.zumgoldenenschnitt.ch\/it\/wp-json\/wp\/v2\/pages"}],"about":[{"href":"https:\/\/www.zumgoldenenschnitt.ch\/it\/wp-json\/wp\/v2\/types\/page"}],"author":[{"embeddable":true,"href":"https:\/\/www.zumgoldenenschnitt.ch\/it\/wp-json\/wp\/v2\/users\/6"}],"replies":[{"embeddable":true,"href":"https:\/\/www.zumgoldenenschnitt.ch\/it\/wp-json\/wp\/v2\/comments?post=858"}],"version-history":[{"count":15,"href":"https:\/\/www.zumgoldenenschnitt.ch\/it\/wp-json\/wp\/v2\/pages\/858\/revisions"}],"predecessor-version":[{"id":2260,"href":"https:\/\/www.zumgoldenenschnitt.ch\/it\/wp-json\/wp\/v2\/pages\/858\/revisions\/2260"}],"wp:attachment":[{"href":"https:\/\/www.zumgoldenenschnitt.ch\/it\/wp-json\/wp\/v2\/media?parent=858"}],"curies":[{"name":"wp","href":"https:\/\/api.w.org\/{rel}","templated":true}]}}